{"id":895,"date":"2016-02-21T21:01:17","date_gmt":"2016-02-22T00:01:17","guid":{"rendered":"https:\/\/blogs.unc.edu.ar\/tallertotal\/?page_id=895"},"modified":"2016-02-28T13:17:07","modified_gmt":"2016-02-28T16:17:07","slug":"mesa-06-11","status":"publish","type":"page","link":"https:\/\/blogs.unc.edu.ar\/tallertotal\/mesa-06-11\/","title":{"rendered":"MESAS 06 \/ 11"},"content":{"rendered":"<p>\n\t<span style=\"font-size:14px\"><span style=\"font-family: lucida sans unicode,lucida grande,sans-serif\"><a href=\"https:\/\/blogs.unc.edu.ar\/tallertotal\/files\/Mesa-06_24-Ponencia-C\u00e1tedra-e-IVS-FAUD-UM-al-1er-Encuentro-Internacional-La-Formaci\u00f2n-Universitaria.pdf\" rel=\"\"><span style=\"color:#FFD700\">Mesa 06_24 Ponencia C&aacute;tedra e IVS FAUD-UM<\/span><\/a><\/span><\/span>\n<\/p>\n<p>\n\t<span style=\"font-size:14px\"><span style=\"font-family: lucida sans unicode,lucida grande,sans-serif\"><a href=\"https:\/\/blogs.unc.edu.ar\/tallertotal\/files\/Mesa-07_14-UN-CAMINO-DE-PARTICIPACI\u00d3N-E-INTEGRACI\u00d3N.pdf\" rel=\"\"><span style=\"color:#FFD700\">Mesa 07_14 UN CAMINO DE PARTICIPACI&Oacute;N E INTEGRACI&Oacute;N<\/span><\/a><\/span><\/span>\n<\/p>\n<p>\n\t<span style=\"font-size:14px\"><span style=\"font-family: lucida sans unicode,lucida grande,sans-serif\"><a href=\"https:\/\/blogs.unc.edu.ar\/tallertotal\/files\/Mesa-07_17-Debora-Sanches-_ArquiNi\u00f1os.pdf\" rel=\"\"><span style=\"color:#FFD700\">Mesa 07_17 Debora Sanches _ArquiNi&ntilde;os<\/span><\/a><\/span><\/span>\n<\/p>\n<p>\n\t<span style=\"font-size:14px\"><span style=\"font-family: lucida sans unicode,lucida grande,sans-serif\"><a href=\"https:\/\/blogs.unc.edu.ar\/tallertotal\/files\/Mesa-07_22-Nidia_La-Crisis-de-Agua-_castellano-e-portugues-__2_10-2015.pdf\" rel=\"\"><span style=\"color:#FFD700\">Mesa 07_22 Nidia_La Crisis de Agua _castellano e portugues<\/span><\/a><\/span><\/span>\n<\/p>\n<p>\n\t<span style=\"font-size:14px\"><span style=\"font-family: lucida sans unicode,lucida grande,sans-serif\"><a href=\"https:\/\/blogs.unc.edu.ar\/tallertotal\/files\/Mesa-08_04-Beatriz-Pedro-TLPS-barrio-14-de-noviembre-A.pdf\" rel=\"\"><span style=\"color:#FFD700\">Mesa 08_04 Beatriz Pedro &#8211; TLPS barrio 14 de noviembre A<\/span><\/a><\/span><\/span>\n<\/p>\n<p>\n\t<span style=\"font-size:14px\"><span style=\"font-family: lucida sans unicode,lucida grande,sans-serif\"><a href=\"https:\/\/blogs.unc.edu.ar\/tallertotal\/files\/Mesa-08_19-La-Plaza-desde-la-mirada-de-lo-nino-espanhol-12.pdf\" rel=\"\"><span style=\"color:#FFD700\">Mesa 08_19 La Plaza desde la mirada de lo nino<\/span><\/a><\/span><\/span>\n<\/p>\n<p>\n\t<span style=\"font-size:14px\"><span style=\"font-family: lucida sans unicode,lucida grande,sans-serif\"><a href=\"https:\/\/blogs.unc.edu.ar\/tallertotal\/files\/Mesa-08_45-Cec\u00edlia-Maria-de-Morais-Machado-Angileli-RESUMO-_-UNILA-ESCOLA-POPULAR.pdf\" rel=\"\"><span style=\"color:#FFD700\">Mesa 08_45 Cec&iacute;lia Maria de Morais Machado Angileli &#8211; RESUMO _ UNILA &#8211; ESCOLA POPULAR<\/span><\/a><\/span><\/span>\n<\/p>\n<p>\n\t<span style=\"font-size:14px\"><span style=\"font-family: lucida sans unicode,lucida grande,sans-serif\"><a href=\"https:\/\/blogs.unc.edu.ar\/tallertotal\/files\/Mesa-09_15-La-Ciudad-la-Escuela-y-la-Arquitectura.pdf\" rel=\"\"><span style=\"color:#FFD700\">Mesa 09_15 La Ciudad, la Escuela y la Arquitectura<\/span><\/a><\/span><\/span>\n<\/p>\n<p>\n\t<span style=\"font-size:14px\"><span style=\"font-family: lucida sans unicode,lucida grande,sans-serif\"><a href=\"https:\/\/blogs.unc.edu.ar\/tallertotal\/files\/Mesa-9-_30_Eulina-Pacheco-Lutfi_-LO-IMPOSIBLE-ES-POSIBLE-EN-UNA-ESCUELA-PUBLICA-DE-SAN-PABLO_castellano-y-portugues.pdf\"><span style=\"color:#FFD700\">Mesa 09_30 Eulina_ LO IMPOSIBLE ES POSIBLE EN UNA ESCUELA PUBLICA DE SAN PABLO<\/span><\/a><\/span><\/span>\n<\/p>\n<p>\n\t<span style=\"font-size:14px\"><span style=\"font-family: lucida sans unicode,lucida grande,sans-serif\"><a href=\"https:\/\/blogs.unc.edu.ar\/tallertotal\/files\/Mesa-09_33-Marcela-Rodr\u00edguez-Recorridos-en-el-h\u00e1bitat.pdf\" rel=\"\"><span style=\"color:#FFD700\">Mesa 09_33 Marcela Rodr&iacute;guez &#8211; Recorridos en el h&aacute;bitat<\/span><\/a><\/span><\/span>\n<\/p>\n<p>\n\t<span style=\"font-size:14px\"><span style=\"font-family: lucida sans unicode,lucida grande,sans-serif\"><a href=\"https:\/\/blogs.unc.edu.ar\/tallertotal\/files\/Mesa-10_02-Contreras-TLPS-Encuentro-Taller-Total-2015.pdf\" rel=\"\"><span style=\"color:#FFD700\">Mesa 10_02 Contreras TLPS &#8211; Encuentro Taller Total 2015<\/span><\/a><\/span><\/span>\n<\/p>\n<p>\n\t<span style=\"font-size:14px\"><span style=\"font-family: lucida sans unicode,lucida grande,sans-serif\"><a href=\"https:\/\/blogs.unc.edu.ar\/tallertotal\/files\/Mesa-10_31-LA-CONSTRUCCI\u00d3N-DEL-CONOCIMIENTO-EN-LA-CREACI\u00d3N-DEL-ESPACIO-P\u00daBLICO.pdf\" rel=\"\"><span style=\"color:#FFD700\">Mesa 10_31 LA CONSTRUCCI&Oacute;N DEL CONOCIMIENTO EN LA CREACI&Oacute;N DEL ESPACIO P&Uacute;BLICO<\/span><\/a><\/span><\/span>\n<\/p>\n<p>\n\t<span style=\"font-size:14px\"><span style=\"font-family: lucida sans unicode,lucida grande,sans-serif\"><a href=\"https:\/\/blogs.unc.edu.ar\/tallertotal\/files\/Mesa-10_41-Susana-Valansi-Una-experiencia-a-dos-voces.pdf\" rel=\"\"><span style=\"color:#FFD700\">Mesa 10_41 Susana Valansi Una experiencia a dos voces<\/span><\/a><\/span><\/span>\n<\/p>\n<p>\n\t<span style=\"font-size:14px\"><span style=\"font-family: lucida sans unicode,lucida grande,sans-serif\"><a href=\"https:\/\/blogs.unc.edu.ar\/tallertotal\/files\/Mesa-10_47_F.-Pompeyo-R-M.pdf\" rel=\"\"><span style=\"color:#FFD700\">Mesa 10_47 F. Pompeyo R-M<\/span><\/a><\/span><\/span>\n<\/p>\n<p>\n\t<span style=\"font-size:14px\"><span style=\"font-family: lucida sans unicode,lucida grande,sans-serif\"><a href=\"https:\/\/blogs.unc.edu.ar\/tallertotal\/files\/Mesa-11_16-EL-TT-DESPU\u00c9S-DEL-TT-PONENCIA.pdf\" rel=\"\"><span style=\"color:#FFD700\">Mesa 11_16 EL TT DESPU&Eacute;S DEL TT<\/span><\/a><\/span><\/span>\n<\/p>\n<p>\n\t&nbsp;<\/p>\n","protected":false},"excerpt":{"rendered":"<p>Mesa 06_24 Ponencia C&aacute;tedra e IVS FAUD-UM Mesa 07_14 UN CAMINO DE PARTICIPACI&Oacute;N E INTEGRACI&Oacute;N Mesa 07_17 Debora Sanches _ArquiNi&ntilde;os Mesa 07_22 Nidia_La Crisis de Agua _castellano e portugues Mesa 08_04 Beatriz Pedro &#8211; TLPS barrio 14 de noviembre A<\/p>\n<p><a class=\"more-link\" href=\"https:\/\/blogs.unc.edu.ar\/tallertotal\/mesa-06-11\/\">Continue reading<\/a><\/p>\n","protected":false},"author":28,"featured_media":0,"parent":0,"menu_order":0,"comment_status":"closed","ping_status":"closed","template":"","meta":{"footnotes":""},"class_list":["post-895","page","type-page","status-publish","hentry"],"_links":{"self":[{"href":"https:\/\/blogs.unc.edu.ar\/tallertotal\/wp-json\/wp\/v2\/pages\/895","targetHints":{"allow":["GET"]}}],"collection":[{"href":"https:\/\/blogs.unc.edu.ar\/tallertotal\/wp-json\/wp\/v2\/pages"}],"about":[{"href":"https:\/\/blogs.unc.edu.ar\/tallertotal\/wp-json\/wp\/v2\/types\/page"}],"author":[{"embeddable":true,"href":"https:\/\/blogs.unc.edu.ar\/tallertotal\/wp-json\/wp\/v2\/users\/28"}],"replies":[{"embeddable":true,"href":"https:\/\/blogs.unc.edu.ar\/tallertotal\/wp-json\/wp\/v2\/comments?post=895"}],"version-history":[{"count":12,"href":"https:\/\/blogs.unc.edu.ar\/tallertotal\/wp-json\/wp\/v2\/pages\/895\/revisions"}],"predecessor-version":[{"id":1012,"href":"https:\/\/blogs.unc.edu.ar\/tallertotal\/wp-json\/wp\/v2\/pages\/895\/revisions\/1012"}],"wp:attachment":[{"href":"https:\/\/blogs.unc.edu.ar\/tallertotal\/wp-json\/wp\/v2\/media?parent=895"}],"curies":[{"name":"wp","href":"https:\/\/api.w.org\/{rel}","templated":true}]}}