{"id":84,"date":"2012-04-20T16:36:50","date_gmt":"2012-04-20T16:36:50","guid":{"rendered":"https:\/\/blogs.unc.edu.ar\/especializacion-radar\/?page_id=84"},"modified":"2017-11-25T12:38:00","modified_gmt":"2017-11-25T12:38:00","slug":"areas-de-aplicacion","status":"publish","type":"page","link":"https:\/\/blogs.unc.edu.ar\/posgrados-radar\/alumnos\/areas-de-aplicacion\/","title":{"rendered":"\u00c1reas de Aplicaci\u00f3n"},"content":{"rendered":"<div><\/div>\n<p><span style=\"font-size: 14px\"><span style=\"font-family: arial,helvetica,sans-serif\"><span lang=\"es-ES\">Los egresados de las Carreras de Posgrado\u00a0<span style=\"color: #006400\"><strong>Especializaci\u00f3n y Maestr\u00eda en Sistemas de Radar e Instrumentaci\u00f3n <\/strong><\/span>\u00a0podr\u00e1n aplicar sus conocimientos en las siguientes \u00c1reas:\u00a0<\/span>\u00a0<\/span><\/span><\/p>\n<div><\/div>\n<ul>\n<li>\n<pre><span style=\"font-size: 14px\"><span style=\"font-family: arial,helvetica,sans-serif\"><span style=\"color: #222222\"><span style=\"color: #006400\"><b>Control Aeroespacial:<\/b><\/span> detecci\u00f3n, identificaci\u00f3n, tr\u00e1nsito cooperativo,\r\n\r\n<\/span><\/span><\/span><\/pre>\n<\/li>\n<li>\n<pre><span style=\"font-size: 14px\"><span style=\"font-family: arial,helvetica,sans-serif\"><span style=\"color: #222222\"><span style=\"color: #006400\"><b>Sistema de Defensa<\/b>:<\/span> comando y control, seguimiento y guiado,\r\n\r\n<\/span><\/span><\/span><\/pre>\n<\/li>\n<li>\n<pre><span style=\"font-size: 14px\"><span style=\"font-family: arial,helvetica,sans-serif\"><span style=\"color: #222222\"><span style=\"color: #006400\"><b>Meteorolog\u00eda:<\/b><\/span> estudio de fen\u00f3menos atmosf\u00e9ricos,\r\n\r\n<\/span><\/span><\/span><\/pre>\n<\/li>\n<li>\n<pre><span style=\"font-size: 14px\"><span style=\"font-family: arial,helvetica,sans-serif\"><span style=\"color: #222222\"><span style=\"color: #006400\"><b>Geolog\u00eda: r<\/b><\/span>elevamiento de capas del suelo, estudio de glaciares, predicci\u00f3n \r\nde desastres naturales,\r\n\r\n<\/span><\/span><\/span><\/pre>\n<\/li>\n<\/ul>\n<div><span style=\"font-size: 14px\"><span style=\"font-family: arial,helvetica,sans-serif\">\u00a0<\/span><\/span><span style=\"font-family: arial, helvetica, sans-serif;font-size: 14px\">entre otras.<\/span><\/div>\n<p>&nbsp;<\/p>\n","protected":false},"excerpt":{"rendered":"<p>Los egresados de las Carreras de Posgrado\u00a0Especializaci\u00f3n y Maestr\u00eda en Sistemas de Radar e Instrumentaci\u00f3n \u00a0podr\u00e1n aplicar sus conocimientos en las siguientes \u00c1reas:\u00a0\u00a0 Control Aeroespacial: detecci\u00f3n, identificaci\u00f3n, tr\u00e1nsito cooperativo, Sistema de Defensa: comando y control, seguimiento y guiado, Meteorolog\u00eda: estudio de fen\u00f3menos atmosf\u00e9ricos, Geolog\u00eda: relevamiento de capas del suelo, estudio de glaciares, predicci\u00f3n de desastres [&hellip;]<\/p>\n","protected":false},"author":31,"featured_media":0,"parent":11,"menu_order":4,"comment_status":"closed","ping_status":"closed","template":"","meta":{"footnotes":""},"class_list":["post-84","page","type-page","status-publish","hentry"],"_links":{"self":[{"href":"https:\/\/blogs.unc.edu.ar\/posgrados-radar\/wp-json\/wp\/v2\/pages\/84","targetHints":{"allow":["GET"]}}],"collection":[{"href":"https:\/\/blogs.unc.edu.ar\/posgrados-radar\/wp-json\/wp\/v2\/pages"}],"about":[{"href":"https:\/\/blogs.unc.edu.ar\/posgrados-radar\/wp-json\/wp\/v2\/types\/page"}],"author":[{"embeddable":true,"href":"https:\/\/blogs.unc.edu.ar\/posgrados-radar\/wp-json\/wp\/v2\/users\/31"}],"replies":[{"embeddable":true,"href":"https:\/\/blogs.unc.edu.ar\/posgrados-radar\/wp-json\/wp\/v2\/comments?post=84"}],"version-history":[{"count":20,"href":"https:\/\/blogs.unc.edu.ar\/posgrados-radar\/wp-json\/wp\/v2\/pages\/84\/revisions"}],"predecessor-version":[{"id":598,"href":"https:\/\/blogs.unc.edu.ar\/posgrados-radar\/wp-json\/wp\/v2\/pages\/84\/revisions\/598"}],"up":[{"embeddable":true,"href":"https:\/\/blogs.unc.edu.ar\/posgrados-radar\/wp-json\/wp\/v2\/pages\/11"}],"wp:attachment":[{"href":"https:\/\/blogs.unc.edu.ar\/posgrados-radar\/wp-json\/wp\/v2\/media?parent=84"}],"curies":[{"name":"wp","href":"https:\/\/api.w.org\/{rel}","templated":true}]}}