{"id":72,"date":"2012-04-13T00:39:50","date_gmt":"2012-04-13T00:39:50","guid":{"rendered":"https:\/\/blogs.unc.edu.ar\/especializacion-radar\/?page_id=72"},"modified":"2018-03-12T12:55:23","modified_gmt":"2018-03-12T12:55:23","slug":"inscripcion","status":"publish","type":"page","link":"https:\/\/blogs.unc.edu.ar\/posgrados-radar\/alumnos\/inscripcion\/","title":{"rendered":"Inscripci\u00f3n"},"content":{"rendered":"<p><span style=\"font-size: 14px\"><span style=\"font-family: arial, helvetica, sans-serif\">Hasta el <span style=\"color: #008000\"><strong>28 de marzo de 2018<\/strong><\/span> se encuentran abiertas las inscripciones para las Carreras de Posgrado\u00a0<span style=\"color: #008000\"><strong>Especializaci\u00f3n y Maestr\u00eda en Sistemas de Radar e Instrumentaci\u00f3n.<\/strong><\/span> Las clases comienzan el <span style=\"color: #008000\"><strong>5 de abril.<\/strong><\/span><\/span><\/span><\/p>\n<p>&nbsp;<\/p>\n<p><span style=\"font-size: 14px\"><span style=\"font-family: arial, helvetica, sans-serif\">L<\/span>os\u00a0postulantes deber\u00e1n\u00a0presentar, en conformidad con el Art. 18 del reglamento de la carrera, por e-mail a <span style=\"color: #008000\"><strong>codepo@famaf.unc.edu.ar <\/strong><\/span>lo siguiente:<\/span><\/p>\n<div style=\"text-align: justify\"><span style=\"font-size: 14px\">a)\u00a0Formulario de pre inscripci\u00f3n para la carrera de su inter\u00e9s completo y firmado<\/span><br \/>\n<span style=\"text-align: justify\"><span style=\"font-size: 14px\"><a href=\"http:\/\/preinscripcion.guarani.unc.edu.ar\/famaf-pg\/\">http:\/\/preinscripcion.guarani.unc.edu.ar\/famaf-pg\/<\/a><\/span><\/span><\/div>\n<div style=\"text-align: justify\"><span style=\"font-size: 14px\">b) Copia del DNI del postulante<\/span><\/div>\n<div><\/div>\n<div style=\"text-align: justify\"><span style=\"font-size: 14px\">c) Copia del t\u00edtulo de grado legalizado y del certificado anal\u00edtico correspondiente<\/span><\/div>\n<div><\/div>\n<div style=\"text-align: justify\"><span style=\"font-size: 14px\">d) Curriculum vitae en pdf<\/span><\/div>\n<div><\/div>\n<div style=\"text-align: justify\"><span style=\"font-size: 14px\">e) Acreditaci\u00f3n de suficiencia en su capacidad de comprensi\u00f3n lectora en lengua inglesa<\/span><\/div>\n<div><\/div>\n<p>&nbsp;<\/p>\n<p><span style=\"font-size: 14px\"><span style=\"font-family: arial, helvetica, sans-serif\">T<\/span>ambi\u00e9n podr\u00e1n preinscribirse llenando el siguiente:<\/span><\/p>\n<p style=\"text-align: center\"><a href=\"https:\/\/goo.gl\/forms\/AdYnzdWzP4NYFW863\">Formulario de preinscripci\u00f3n<\/a><\/p>\n<p>&nbsp;<\/p>\n<div><\/div>\n<div style=\"text-align: justify\"><span style=\"font-size: 14px\">Los postulantes extranjeros y argentinos graduados en el exterior, deber\u00e1n presentar la documentaci\u00f3n en las condiciones que establezca la normativa nacional vigente.<\/span><br \/>\n<span style=\"text-align: justify\"><span style=\"font-size: 14px\"><span style=\"font-size: 14px\">El Comit\u00e9 Acad\u00e9mico de Carrera ser\u00e1 el encargado de evaluar todos los antecedentes y calificar a los postulantes. Si lo considera necesario podr\u00e1 requerirle un examen de calificaci\u00f3n y\/o la aprobaci\u00f3n de un curso proped\u00e9utico o de actualizaci\u00f3n y nivelaci\u00f3n de conocimientos m\u00ednimos. Una vez evaluados los antecedentes, se expedir\u00e1 sobre la aceptaci\u00f3n o no del postulante elevando su consideraci\u00f3n al Consejo Directivo de FaMAF.<\/span><\/span><\/span><\/div>\n<div style=\"text-align: justify\"><span style=\"font-size: 14px\"><span style=\"font-size: 14px\">Los postulantes ser\u00e1n notificados via email del resultado.<\/span><\/span><\/div>\n<div><\/div>\n<div><\/div>\n<div style=\"text-align: justify\"><\/div>\n<div style=\"text-align: justify\">\n<pre><\/pre>\n<\/div>\n","protected":false},"excerpt":{"rendered":"<p>Hasta el 28 de marzo de 2018 se encuentran abiertas las inscripciones para las Carreras de Posgrado\u00a0Especializaci\u00f3n y Maestr\u00eda en Sistemas de Radar e Instrumentaci\u00f3n. Las clases comienzan el 5 de abril. &nbsp; Los\u00a0postulantes deber\u00e1n\u00a0presentar, en conformidad con el Art. 18 del reglamento de la carrera, por e-mail a codepo@famaf.unc.edu.ar lo siguiente: a)\u00a0Formulario de pre [&hellip;]<\/p>\n","protected":false},"author":31,"featured_media":0,"parent":11,"menu_order":1,"comment_status":"closed","ping_status":"closed","template":"","meta":{"footnotes":""},"class_list":["post-72","page","type-page","status-publish","hentry"],"_links":{"self":[{"href":"https:\/\/blogs.unc.edu.ar\/posgrados-radar\/wp-json\/wp\/v2\/pages\/72","targetHints":{"allow":["GET"]}}],"collection":[{"href":"https:\/\/blogs.unc.edu.ar\/posgrados-radar\/wp-json\/wp\/v2\/pages"}],"about":[{"href":"https:\/\/blogs.unc.edu.ar\/posgrados-radar\/wp-json\/wp\/v2\/types\/page"}],"author":[{"embeddable":true,"href":"https:\/\/blogs.unc.edu.ar\/posgrados-radar\/wp-json\/wp\/v2\/users\/31"}],"replies":[{"embeddable":true,"href":"https:\/\/blogs.unc.edu.ar\/posgrados-radar\/wp-json\/wp\/v2\/comments?post=72"}],"version-history":[{"count":70,"href":"https:\/\/blogs.unc.edu.ar\/posgrados-radar\/wp-json\/wp\/v2\/pages\/72\/revisions"}],"predecessor-version":[{"id":631,"href":"https:\/\/blogs.unc.edu.ar\/posgrados-radar\/wp-json\/wp\/v2\/pages\/72\/revisions\/631"}],"up":[{"embeddable":true,"href":"https:\/\/blogs.unc.edu.ar\/posgrados-radar\/wp-json\/wp\/v2\/pages\/11"}],"wp:attachment":[{"href":"https:\/\/blogs.unc.edu.ar\/posgrados-radar\/wp-json\/wp\/v2\/media?parent=72"}],"curies":[{"name":"wp","href":"https:\/\/api.w.org\/{rel}","templated":true}]}}