{"id":60,"date":"2012-04-13T00:48:13","date_gmt":"2012-04-13T00:48:13","guid":{"rendered":"https:\/\/blogs.unc.edu.ar\/especializacion-radar\/?page_id=60"},"modified":"2018-05-28T13:23:48","modified_gmt":"2018-05-28T13:23:48","slug":"sede-administrativa","status":"publish","type":"page","link":"https:\/\/blogs.unc.edu.ar\/posgrados-radar\/institucional\/sede-administrativa\/","title":{"rendered":"Sede Administrativa"},"content":{"rendered":"<p style=\"text-align: justify\"><span style=\"font-family: arial, helvetica, sans-serif\"><span style=\"font-size: 14px\">Las Carreras de Posgrado\u00a0<\/span><\/span><span style=\"font-family: arial, helvetica, sans-serif;font-size: 14px;color: #008000\"><strong>Especializaci\u00f3n y Maestr\u00eda en Sistemas de Radar e Instrumentaci\u00f3n<\/strong> <\/span><span style=\"font-family: arial, helvetica, sans-serif\"><span style=\"font-size: 14px\">tienen su Sede Administrativa en la <\/span><\/span><strong><span style=\"color: #008000;font-family: arial, helvetica, sans-serif\"><span style=\"font-size: 14px\">Facultad de Matem\u00e1tica, Astronom\u00eda, F\u00edsica y Computaci\u00f3n<\/span><\/span><\/strong><span style=\"font-family: arial, helvetica, sans-serif\"><span style=\"font-size: 14px\"> de la<\/span><\/span><span style=\"font-family: arial, helvetica, sans-serif;font-size: 14px;color: #008000\"> <strong>Universidad Nacional de\u00a0<\/strong><\/span><span style=\"color: #008000;font-family: arial, helvetica, sans-serif\"><span style=\"font-size: 14px\"><b>C\u00f3rdoba<\/b><\/span><\/span><span style=\"font-family: arial, helvetica, sans-serif\"><span style=\"font-size: 14px\">.<\/span><\/span><\/p>\n<p style=\"text-align: justify\"><span style=\"font-family: arial, helvetica, sans-serif\"><span style=\"font-size: 14px\"> Para tr\u00e1mites y consultas dirigirse a:<\/span><\/span><\/p>\n<p>&nbsp;<\/p>\n<p style=\"text-align: justify\"><span style=\"font-size: 14px;color: #008000\"><strong><span style=\"font-family: arial, helvetica, sans-serif\">Secretar\u00eda de Posgrado FAMAF<\/span><\/strong><\/span><\/p>\n<p style=\"text-align: justify\"><span style=\"font-size: 14px;color: #008000\"><strong><span style=\"font-family: arial, helvetica, sans-serif\"> Universidad Nacional de C\u00f3rdoba <\/span><\/strong><\/span><\/p>\n<p style=\"text-align: justify\"><span style=\"font-size: 14px;color: #008000\"><strong><span style=\"font-family: arial, helvetica, sans-serif\">Medina Allende s\/n &#8211; Ciudad Universitaria <\/span><\/strong><\/span><\/p>\n<p style=\"text-align: justify\"><span style=\"font-size: 14px;color: #008000\"><strong><span style=\"font-family: arial, helvetica, sans-serif\">X5000HUA &#8211; C\u00f3rdoba, Argentina <\/span><\/strong><\/span><\/p>\n<p style=\"text-align: justify\"><span style=\"font-size: 14px;color: #008000\"><strong><span style=\"font-family: arial, helvetica, sans-serif\">Tel: 5353701 internos 41129 y 41150<\/span><\/strong><\/span><\/p>\n<p style=\"text-align: justify\"><span style=\"font-size: 14px;color: #008000\"><strong><span style=\"font-family: arial, helvetica, sans-serif\">email: codepo@famaf.unc.edu.ar<\/span><\/strong><\/span><\/p>\n<p>&nbsp;<\/p>\n","protected":false},"excerpt":{"rendered":"<p>Las Carreras de Posgrado\u00a0Especializaci\u00f3n y Maestr\u00eda en Sistemas de Radar e Instrumentaci\u00f3n tienen su Sede Administrativa en la Facultad de Matem\u00e1tica, Astronom\u00eda, F\u00edsica y Computaci\u00f3n de la Universidad Nacional de\u00a0C\u00f3rdoba. Para tr\u00e1mites y consultas dirigirse a: &nbsp; Secretar\u00eda de Posgrado FAMAF Universidad Nacional de C\u00f3rdoba Medina Allende s\/n &#8211; Ciudad Universitaria X5000HUA &#8211; C\u00f3rdoba, Argentina [&hellip;]<\/p>\n","protected":false},"author":31,"featured_media":0,"parent":2,"menu_order":5,"comment_status":"closed","ping_status":"closed","template":"","meta":{"footnotes":""},"class_list":["post-60","page","type-page","status-publish","hentry"],"_links":{"self":[{"href":"https:\/\/blogs.unc.edu.ar\/posgrados-radar\/wp-json\/wp\/v2\/pages\/60","targetHints":{"allow":["GET"]}}],"collection":[{"href":"https:\/\/blogs.unc.edu.ar\/posgrados-radar\/wp-json\/wp\/v2\/pages"}],"about":[{"href":"https:\/\/blogs.unc.edu.ar\/posgrados-radar\/wp-json\/wp\/v2\/types\/page"}],"author":[{"embeddable":true,"href":"https:\/\/blogs.unc.edu.ar\/posgrados-radar\/wp-json\/wp\/v2\/users\/31"}],"replies":[{"embeddable":true,"href":"https:\/\/blogs.unc.edu.ar\/posgrados-radar\/wp-json\/wp\/v2\/comments?post=60"}],"version-history":[{"count":30,"href":"https:\/\/blogs.unc.edu.ar\/posgrados-radar\/wp-json\/wp\/v2\/pages\/60\/revisions"}],"predecessor-version":[{"id":637,"href":"https:\/\/blogs.unc.edu.ar\/posgrados-radar\/wp-json\/wp\/v2\/pages\/60\/revisions\/637"}],"up":[{"embeddable":true,"href":"https:\/\/blogs.unc.edu.ar\/posgrados-radar\/wp-json\/wp\/v2\/pages\/2"}],"wp:attachment":[{"href":"https:\/\/blogs.unc.edu.ar\/posgrados-radar\/wp-json\/wp\/v2\/media?parent=60"}],"curies":[{"name":"wp","href":"https:\/\/api.w.org\/{rel}","templated":true}]}}