{"id":56,"date":"2012-04-13T00:42:33","date_gmt":"2012-04-13T00:42:33","guid":{"rendered":"https:\/\/blogs.unc.edu.ar\/especializacion-radar\/?page_id=56"},"modified":"2017-11-25T11:29:41","modified_gmt":"2017-11-25T11:29:41","slug":"objetivo","status":"publish","type":"page","link":"https:\/\/blogs.unc.edu.ar\/posgrados-radar\/institucional\/objetivo\/","title":{"rendered":"Objetivo"},"content":{"rendered":"<div style=\"text-align: justify\">\n<p style=\"margin-bottom: 0cm;border: none;padding: 0cm\" align=\"JUSTIFY\"><span style=\"font-family: arial, helvetica, sans-serif;font-size: 14px;line-height: 1.6em\">Las Carreras de Posgrado\u00a0<\/span><span style=\"font-size: 14px\"><span style=\"color: #006400\"><em><strong>Especializaci\u00f3n y <\/strong><\/em><em><strong>Maestr\u00eda<\/strong><\/em><span style=\"font-family: arial, helvetica, sans-serif;line-height: 1.6em\">\u00a0<\/span><em><strong>en Sistemas de Radar e Instrumentaci\u00f3n <\/strong><\/em><\/span><\/span><span style=\"font-family: arial, helvetica, sans-serif;font-size: 14px;line-height: 1.6em\">tienen por objeto formar\u00a0recursos humanos altamente capacitados en los fundamentos y el conocimiento pr\u00e1ctico de las tecnolog\u00edas asociadas al Radar que permitan su aplicaci\u00f3n de manera creativa en un marco interdisciplinario y con conceptos e instrumentos avanzados.<\/span><\/p>\n<\/div>\n<div><span style=\"font-size: 14px\"><span style=\"font-family: arial, helvetica, sans-serif\">\u00a0<\/span><\/span><\/div>\n<div><span style=\"font-size: 14px\"><span style=\"font-family: arial, helvetica, sans-serif\">\u00a0<\/span><\/span><\/div>\n<p>&nbsp;<\/p>\n<p>&nbsp;<\/p>\n","protected":false},"excerpt":{"rendered":"<p>Las Carreras de Posgrado\u00a0Especializaci\u00f3n y Maestr\u00eda\u00a0en Sistemas de Radar e Instrumentaci\u00f3n tienen por objeto formar\u00a0recursos humanos altamente capacitados en los fundamentos y el conocimiento pr\u00e1ctico de las tecnolog\u00edas asociadas al Radar que permitan su aplicaci\u00f3n de manera creativa en un marco interdisciplinario y con conceptos e instrumentos avanzados. \u00a0 \u00a0 &nbsp; &nbsp;<\/p>\n","protected":false},"author":31,"featured_media":0,"parent":2,"menu_order":3,"comment_status":"closed","ping_status":"closed","template":"","meta":{"footnotes":""},"class_list":["post-56","page","type-page","status-publish","hentry"],"_links":{"self":[{"href":"https:\/\/blogs.unc.edu.ar\/posgrados-radar\/wp-json\/wp\/v2\/pages\/56","targetHints":{"allow":["GET"]}}],"collection":[{"href":"https:\/\/blogs.unc.edu.ar\/posgrados-radar\/wp-json\/wp\/v2\/pages"}],"about":[{"href":"https:\/\/blogs.unc.edu.ar\/posgrados-radar\/wp-json\/wp\/v2\/types\/page"}],"author":[{"embeddable":true,"href":"https:\/\/blogs.unc.edu.ar\/posgrados-radar\/wp-json\/wp\/v2\/users\/31"}],"replies":[{"embeddable":true,"href":"https:\/\/blogs.unc.edu.ar\/posgrados-radar\/wp-json\/wp\/v2\/comments?post=56"}],"version-history":[{"count":15,"href":"https:\/\/blogs.unc.edu.ar\/posgrados-radar\/wp-json\/wp\/v2\/pages\/56\/revisions"}],"predecessor-version":[{"id":584,"href":"https:\/\/blogs.unc.edu.ar\/posgrados-radar\/wp-json\/wp\/v2\/pages\/56\/revisions\/584"}],"up":[{"embeddable":true,"href":"https:\/\/blogs.unc.edu.ar\/posgrados-radar\/wp-json\/wp\/v2\/pages\/2"}],"wp:attachment":[{"href":"https:\/\/blogs.unc.edu.ar\/posgrados-radar\/wp-json\/wp\/v2\/media?parent=56"}],"curies":[{"name":"wp","href":"https:\/\/api.w.org\/{rel}","templated":true}]}}