{"id":52,"date":"2012-04-12T18:54:09","date_gmt":"2012-04-12T18:54:09","guid":{"rendered":"https:\/\/blogs.unc.edu.ar\/especializacion-radar\/?page_id=52"},"modified":"2017-11-25T11:28:39","modified_gmt":"2017-11-25T11:28:39","slug":"introduccion","status":"publish","type":"page","link":"https:\/\/blogs.unc.edu.ar\/posgrados-radar\/institucional\/introduccion\/","title":{"rendered":"Introducci\u00f3n"},"content":{"rendered":"<div style=\"text-align: justify\"><span style=\"font-size: 14px\"><span style=\"font-family: arial,helvetica,sans-serif\">En la actualidad,\u00a0la utilizaci\u00f3n de medios de detecci\u00f3n remota para el estudio de los recursos naturales as\u00ed como la prevenci\u00f3n de desastres, se encuentra ampliamente difundida. Entre estos sistemas de obtenci\u00f3n de informaci\u00f3n a gran distancia se cuentan los <strong><span style=\"color: #006400\">sistemas de Radar<\/span><\/strong>, que se han ido especializando al extremo de que casi hay un dise\u00f1o para cada aplicaci\u00f3n, dentro de los que podemos citar:<\/span><\/span><\/div>\n<p>&nbsp;<\/p>\n<div style=\"text-align: justify\"><\/div>\n<ul>\n<li>\n<div><span style=\"font-size: 14px\"><span style=\"font-family: arial,helvetica,sans-serif\">Radar de control a\u00e9reo primario y secundario<\/span><\/span><\/div>\n<\/li>\n<li>\n<div><span style=\"font-size: 14px\"><span style=\"font-family: arial,helvetica,sans-serif\">Radar de seguimiento y control de tiro<\/span><\/span><\/div>\n<\/li>\n<li>\n<div><span style=\"font-size: 14px\"><span style=\"font-family: arial,helvetica,sans-serif\">Radar meteorol\u00f3gico<\/span><\/span><\/div>\n<\/li>\n<li>\n<div><span style=\"font-size: 14px\"><span style=\"font-family: arial,helvetica,sans-serif\">Radar satelital de apertura sint\u00e9tica<\/span><\/span><\/div>\n<\/li>\n<\/ul>\n<div><\/div>\n<p>&nbsp;<\/p>\n<div><span style=\"font-size: 14px\"><span style=\"font-family: arial,helvetica,sans-serif\">A continuaci\u00f3n, se mencionan algunos ejemplos de las diversas aplicaciones especiales que se pueden encontrar:\u00a0<\/span><\/span><\/div>\n<p>&nbsp;<\/p>\n<div><\/div>\n<ul>\n<li>\n<div><span style=\"font-size: 14px\"><span style=\"font-family: arial,helvetica,sans-serif\"><span style=\"color: #006400\"><b>Control Aeroespacial:<\/b><\/span><span style=\"color: #222222\">\u00a0detecci\u00f3n, identificaci\u00f3n, tr\u00e1nsito cooperativo<\/span><\/span><\/span><\/div>\n<\/li>\n<li>\n<div><span style=\"font-size: 14px\"><span style=\"font-family: arial,helvetica,sans-serif\"><span style=\"color: #006400\"><b>Sistema de Defensa<\/b><\/span><span style=\"color: #222222\"><span style=\"color: #006400\">:<\/span><\/span><\/span><span style=\"color: #222222\">\u00a0comando y control, seguimiento y guiado<\/span><\/span><\/div>\n<\/li>\n<li>\n<div><span style=\"font-size: 14px\"><span style=\"font-family: arial,helvetica,sans-serif\"><span style=\"color: #006400\"><b>Meteorolog\u00eda:<\/b><\/span><span style=\"color: #222222\">\u00a0estudios de fen\u00f3menos atmosf\u00e9ricos<\/span><\/span><\/span><\/div>\n<\/li>\n<li>\n<div><span style=\"font-size: 14px\"><span style=\"font-family: arial,helvetica,sans-serif\"><span style=\"color: #006400\"><b>Geolog\u00eda: <\/b><\/span><span style=\"color: #222222\">relevamiento de capas del suelo, estudio de glaciares, predicci\u00f3n de desastres naturales<\/span><\/span><\/span><\/div>\n<\/li>\n<\/ul>\n<div><\/div>\n<p>&nbsp;<\/p>\n<div><span style=\"font-family: arial, helvetica, sans-serif;font-size: 14px\">Existen adem\u00e1s una gran variedad de aplicaciones de estas t\u00e9cnicas para sistemas de menor potencia.<\/span><\/div>\n<p>&nbsp;<\/p>\n<div><\/div>\n<div><span style=\"font-size: 14px\"><span style=\"font-family: arial,helvetica,sans-serif\">Argentina planea instalar radares tanto para el control del tr\u00e1fico a\u00e9reo como para la detecci\u00f3n de fen\u00f3menos meteorol\u00f3gicos, que complementar\u00e1n otros existentes, que ya se encuentran en funcionamiento. Adem\u00e1s se est\u00e1 construyendo en el pa\u00eds un radar satelital para entrar en \u00f3rbita en el corto plazo.<\/span><\/span><\/div>\n<p>&nbsp;<\/p>\n<div style=\"text-align: justify\"><\/div>\n<div style=\"text-align: justify\"><span style=\"font-size: 14px\"><span style=\"font-family: arial,helvetica,sans-serif\">Por lo antes expuesto, es que la <span style=\"color: #006400\"><strong>Facultad de Matem\u00e1tica, Astronom\u00eda, F\u00edsica y Computaci\u00f3n de la Universidad Nacional de C\u00f3rdoba<\/strong><\/span> conjuntamente con la <strong><span style=\"color: #006400\">Facultad de Ingenier\u00eda del Centro Regional Universitario C\u00f3rdoba &#8211; IUA,<\/span><\/strong><\/span><\/span><span style=\"font-family: arial, helvetica, sans-serif;font-size: 14px\">\u00a0mediante la implementaci\u00f3n de estas carreras de posgrado proponen la formaci\u00f3n de recursos humanos en esta \u00e1rea tanto para la operaci\u00f3n y mantenimiento de estos complejos sistemas como para el aprovechamiento de la informaci\u00f3n que proporcionan, como as\u00ed tambi\u00e9n para promover el desarrollo de nuevos radares multifunci\u00f3n.\u00a0<\/span><\/div>\n","protected":false},"excerpt":{"rendered":"<p>En la actualidad,\u00a0la utilizaci\u00f3n de medios de detecci\u00f3n remota para el estudio de los recursos naturales as\u00ed como la prevenci\u00f3n de desastres, se encuentra ampliamente difundida. Entre estos sistemas de obtenci\u00f3n de informaci\u00f3n a gran distancia se cuentan los sistemas de Radar, que se han ido especializando al extremo de que casi hay un dise\u00f1o [&hellip;]<\/p>\n","protected":false},"author":31,"featured_media":0,"parent":2,"menu_order":1,"comment_status":"closed","ping_status":"closed","template":"","meta":{"footnotes":""},"class_list":["post-52","page","type-page","status-publish","hentry"],"_links":{"self":[{"href":"https:\/\/blogs.unc.edu.ar\/posgrados-radar\/wp-json\/wp\/v2\/pages\/52","targetHints":{"allow":["GET"]}}],"collection":[{"href":"https:\/\/blogs.unc.edu.ar\/posgrados-radar\/wp-json\/wp\/v2\/pages"}],"about":[{"href":"https:\/\/blogs.unc.edu.ar\/posgrados-radar\/wp-json\/wp\/v2\/types\/page"}],"author":[{"embeddable":true,"href":"https:\/\/blogs.unc.edu.ar\/posgrados-radar\/wp-json\/wp\/v2\/users\/31"}],"replies":[{"embeddable":true,"href":"https:\/\/blogs.unc.edu.ar\/posgrados-radar\/wp-json\/wp\/v2\/comments?post=52"}],"version-history":[{"count":32,"href":"https:\/\/blogs.unc.edu.ar\/posgrados-radar\/wp-json\/wp\/v2\/pages\/52\/revisions"}],"predecessor-version":[{"id":583,"href":"https:\/\/blogs.unc.edu.ar\/posgrados-radar\/wp-json\/wp\/v2\/pages\/52\/revisions\/583"}],"up":[{"embeddable":true,"href":"https:\/\/blogs.unc.edu.ar\/posgrados-radar\/wp-json\/wp\/v2\/pages\/2"}],"wp:attachment":[{"href":"https:\/\/blogs.unc.edu.ar\/posgrados-radar\/wp-json\/wp\/v2\/media?parent=52"}],"curies":[{"name":"wp","href":"https:\/\/api.w.org\/{rel}","templated":true}]}}