{"id":18,"date":"2012-04-13T03:07:34","date_gmt":"2012-04-13T03:07:34","guid":{"rendered":"https:\/\/blogs.unc.edu.ar\/especializacion-radar\/?page_id=18"},"modified":"2018-05-18T12:55:39","modified_gmt":"2018-05-18T12:55:39","slug":"contacto","status":"publish","type":"page","link":"https:\/\/blogs.unc.edu.ar\/posgrados-radar\/contacto\/","title":{"rendered":"Contacto"},"content":{"rendered":"<p><span style=\"font-size: 14px\">\u00a0 <\/span><\/p>\n<p><span style=\"font-size: 14px\"><span style=\"font-family: arial, helvetica, sans-serif\">Mail para consultas:\u00a0<strong><span style=\"color: #008000\">codepo@famaf.unc.edu.ar <\/span><\/strong><\/span><\/span><\/p>\n<p>&nbsp;<\/p>\n<p><span style=\"font-size: 14px\"><span style=\"font-family: arial, helvetica, sans-serif\">Mas informaci\u00f3n, en <a href=\"http:\/\/www.iua.edu.ar\/?page_id=1972\">p\u00e1gina de la maestr\u00eda.<\/a><\/span><\/span><\/p>\n<p>&nbsp;<\/p>\n<p><span style=\"font-size: 14px;color: #000000\"><span style=\"font-family: arial, helvetica, sans-serif\"><strong>Sede Administrativa<\/strong><\/span><\/span><\/p>\n<p>&nbsp;<\/p>\n<div><span style=\"font-size: 14px;color: #008000\"><span style=\"font-family: arial, helvetica, sans-serif\"><strong>Secretar\u00eda de Posgrado de FAMAF<\/strong><\/span><\/span><\/div>\n<div>\n<div><span style=\"font-size: 14px;color: #008000\"><span style=\"font-family: arial, helvetica, sans-serif\"><strong>Universidad Nacional de C\u00f3rdoba<\/strong><\/span><\/span><\/div>\n<div><span style=\"font-size: 14px;color: #008000\"><span style=\"font-family: arial, helvetica, sans-serif\"><strong>Medina Allende s\/n, Ciudad Universitaria\u00a0<\/strong><\/span><\/span><\/div>\n<div><span style=\"font-size: 14px;color: #008000\"><span style=\"font-family: arial, helvetica, sans-serif\"><strong>X5000HUA \u00a0C\u00f3rdoba, Argentina<\/strong><\/span><\/span><\/div>\n<div><span style=\"font-size: 14px;color: #008000\"><span style=\"font-family: arial, helvetica, sans-serif\"><strong>Tel: + 54 351 5353701 internos 41129 y 41150<\/strong><\/span><\/span><\/div>\n<\/div>\n<p>&nbsp;<\/p>\n","protected":false},"excerpt":{"rendered":"<p>\u00a0 Mail para consultas:\u00a0codepo@famaf.unc.edu.ar &nbsp; Mas informaci\u00f3n, en p\u00e1gina de la maestr\u00eda. &nbsp; Sede Administrativa &nbsp; Secretar\u00eda de Posgrado de FAMAF Universidad Nacional de C\u00f3rdoba Medina Allende s\/n, Ciudad Universitaria\u00a0 X5000HUA \u00a0C\u00f3rdoba, Argentina Tel: + 54 351 5353701 internos 41129 y 41150 &nbsp;<\/p>\n","protected":false},"author":31,"featured_media":0,"parent":0,"menu_order":6,"comment_status":"closed","ping_status":"closed","template":"","meta":{"footnotes":""},"class_list":["post-18","page","type-page","status-publish","hentry"],"_links":{"self":[{"href":"https:\/\/blogs.unc.edu.ar\/posgrados-radar\/wp-json\/wp\/v2\/pages\/18","targetHints":{"allow":["GET"]}}],"collection":[{"href":"https:\/\/blogs.unc.edu.ar\/posgrados-radar\/wp-json\/wp\/v2\/pages"}],"about":[{"href":"https:\/\/blogs.unc.edu.ar\/posgrados-radar\/wp-json\/wp\/v2\/types\/page"}],"author":[{"embeddable":true,"href":"https:\/\/blogs.unc.edu.ar\/posgrados-radar\/wp-json\/wp\/v2\/users\/31"}],"replies":[{"embeddable":true,"href":"https:\/\/blogs.unc.edu.ar\/posgrados-radar\/wp-json\/wp\/v2\/comments?post=18"}],"version-history":[{"count":26,"href":"https:\/\/blogs.unc.edu.ar\/posgrados-radar\/wp-json\/wp\/v2\/pages\/18\/revisions"}],"predecessor-version":[{"id":633,"href":"https:\/\/blogs.unc.edu.ar\/posgrados-radar\/wp-json\/wp\/v2\/pages\/18\/revisions\/633"}],"wp:attachment":[{"href":"https:\/\/blogs.unc.edu.ar\/posgrados-radar\/wp-json\/wp\/v2\/media?parent=18"}],"curies":[{"name":"wp","href":"https:\/\/api.w.org\/{rel}","templated":true}]}}