{"id":14,"date":"2012-05-08T18:46:19","date_gmt":"2012-05-08T18:46:19","guid":{"rendered":"https:\/\/blogs.unc.edu.ar\/especializacion-radar\/?page_id=14"},"modified":"2017-11-21T12:53:57","modified_gmt":"2017-11-21T12:53:57","slug":"descargas","status":"publish","type":"page","link":"https:\/\/blogs.unc.edu.ar\/posgrados-radar\/descargas\/","title":{"rendered":"Descargas"},"content":{"rendered":"<p><a href=\"https:\/\/blogs.unc.edu.ar\/posgrados-radar\/files\/Modif-PLAN-DE-ESTUDIO-REGLAMENTO-ESPECIALIZACION-RADAR-FAMAF.pdf\">Plan de Estudios y Reglamento Especializaci\u00f3n<\/a><\/p>\n<p><a href=\"https:\/\/blogs.unc.edu.ar\/posgrados-radar\/files\/Modif-PLAN-DE-ESTUDIOS-REGLAMENTO-MAESTRIA-RADAR-FAMAF.pdf\">Plan de Estudios y Reglamento Maestr\u00eda<\/a><\/p>\n<p><a href=\"https:\/\/blogs.unc.edu.ar\/posgrados-radar\/files\/DictamenCONEAU-Especializaci\u00f3nrRADAR.pdf\">Res. CONEAU Especializaci\u00f3n<\/a><\/p>\n<p><a href=\"https:\/\/blogs.unc.edu.ar\/posgrados-radar\/files\/coneau-MAest.pdf\">Res. CONEAU Maestr\u00eda<\/a><\/p>\n<p><a href=\"https:\/\/blogs.unc.edu.ar\/posgrados-radar\/files\/Res-696-12-ESP-EN-SISTEMAS-DE-RADAR-E-INSTRUMENTACI\u00d3N-1.pdf\">Res. Ministerial Especializaci\u00f3n<\/a><\/p>\n<p><a href=\"https:\/\/blogs.unc.edu.ar\/posgrados-radar\/files\/RES-1430-16-MAG-EN-SISTEMAS-DE-RADAR-E-INSTRUMENTACI\u00d3N.pdf\">Res. Ministerial Maestr\u00eda<\/a><\/p>\n<p><a href=\"https:\/\/blogs.unc.edu.ar\/posgrados-radar\/files\/Res-CONEAU-Categorizaci\u00f3n-Especializaci\u00f3n.pdf\">Res CONEAU Categorizaci\u00f3n Especializaci\u00f3n<\/a><\/p>\n<p><a href=\"https:\/\/blogs.unc.edu.ar\/posgrados-radar\/files\/Res-CONEAU-Categorizaci\u00f3n-Maestr\u00eda.pdf\">Res CONEAU Categorizaci\u00f3n Maestr\u00eda<\/a><\/p>\n","protected":false},"excerpt":{"rendered":"<p>Plan de Estudios y Reglamento Especializaci\u00f3n Plan de Estudios y Reglamento Maestr\u00eda Res. CONEAU Especializaci\u00f3n Res. CONEAU Maestr\u00eda Res. Ministerial Especializaci\u00f3n Res. Ministerial Maestr\u00eda Res CONEAU Categorizaci\u00f3n Especializaci\u00f3n Res CONEAU Categorizaci\u00f3n Maestr\u00eda<\/p>\n","protected":false},"author":31,"featured_media":0,"parent":0,"menu_order":5,"comment_status":"closed","ping_status":"closed","template":"","meta":{"footnotes":""},"class_list":["post-14","page","type-page","status-publish","hentry"],"_links":{"self":[{"href":"https:\/\/blogs.unc.edu.ar\/posgrados-radar\/wp-json\/wp\/v2\/pages\/14","targetHints":{"allow":["GET"]}}],"collection":[{"href":"https:\/\/blogs.unc.edu.ar\/posgrados-radar\/wp-json\/wp\/v2\/pages"}],"about":[{"href":"https:\/\/blogs.unc.edu.ar\/posgrados-radar\/wp-json\/wp\/v2\/types\/page"}],"author":[{"embeddable":true,"href":"https:\/\/blogs.unc.edu.ar\/posgrados-radar\/wp-json\/wp\/v2\/users\/31"}],"replies":[{"embeddable":true,"href":"https:\/\/blogs.unc.edu.ar\/posgrados-radar\/wp-json\/wp\/v2\/comments?post=14"}],"version-history":[{"count":46,"href":"https:\/\/blogs.unc.edu.ar\/posgrados-radar\/wp-json\/wp\/v2\/pages\/14\/revisions"}],"predecessor-version":[{"id":575,"href":"https:\/\/blogs.unc.edu.ar\/posgrados-radar\/wp-json\/wp\/v2\/pages\/14\/revisions\/575"}],"wp:attachment":[{"href":"https:\/\/blogs.unc.edu.ar\/posgrados-radar\/wp-json\/wp\/v2\/media?parent=14"}],"curies":[{"name":"wp","href":"https:\/\/api.w.org\/{rel}","templated":true}]}}