{"id":11,"date":"2012-04-13T00:22:29","date_gmt":"2012-04-13T00:22:29","guid":{"rendered":"https:\/\/blogs.unc.edu.ar\/especializacion-radar\/?page_id=11"},"modified":"2017-11-25T12:15:25","modified_gmt":"2017-11-25T12:15:25","slug":"alumnos","status":"publish","type":"page","link":"https:\/\/blogs.unc.edu.ar\/posgrados-radar\/alumnos\/","title":{"rendered":"Alumnos"},"content":{"rendered":"<div style=\"text-align: justify\"><\/div>\n<div style=\"text-align: justify\"><span style=\"font-size: 14px\"><span style=\"font-family: arial, helvetica, sans-serif\">Pueden aspirar al t\u00edtulo de <strong><span style=\"color: #006400\">Especialista en Sistemas de Radar e Instrumentaci\u00f3n<\/span><\/strong><span style=\"color: #006400\"><span style=\"color: #000000\"> o de<\/span><\/span> <strong><span style=\"color: #006400\">Mag\u00edster en Sistemas de Radar e Instrumentaci\u00f3n<\/span>, <\/strong>todos los egresados de carreras de grado de Universidades P\u00fablicas o Privadas, del pa\u00eds y del extranjero, con un m\u00ednimo de cuatro a\u00f1os de duraci\u00f3n que acrediten la aprobaci\u00f3n de cursos de Matem\u00e1tica Avanzada, Probabilidad y Estad\u00edstica, Electromagnetismo y Termodin\u00e1mica, cualquiera sea el t\u00edtulo de grado que posea, equivalentes a los dictados en las carreras de ingenier\u00eda de las instituciones participantes afines a la tem\u00e1tica de este posgrado, previa aprobaci\u00f3n por parte del Comit\u00e9 Acad\u00e9mico de Carrera.<\/span><\/span><\/div>\n<div style=\"text-align: justify\"><\/div>\n<p>&nbsp;<\/p>\n<div style=\"text-align: justify\"><span style=\"font-size: 14px\"><span style=\"font-family: arial, helvetica, sans-serif\">Para ello, deber\u00e1n cumplir todos los requisitos estipulados en el reglamento y presentar la documentaci\u00f3n pertinente en la Secretar\u00eda de Posgrado de la <span style=\"color: #006400\"><strong>Facultad de Matem\u00e1tica, Astronom\u00eda, F\u00edsica y Computaci\u00f3n<\/strong>\u00a0<\/span>de la UNC.<\/span><\/span><\/div>\n","protected":false},"excerpt":{"rendered":"<p>Pueden aspirar al t\u00edtulo de Especialista en Sistemas de Radar e Instrumentaci\u00f3n o de Mag\u00edster en Sistemas de Radar e Instrumentaci\u00f3n, todos los egresados de carreras de grado de Universidades P\u00fablicas o Privadas, del pa\u00eds y del extranjero, con un m\u00ednimo de cuatro a\u00f1os de duraci\u00f3n que acrediten la aprobaci\u00f3n de cursos de Matem\u00e1tica Avanzada, [&hellip;]<\/p>\n","protected":false},"author":31,"featured_media":0,"parent":0,"menu_order":3,"comment_status":"closed","ping_status":"closed","template":"","meta":{"footnotes":""},"class_list":["post-11","page","type-page","status-publish","hentry"],"_links":{"self":[{"href":"https:\/\/blogs.unc.edu.ar\/posgrados-radar\/wp-json\/wp\/v2\/pages\/11","targetHints":{"allow":["GET"]}}],"collection":[{"href":"https:\/\/blogs.unc.edu.ar\/posgrados-radar\/wp-json\/wp\/v2\/pages"}],"about":[{"href":"https:\/\/blogs.unc.edu.ar\/posgrados-radar\/wp-json\/wp\/v2\/types\/page"}],"author":[{"embeddable":true,"href":"https:\/\/blogs.unc.edu.ar\/posgrados-radar\/wp-json\/wp\/v2\/users\/31"}],"replies":[{"embeddable":true,"href":"https:\/\/blogs.unc.edu.ar\/posgrados-radar\/wp-json\/wp\/v2\/comments?post=11"}],"version-history":[{"count":19,"href":"https:\/\/blogs.unc.edu.ar\/posgrados-radar\/wp-json\/wp\/v2\/pages\/11\/revisions"}],"predecessor-version":[{"id":590,"href":"https:\/\/blogs.unc.edu.ar\/posgrados-radar\/wp-json\/wp\/v2\/pages\/11\/revisions\/590"}],"wp:attachment":[{"href":"https:\/\/blogs.unc.edu.ar\/posgrados-radar\/wp-json\/wp\/v2\/media?parent=11"}],"curies":[{"name":"wp","href":"https:\/\/api.w.org\/{rel}","templated":true}]}}