{"id":37,"date":"2010-07-07T11:58:00","date_gmt":"2010-07-07T11:58:00","guid":{"rendered":"https:\/\/blogs.unc.edu.ar\/lammal\/?page_id=37"},"modified":"2016-05-19T23:12:12","modified_gmt":"2016-05-19T23:12:12","slug":"novedades","status":"publish","type":"page","link":"https:\/\/blogs.unc.edu.ar\/lammal\/novedades\/","title":{"rendered":"Novedades"},"content":{"rendered":"<p><a href=\"http:\/\/www.ffyh.unc.edu.ar\/alfilo\/comienzan-nuevas-busquedas-arqueologicas-en-ongamira\/\" target=\"_blank\">COMIENZAN NUEVAS B\u00daSQUEDAS ARQUEOL\u00d3GICAS EN ONGAMIRA<\/a><\/p>\n<blockquote class=\"twitter-tweet\" data-width=\"550\" data-dnt=\"true\">\n<p lang=\"es\" dir=\"ltr\">Comienzan nuevas b\u00fasquedas arqueol\u00f3gicas en Ongamira <a href=\"https:\/\/t.co\/gozbzSpwu9\">https:\/\/t.co\/gozbzSpwu9<\/a> <a href=\"https:\/\/t.co\/JJjS5r5aoh\">pic.twitter.com\/JJjS5r5aoh<\/a><\/p>\n<p>&mdash; FFyH &#8211; UNC (@ffyh_unc) <a href=\"https:\/\/twitter.com\/ffyh_unc\/status\/733342211916595201?ref_src=twsrc%5Etfw\">May 19, 2016<\/a><\/p><\/blockquote>\n<p><script async src=\"https:\/\/platform.twitter.com\/widgets.js\" charset=\"utf-8\"><\/script><\/p>\n","protected":false},"excerpt":{"rendered":"<p>COMIENZAN NUEVAS B\u00daSQUEDAS ARQUEOL\u00d3GICAS EN ONGAMIRA Comienzan nuevas b\u00fasquedas arqueol\u00f3gicas en Ongamira https:\/\/t.co\/gozbzSpwu9 pic.twitter.com\/JJjS5r5aoh &mdash; FFyH &#8211; UNC (@ffyh_unc) May 19, 2016<\/p>\n","protected":false},"author":6,"featured_media":0,"parent":0,"menu_order":0,"comment_status":"open","ping_status":"open","template":"","meta":{"footnotes":""},"class_list":["post-37","page","type-page","status-publish","hentry"],"_links":{"self":[{"href":"https:\/\/blogs.unc.edu.ar\/lammal\/wp-json\/wp\/v2\/pages\/37","targetHints":{"allow":["GET"]}}],"collection":[{"href":"https:\/\/blogs.unc.edu.ar\/lammal\/wp-json\/wp\/v2\/pages"}],"about":[{"href":"https:\/\/blogs.unc.edu.ar\/lammal\/wp-json\/wp\/v2\/types\/page"}],"author":[{"embeddable":true,"href":"https:\/\/blogs.unc.edu.ar\/lammal\/wp-json\/wp\/v2\/users\/6"}],"replies":[{"embeddable":true,"href":"https:\/\/blogs.unc.edu.ar\/lammal\/wp-json\/wp\/v2\/comments?post=37"}],"version-history":[{"count":5,"href":"https:\/\/blogs.unc.edu.ar\/lammal\/wp-json\/wp\/v2\/pages\/37\/revisions"}],"predecessor-version":[{"id":94,"href":"https:\/\/blogs.unc.edu.ar\/lammal\/wp-json\/wp\/v2\/pages\/37\/revisions\/94"}],"wp:attachment":[{"href":"https:\/\/blogs.unc.edu.ar\/lammal\/wp-json\/wp\/v2\/media?parent=37"}],"curies":[{"name":"wp","href":"https:\/\/api.w.org\/{rel}","templated":true}]}}