{"id":938,"date":"2016-08-10T11:02:14","date_gmt":"2016-08-10T14:02:14","guid":{"rendered":"https:\/\/blogs.unc.edu.ar\/infiqc\/?page_id=938"},"modified":"2024-09-23T09:55:24","modified_gmt":"2024-09-23T12:55:24","slug":"reuniones","status":"publish","type":"page","link":"https:\/\/blogs.unc.edu.ar\/infiqc\/institucional\/consejo-directivo\/reuniones\/","title":{"rendered":"Reuniones"},"content":{"rendered":"<div class=\"gmail_default\"><b><u>Reuniones del CD del A\u00f1o 2024<\/u><\/b><\/div>\n<div>\u00a0<\/div>\n<div><em>Las reuniones del CD se realizar\u00e1n a las 14:30 h. los d\u00edas establecidos, el lugar para cada reuni\u00f3n se informar\u00e1 oportunamente.<\/em><\/div>\n<div>\u00a0<\/div>\n<div class=\"gmail_default\">\n<ul>\n<li>Abril: Martes 23<\/li>\n<li>Mayo: Martes 21<\/li>\n<li>Junio: Martes 18<\/li>\n<li>Julio: Martes 16<\/li>\n<li>Agosto: Martes 20<\/li>\n<li>Setiembre: Martes 17<\/li>\n<li>Octubre: Martes 15<\/li>\n<li>Noviembre: Martes 19<\/li>\n<li>Diciembre: Martes 17<\/li>\n<\/ul>\n<\/div>\n<div class=\"gmail_default\">\u00a0<\/div>\n<div class=\"gmail_default\">\u00a0<\/div>\n\n\n<p><\/p>\n","protected":false},"excerpt":{"rendered":"<p>Reuniones del CD del A\u00f1o 2024 \u00a0 Las reuniones del CD se realizar\u00e1n a las 14:30 h. los d\u00edas establecidos, el lugar para cada reuni\u00f3n se informar\u00e1 oportunamente. \u00a0 Abril: Martes 23 Mayo: Martes 21 Junio: Martes 18 Julio: Martes 16 Agosto: Martes 20 Setiembre: Martes 17 Octubre: Martes 15 Noviembre: Martes 19 Diciembre: Martes [&hellip;]<\/p>\n","protected":false},"author":180,"featured_media":0,"parent":461,"menu_order":0,"comment_status":"closed","ping_status":"closed","template":"page-templates\/full-width.php","meta":{"footnotes":""},"class_list":["post-938","page","type-page","status-publish","hentry"],"_links":{"self":[{"href":"https:\/\/blogs.unc.edu.ar\/infiqc\/wp-json\/wp\/v2\/pages\/938","targetHints":{"allow":["GET"]}}],"collection":[{"href":"https:\/\/blogs.unc.edu.ar\/infiqc\/wp-json\/wp\/v2\/pages"}],"about":[{"href":"https:\/\/blogs.unc.edu.ar\/infiqc\/wp-json\/wp\/v2\/types\/page"}],"author":[{"embeddable":true,"href":"https:\/\/blogs.unc.edu.ar\/infiqc\/wp-json\/wp\/v2\/users\/180"}],"replies":[{"embeddable":true,"href":"https:\/\/blogs.unc.edu.ar\/infiqc\/wp-json\/wp\/v2\/comments?post=938"}],"version-history":[{"count":17,"href":"https:\/\/blogs.unc.edu.ar\/infiqc\/wp-json\/wp\/v2\/pages\/938\/revisions"}],"predecessor-version":[{"id":3048,"href":"https:\/\/blogs.unc.edu.ar\/infiqc\/wp-json\/wp\/v2\/pages\/938\/revisions\/3048"}],"up":[{"embeddable":true,"href":"https:\/\/blogs.unc.edu.ar\/infiqc\/wp-json\/wp\/v2\/pages\/461"}],"wp:attachment":[{"href":"https:\/\/blogs.unc.edu.ar\/infiqc\/wp-json\/wp\/v2\/media?parent=938"}],"curies":[{"name":"wp","href":"https:\/\/api.w.org\/{rel}","templated":true}]}}