{"id":868,"date":"2016-07-04T10:53:43","date_gmt":"2016-07-04T13:53:43","guid":{"rendered":"https:\/\/blogs.unc.edu.ar\/infiqc\/?page_id=868"},"modified":"2025-07-25T17:26:35","modified_gmt":"2025-07-25T20:26:35","slug":"doctorales","status":"publish","type":"page","link":"https:\/\/blogs.unc.edu.ar\/infiqc\/formularios\/becas\/doctorales\/","title":{"rendered":"Doctorales"},"content":{"rendered":"<p>Fecha L\u00edmite Presentaci\u00f3n <strong>29\/07\/2025<\/strong>\u00a0(Hasta las 23:59 h)<\/p>\n<p><a href=\"https:\/\/docs.google.com\/document\/d\/176MZOohsUjgK2SjdWxdSvNoDVQYojyY_\/edit?usp=sharing&amp;ouid=111052759048873039428&amp;rtpof=true&amp;sd=true\"><strong>Descargar Ficha Preinscripci\u00f3n<\/strong><\/a><\/p>\n<blockquote><p><strong><span style=\"color: #ff6600\"><em>Nota: si presenta dificultades para descargar la ficha y\/o enviar el formulario intent\u00e9 hacerlo en modo inc\u00f3gnito (Control+Shift+N) o intent\u00e9 con una navegador diferente.\u00a0<\/em><\/span><\/strong><\/p><\/blockquote>\n<p><em>Nota: La ficha debe ser cargada en formato PDF, recuerde tener en cuenta la fecha de presentaci\u00f3n.<\/em><\/p>\n<blockquote><p><a href=\"https:\/\/blogs.unc.edu.ar\/infiqc\/files\/Reglamento-interno-del-INFIQC.pdf\">Ver Reglamento Interno<\/a><\/p><\/blockquote>\n<p><em><span style=\"color: #ff0000\">IMPORTANTE:<\/span><\/em><br \/>\n<em><span style=\"color: #ff0000\">* Adjuntar CV del postulante a beca (siempre)<\/span><\/em><br \/>\n<em><span style=\"color: #ff0000\">* Adjuntar CV de director y\/o co director propuestos (en los casos que se indican en la ficha)<\/span><\/em><\/p>\n<p>Lo siento.  Este formulario ya no est\u00e1 disponible.<\/p>\n","protected":false},"excerpt":{"rendered":"<p>Fecha L\u00edmite Presentaci\u00f3n 29\/07\/2025\u00a0(Hasta las 23:59 h) Descargar Ficha Preinscripci\u00f3n Nota: si presenta dificultades para descargar la ficha y\/o enviar el formulario intent\u00e9 hacerlo en modo inc\u00f3gnito (Control+Shift+N) o intent\u00e9 con una navegador diferente.\u00a0 Nota: La ficha debe ser cargada en formato PDF, recuerde tener en cuenta la fecha de presentaci\u00f3n. Ver Reglamento Interno IMPORTANTE: [&hellip;]<\/p>\n","protected":false},"author":180,"featured_media":0,"parent":404,"menu_order":0,"comment_status":"closed","ping_status":"closed","template":"page-templates\/full-width.php","meta":{"footnotes":""},"class_list":["post-868","page","type-page","status-publish","hentry"],"_links":{"self":[{"href":"https:\/\/blogs.unc.edu.ar\/infiqc\/wp-json\/wp\/v2\/pages\/868","targetHints":{"allow":["GET"]}}],"collection":[{"href":"https:\/\/blogs.unc.edu.ar\/infiqc\/wp-json\/wp\/v2\/pages"}],"about":[{"href":"https:\/\/blogs.unc.edu.ar\/infiqc\/wp-json\/wp\/v2\/types\/page"}],"author":[{"embeddable":true,"href":"https:\/\/blogs.unc.edu.ar\/infiqc\/wp-json\/wp\/v2\/users\/180"}],"replies":[{"embeddable":true,"href":"https:\/\/blogs.unc.edu.ar\/infiqc\/wp-json\/wp\/v2\/comments?post=868"}],"version-history":[{"count":36,"href":"https:\/\/blogs.unc.edu.ar\/infiqc\/wp-json\/wp\/v2\/pages\/868\/revisions"}],"predecessor-version":[{"id":3194,"href":"https:\/\/blogs.unc.edu.ar\/infiqc\/wp-json\/wp\/v2\/pages\/868\/revisions\/3194"}],"up":[{"embeddable":true,"href":"https:\/\/blogs.unc.edu.ar\/infiqc\/wp-json\/wp\/v2\/pages\/404"}],"wp:attachment":[{"href":"https:\/\/blogs.unc.edu.ar\/infiqc\/wp-json\/wp\/v2\/media?parent=868"}],"curies":[{"name":"wp","href":"https:\/\/api.w.org\/{rel}","templated":true}]}}