{"id":551,"date":"2016-03-22T12:15:52","date_gmt":"2016-03-22T15:15:52","guid":{"rendered":"https:\/\/blogs.unc.edu.ar\/infiqc\/?page_id=551"},"modified":"2023-08-24T08:58:16","modified_gmt":"2023-08-24T11:58:16","slug":"certificacion-de-servicios","status":"publish","type":"page","link":"https:\/\/blogs.unc.edu.ar\/infiqc\/institucional\/certificacion-de-servicios\/","title":{"rendered":"CPA &#8211; Certificaci\u00f3n de Servicios"},"content":{"rendered":"<p><strong>De acuerdo a lo establecido por el CD, la certificaci\u00f3n mensual de servicios del Personal de Apoyo y la Administraci\u00f3n se efectuar\u00e1 seg\u00fan el siguiente detalle, en el que se indican los investigadores responsables correspondientes:<\/strong><\/p>\n<p style=\"text-align: center\"><img loading=\"lazy\" decoding=\"async\" class=\"aligncenter size-full wp-image-2857\" src=\"https:\/\/blogs.unc.edu.ar\/infiqc\/files\/inv-resp-2023.png\" alt=\"\" width=\"477\" height=\"500\" srcset=\"https:\/\/blogs.unc.edu.ar\/infiqc\/files\/inv-resp-2023.png 477w, https:\/\/blogs.unc.edu.ar\/infiqc\/files\/inv-resp-2023-286x300.png 286w\" sizes=\"auto, (max-width: 477px) 100vw, 477px\" \/><\/p>\n<p><strong>La\u00a0certificaci\u00f3n\u00a0del personal de la Administraci\u00f3n ser\u00e1 efectuada por el Director del INFIQC.<\/strong><\/p>\n","protected":false},"excerpt":{"rendered":"<p>De acuerdo a lo establecido por el CD, la certificaci\u00f3n mensual de servicios del Personal de Apoyo y la Administraci\u00f3n se efectuar\u00e1 seg\u00fan el siguiente detalle, en el que se indican los investigadores responsables correspondientes: La\u00a0certificaci\u00f3n\u00a0del personal de la Administraci\u00f3n ser\u00e1 efectuada por el Director del INFIQC.<\/p>\n","protected":false},"author":180,"featured_media":0,"parent":370,"menu_order":0,"comment_status":"closed","ping_status":"closed","template":"page-templates\/full-width.php","meta":{"footnotes":""},"class_list":["post-551","page","type-page","status-publish","hentry"],"_links":{"self":[{"href":"https:\/\/blogs.unc.edu.ar\/infiqc\/wp-json\/wp\/v2\/pages\/551","targetHints":{"allow":["GET"]}}],"collection":[{"href":"https:\/\/blogs.unc.edu.ar\/infiqc\/wp-json\/wp\/v2\/pages"}],"about":[{"href":"https:\/\/blogs.unc.edu.ar\/infiqc\/wp-json\/wp\/v2\/types\/page"}],"author":[{"embeddable":true,"href":"https:\/\/blogs.unc.edu.ar\/infiqc\/wp-json\/wp\/v2\/users\/180"}],"replies":[{"embeddable":true,"href":"https:\/\/blogs.unc.edu.ar\/infiqc\/wp-json\/wp\/v2\/comments?post=551"}],"version-history":[{"count":25,"href":"https:\/\/blogs.unc.edu.ar\/infiqc\/wp-json\/wp\/v2\/pages\/551\/revisions"}],"predecessor-version":[{"id":2858,"href":"https:\/\/blogs.unc.edu.ar\/infiqc\/wp-json\/wp\/v2\/pages\/551\/revisions\/2858"}],"up":[{"embeddable":true,"href":"https:\/\/blogs.unc.edu.ar\/infiqc\/wp-json\/wp\/v2\/pages\/370"}],"wp:attachment":[{"href":"https:\/\/blogs.unc.edu.ar\/infiqc\/wp-json\/wp\/v2\/media?parent=551"}],"curies":[{"name":"wp","href":"https:\/\/api.w.org\/{rel}","templated":true}]}}