{"id":372,"date":"2016-03-02T10:48:12","date_gmt":"2016-03-02T13:48:12","guid":{"rendered":"https:\/\/blogs.unc.edu.ar\/infiqc\/?page_id=372"},"modified":"2024-09-20T08:37:33","modified_gmt":"2024-09-20T11:37:33","slug":"organizacion-adminitrativa","status":"publish","type":"page","link":"https:\/\/blogs.unc.edu.ar\/infiqc\/institucional\/organizacion-adminitrativa\/","title":{"rendered":"Organizaci\u00f3n Administrativa"},"content":{"rendered":"<p><strong><em>A \u2013 Estructura administrativa:<\/em><\/strong><\/p>\n<p><strong>1)<\/strong>\u00a0<strong>Oficina de Asuntos Econ\u00f3micos y Presupuestarios<\/strong><br \/>\nResponsable: Mar\u00eda Laura Buyulaqui; <a href=\"mailto:maria.laura.buyulaqui@unc.edu.ar\">maria.laura.buyulaqui@unc.edu.ar<\/a><\/p>\n<p><strong>2)<\/strong>\u00a0<strong>Oficina de Personal y Gesti\u00f3n Institucional<\/strong><br \/>\nResponsable: Mar\u00eda Eugenia Catalano ; <a href=\"mailto:eugeniacatalano@unc.edu.ar\">eugeniacatalano@unc.edu.ar<\/a><\/p>\n<p><strong>3)<\/strong>\u00a0<strong>Oficina de Comercio Internacional <\/strong><br \/>\nResponsable: Mar\u00eda Laura Buyulaqui; <a href=\"mailto:maria.laura.buyulaqui@unc.edu.ar\">maria.laura.buyulaqui@unc.edu.ar<\/a><\/p>\n<p><strong>4)<\/strong>\u00a0<strong>Oficina de Inform\u00e1tica, Comunicaci\u00f3n y Memoria Institucional<\/strong><br \/>\nResponsable: Gabriel Puerta; <a href=\"mailto:gabriel.puerta@unc.edu.ar\">gabriel.puerta@unc.edu.ar<\/a><\/p>\n<p><strong>5) Oficina de Drogueros y Seguridad<\/strong><\/p>\n<p>Responsable DFQ: Lic. Carolina Tassile; <a href=\"mailto:carotassile@unc.edu.ar\">carotassile@unc.edu.ar<\/a><\/p>\n<p>Responsable DQO: Dra. Ma. Eugenia Bud\u00e9n; <a href=\"mailto:eugebuden@unc.edu.ar\">eugebuden@unc.edu.ar<\/a> y Mar\u00eda Laura Buyulaqui; <a href=\"mailto:maria.laura.buyulaqui@unc.edu.ar\">maria.laura.buyulaqui@unc.edu.ar<\/a><\/p>\n<p><strong><em>B \u2013 Tareas a desarrollar en cada una de las Oficinas:<\/em><\/strong><\/p>\n<ul>\n<li><strong>Oficina de Asuntos Econ\u00f3micos y Presupuestarios<\/strong><\/li>\n<\/ul>\n<p><strong>o<\/strong>\u00a0Seguimiento y rendici\u00f3n de Subsidios que no sean del CONICET<br \/>\n<strong>o<\/strong>\u00a0Comisi\u00f3n de Presupuesto:<\/p>\n<ul>\n<li>Organizaci\u00f3n y convocatoria de las reuniones<br \/>\n\u2022 Asistencia a reuniones<br \/>\n\u2022 Carga de datos en las planillas<br \/>\n\u2022 Conciliaci\u00f3n con CCT<br \/>\n\u2022 Pedido Anual del Presupuesto<\/li>\n<\/ul>\n<p><strong>o<\/strong>\u00a0Patrimonio INFIQC<\/p>\n<p><strong>o<\/strong>\u00a0STAN<\/p>\n<ul>\n<li>Puesta en marcha de STAN<br \/>\n\u2022 Control de gastos<br \/>\n\u2022 Conciliaci\u00f3n con CCT<\/li>\n<\/ul>\n<p><strong>2) Oficina de Personal y Gesti\u00f3n Institucional<\/strong><\/p>\n<p><strong>o<\/strong>\u00a0Certificaci\u00f3n de Servicios:<\/p>\n<ul>\n<li>CONICET (Intranet)<br \/>\n\u2022 Interna (Directores de Grupo)<\/li>\n<\/ul>\n<p><strong>o<\/strong>\u00a0Control y actualizaci\u00f3n de la Planilla de Personal (datos, categor\u00eda, planta docente, etc.), Grupos y Licencias<br \/>\n<strong>o<\/strong>\u00a0Solicitudes, concursos e ingresos de CPA<br \/>\n<strong>o<\/strong>\u00a0Tr\u00e1mites de solicitudes e ingresos a Becas y CIC<br \/>\n<strong>o<\/strong>\u00a0Tr\u00e1mites de solicitudes de Subsidios CONICET<\/p>\n<p><strong>o<\/strong>\u00a0\u00c1rea Gesti\u00f3n Institucional<\/p>\n<ul>\n<li>Organizaci\u00f3n y convocatoria de reuniones de CD, Comisiones Asesoras, Comisiones Ad Hoc, y otras, C. de Talleres, Programas y Plan Estrat\u00e9gico<br \/>\n\u2022 Gesti\u00f3n de material y apoyo para las reuniones<br \/>\n\u2022 Elaboraci\u00f3n de s\u00edntesis de lo tratado en comisiones<br \/>\n\u2022 Elaboraci\u00f3n de actas<\/li>\n<\/ul>\n<p><strong>3) Oficina de Comercio Internacional<\/strong><\/p>\n<p><strong>o<\/strong>\u00a0\u00c1rea De Comercio Exterior y Aduanas<\/p>\n<ul>\n<li>Tr\u00e1mites administrativos en Comercio Exterior- UNC<br \/>\n\u2022 Tr\u00e1mites administrativos en Aduana C\u00f3rdoba<br \/>\n\u2022 Tr\u00e1mites administrativos en Aduana-Correo Argentino<br \/>\n\u2022 Retiro de mercader\u00eda dep\u00f3sito Aduanero Aeropuerto<\/li>\n<\/ul>\n<p><strong>4) Oficina de Inform\u00e1tica, Comunicaci\u00f3n y Memoria Institucional<\/strong><\/p>\n<p><strong>o<\/strong>\u00a0Digitalizaci\u00f3n y archivo f\u00edsico de documentaci\u00f3n (general)<br \/>\n<strong>o<\/strong>\u00a0Administraci\u00f3n Intranet (comunicaci\u00f3n institucional)<br \/>\n<strong>o<\/strong>\u00a0Dise\u00f1o y Comunicaci\u00f3n<br \/>\n<strong>o<\/strong>\u00a0Administraci\u00f3n sitio Web del instituto<br \/>\n<strong>o<\/strong>\u00a0Asesoramiento en cuestiones inform\u00e1ticas<br \/>\n<strong>o<\/strong>\u00a0Memoria Anual<br \/>\n<strong>o<\/strong>\u00a0Difusiones Masivas (Congresos, charlas, cumplea\u00f1os, novedades, etc.)<\/p>\n<p><strong>5)<\/strong>\u00a0<strong>Oficina de Drogueros y Seguridad<\/strong><\/p>\n<p><strong>o<\/strong>\u00a0DROGAS<\/p>\n<ul>\n<li>Actualizaci\u00f3n de los inventarios de los drogueros de cada grupo<br \/>\n\u2022 Gesti\u00f3n de compras de drogas, reactivos, insumos y elementos de laboratorio, incluido equipos y accesorios<br \/>\n\u2022 Elaboraci\u00f3n del informe trimestralmente para SEDRONAR sobre la compra y uso de drogas de trazabilidad en laboratorios del departamento de Fisicoqu\u00edmica.<\/li>\n<\/ul>\n<p><strong>o<\/strong>\u00a0SEGURIDAD<\/p>\n<ul>\n<li>Participaci\u00f3n en la comisi\u00f3n de Edificio y Seguridad de INFIQC.<br \/>\n\u2022 Relevamientos de necesidades de las distintas \u00e1reas que constituyen el instituto.<br \/>\n\u2022 Elaboraci\u00f3n de un sistema de gesti\u00f3n de calidad de Laboratorios.<\/li>\n<\/ul>\n<p><strong>o<\/strong>\u00a0GASES<\/p>\n<ul>\n<li>Gesti\u00f3n de gases de uso com\u00fan de todo el INFIQC<br \/>\n\u2022 Control de movimientos de cilindros, gesti\u00f3n de pedidos y reclamos de las cuentas asociadas a grupos particulares.<\/li>\n<\/ul>\n<p><strong>o<\/strong>\u00a0AGUA<\/p>\n<ul>\n<li>Operaci\u00f3n, control diario y mantenimiento de los equipos de purificaci\u00f3n de agua.<br \/>\n\u2022 Gesti\u00f3n, carga y registro de las planillas del STAN.<br \/>\n\u2022 Mantenimiento de destilador de agua ubicado en el departamento de Org\u00e1nica<\/li>\n<\/ul>\n<p><strong>o<\/strong>\u00a0AMBIENTE<\/p>\n<ul>\n<li>Monitoreo ambiental de laboratorios.<\/li>\n<\/ul>\n<p><strong><em>Los Drogueros a cargo de la Lic. Carolina Tassile son los correspondientes a los Grupos del INFIQC con los siguientes directores\/coordinadores:<\/em><\/strong><\/p>\n<p>Arg\u00fcello, Gustavo<br \/>\nArg\u00fcello, Gerardo<br \/>\nBaruzzi, Ana<br \/>\nCarbonio, Ra\u00fal<br \/>\nCoronado, Eduardo<br \/>\nDassie, Sergio<br \/>\nGiacomelli, Carla<br \/>\nL\u00f3pez Teijelo, Manuel<br \/>\nOrtiz, Patricia<br \/>\nPatrito, Mart\u00edn<br \/>\nPino, Gustavo<br \/>\nRivas, Gustavo<br \/>\nTeruel, Mariano<br \/>\nYudi, Mabel<\/p>\n<p><strong><em>Los Drogueros a cargo de Dra. Ma. Eugenia Bud\u00e9n y Ma. Laura Buyulaqui son los correspondientes a los Grupos del INFIQC con los siguientes directores\/coordinadores:<\/em><\/strong><\/p>\n<p>Baumgartner, Mar\u00eda T.<br \/>\nGranados, Alejandro<br \/>\nLeiva, Ezequiel<br \/>\nMariscal, Marcelo<br \/>\nMart\u00edn, Sandra<br \/>\nMoyano, Elizabeth<br \/>\nPe\u00f1\u00e9\u00f1ory, Alicia<br \/>\nS\u00e1nchez, Cristi\u00e1n<br \/>\nVeglia, Alicia<\/p>\n","protected":false},"excerpt":{"rendered":"<p>A \u2013 Estructura administrativa: 1)\u00a0Oficina de Asuntos Econ\u00f3micos y Presupuestarios Responsable: Mar\u00eda Laura Buyulaqui; maria.laura.buyulaqui@unc.edu.ar 2)\u00a0Oficina de Personal y Gesti\u00f3n Institucional Responsable: Mar\u00eda Eugenia Catalano ; eugeniacatalano@unc.edu.ar 3)\u00a0Oficina de Comercio Internacional Responsable: Mar\u00eda Laura Buyulaqui; maria.laura.buyulaqui@unc.edu.ar 4)\u00a0Oficina de Inform\u00e1tica, Comunicaci\u00f3n y Memoria Institucional Responsable: Gabriel Puerta; gabriel.puerta@unc.edu.ar 5) Oficina de Drogueros y Seguridad Responsable DFQ: [&hellip;]<\/p>\n","protected":false},"author":180,"featured_media":0,"parent":370,"menu_order":0,"comment_status":"closed","ping_status":"closed","template":"page-templates\/full-width.php","meta":{"footnotes":""},"class_list":["post-372","page","type-page","status-publish","hentry"],"_links":{"self":[{"href":"https:\/\/blogs.unc.edu.ar\/infiqc\/wp-json\/wp\/v2\/pages\/372","targetHints":{"allow":["GET"]}}],"collection":[{"href":"https:\/\/blogs.unc.edu.ar\/infiqc\/wp-json\/wp\/v2\/pages"}],"about":[{"href":"https:\/\/blogs.unc.edu.ar\/infiqc\/wp-json\/wp\/v2\/types\/page"}],"author":[{"embeddable":true,"href":"https:\/\/blogs.unc.edu.ar\/infiqc\/wp-json\/wp\/v2\/users\/180"}],"replies":[{"embeddable":true,"href":"https:\/\/blogs.unc.edu.ar\/infiqc\/wp-json\/wp\/v2\/comments?post=372"}],"version-history":[{"count":22,"href":"https:\/\/blogs.unc.edu.ar\/infiqc\/wp-json\/wp\/v2\/pages\/372\/revisions"}],"predecessor-version":[{"id":3015,"href":"https:\/\/blogs.unc.edu.ar\/infiqc\/wp-json\/wp\/v2\/pages\/372\/revisions\/3015"}],"up":[{"embeddable":true,"href":"https:\/\/blogs.unc.edu.ar\/infiqc\/wp-json\/wp\/v2\/pages\/370"}],"wp:attachment":[{"href":"https:\/\/blogs.unc.edu.ar\/infiqc\/wp-json\/wp\/v2\/media?parent=372"}],"curies":[{"name":"wp","href":"https:\/\/api.w.org\/{rel}","templated":true}]}}