{"id":309,"date":"2016-02-25T11:29:45","date_gmt":"2016-02-25T14:29:45","guid":{"rendered":"https:\/\/blogs.unc.edu.ar\/infiqc\/?page_id=309"},"modified":"2023-03-10T12:21:54","modified_gmt":"2023-03-10T15:21:54","slug":"licencias-cortas-dentro-del-pais","status":"publish","type":"page","link":"https:\/\/blogs.unc.edu.ar\/infiqc\/formularios\/licencias\/licencias-cortas-dentro-del-pais\/","title":{"rendered":"LICENCIAS CORTAS DENTRO DEL PA\u00cdS"},"content":{"rendered":"\n<h4 class=\"wp-block-heading\">Este formulario es un medio de solicitud de licencias S\u00d3LO PARA INVESTIGADORES.<\/h4>\n\n\n\n<h4 class=\"wp-block-heading\">Becarios, Contratados y Personal de Apoyo deber\u00e1n realizar la solicitud a trav\u00e9s de SIGERH.<\/h4>\n\n\n\n<h4 class=\"wp-block-heading\">Por favor, completar el FORMULARIO con los datos correspondientes.<\/h4>\n\n\n\n<div class=\"wp-block-file\"><a id=\"wp-block-file--media-459c1c1c-0077-4ec9-b102-d75f51438cd3\" href=\"https:\/\/blogs.unc.edu.ar\/infiqc\/files\/licencias-breves.pdf\">Normativa<\/a><a href=\"https:\/\/blogs.unc.edu.ar\/infiqc\/files\/licencias-breves.pdf\" class=\"wp-block-file__button\" download aria-describedby=\"wp-block-file--media-459c1c1c-0077-4ec9-b102-d75f51438cd3\">Descarga<\/a><\/div>\n\n\n\n                <div class='gf_browser_gecko gform_wrapper' id='gform_wrapper_26' ><form method='post' enctype='multipart\/form-data'  id='gform_26'  action='\/infiqc\/wp-json\/wp\/v2\/pages\/309'>\n                        <div class='gform_heading'>\n                            <span class='gform_description'><\/span>\n                        <\/div>\n                        <div class='gform_body'><ul id='gform_fields_26' class='gform_fields top_label form_sublabel_below description_below'><li id='field_26_1'  class='gfield gfield_contains_required field_sublabel_below field_description_below gfield_visibility_visible' ><label class='gfield_label gfield_label_before_complex' for='input_26_1_3' >Nombre<span class='gfield_required'>*<\/span><\/label><div class='ginput_complex ginput_container no_prefix has_first_name no_middle_name has_last_name no_suffix gf_name_has_2 ginput_container_name gfield_trigger_change' id='input_26_1'>\n                            \n                            <span id='input_26_1_3_container' class='name_first' >\n                                                    <input type='text' name='input_1.3' id='input_26_1_3' value='' aria-label='Nombre'   aria-required=\"true\" aria-invalid=\"false\" \/>\n                                                    <label for='input_26_1_3' >Nombre<\/label>\n                                                <\/span>\n                            \n                            <span id='input_26_1_6_container' class='name_last' >\n                                                    <input type='text' name='input_1.6' id='input_26_1_6' value='' aria-label='Apellidos'   aria-required=\"true\" aria-invalid=\"false\" \/>\n                                                    <label for='input_26_1_6' >Apellidos<\/label>\n                                                <\/span>\n                            \n                        <\/div><\/li><li id='field_26_2'  class='gfield gfield_contains_required field_sublabel_below field_description_below gfield_visibility_visible' ><label class='gfield_label' for='input_26_2' >E-mail<span class='gfield_required'>*<\/span><\/label><div class='ginput_container ginput_container_text'><input name='input_2' id='input_26_2' type='text' value='' class='medium'     aria-required=\"true\" aria-invalid=\"false\" \/><\/div><\/li><li id='field_26_3'  class='gfield field_sublabel_below field_description_below gfield_visibility_visible' ><label class='gfield_label' for='input_26_3' >Tel\u00e9fono M\u00f3vil<\/label><div class='ginput_container ginput_container_phone'><input name='input_3' id='input_26_3' type='text' value='' class='medium'     aria-invalid=\"false\" \/><\/div><div class='gfield_description'>(Si posee, solo para urgencias)<\/div><\/li><li id='field_26_4'  class='gfield gfield_contains_required field_sublabel_below field_description_below gfield_visibility_visible' ><label class='gfield_label' for='input_26_4' >Lugar de Trabajo<span class='gfield_required'>*<\/span><\/label><div class='ginput_container ginput_container_multiselect'><select multiple='multiple' data-placeholder='Clic para seleccionar...' size='7' name='input_4[]' id='input_26_4'  class='medium gfield_select'  ><option value='FQ' >FQ<\/option><option value='QO' >QO<\/option><option value='QTC' >QTC<\/option><\/select><\/div><\/li><li id='field_26_5'  class='gfield gfield_contains_required field_sublabel_below field_description_below gfield_visibility_visible' ><label class='gfield_label' for='input_26_5' >Motivo de la Licencia (Explicar tema y prop\u00f3sito de la estad\u00eda)<span class='gfield_required'>*<\/span><\/label><div class='ginput_container ginput_container_text'><input name='input_5' id='input_26_5' type='text' value='' class='medium'     aria-required=\"true\" aria-invalid=\"false\" \/><\/div><\/li><li id='field_26_13'  class='gfield gfield_contains_required field_sublabel_below field_description_below gfield_visibility_visible' ><label class='gfield_label' for='input_26_13' >Adjuntar Invitaci\u00f3n<span class='gfield_required'>*<\/span><\/label><div class='ginput_container ginput_container_fileupload'><input type='hidden' name='MAX_FILE_SIZE' value='10485760' \/><input name='input_13' id='input_26_13' type='file' class='medium' aria-describedby='extensions_message_26_13' onchange='javascript:gformValidateFileSize( this, 10485760 );'  \/><span id='extensions_message_26_13' class='screen-reader-text'><\/span><div class='validation_message'><\/div><\/div><\/li><li id='field_26_6'  class='gfield gfield_contains_required field_sublabel_below field_description_below gfield_visibility_visible' ><label class='gfield_label' for='input_26_6' >Participar\u00e1 Como<span class='gfield_required'>*<\/span><\/label><div class='ginput_container ginput_container_multiselect'><select multiple='multiple' data-placeholder='Clic para seleccionar...' size='7' name='input_6[]' id='input_26_6'  class='medium gfield_select'  ><option value='Asistente' >Asistente<\/option><option value='Disertante' >Disertante<\/option><option value='Con presentaci\u00f3n gr\u00e1fica (p\u00f3ster, por ejemplo)' >Con presentaci\u00f3n gr\u00e1fica (p\u00f3ster, por ejemplo)<\/option><option value='Organizador' >Organizador<\/option><\/select><\/div><\/li><li id='field_26_7'  class='gfield gfield_contains_required field_sublabel_below field_description_below gfield_visibility_visible' ><label class='gfield_label' for='input_26_7' >Desde<span class='gfield_required'>*<\/span><\/label><div class='ginput_container ginput_container_date'>\n                            <input name='input_7' id='input_26_7' type='text' value='' class='datepicker medium dmy datepicker_no_icon'   \/>\n                        <\/div>\n                        <input type='hidden' id='gforms_calendar_icon_input_26_7' class='gform_hidden' value='https:\/\/blogs.unc.edu.ar\/infiqc\/wp-content\/plugins\/gravityforms\/images\/calendar.png'\/><\/li><li id='field_26_8'  class='gfield gfield_contains_required field_sublabel_below field_description_below gfield_visibility_visible' ><label class='gfield_label' for='input_26_8' >Hasta<span class='gfield_required'>*<\/span><\/label><div class='ginput_container ginput_container_date'>\n                            <input name='input_8' id='input_26_8' type='text' value='' class='datepicker medium dmy datepicker_no_icon'   \/>\n                        <\/div>\n                        <input type='hidden' id='gforms_calendar_icon_input_26_8' class='gform_hidden' value='https:\/\/blogs.unc.edu.ar\/infiqc\/wp-content\/plugins\/gravityforms\/images\/calendar.png'\/><\/li><li id='field_26_9'  class='gfield gfield_contains_required field_sublabel_below field_description_below gfield_visibility_visible' ><label class='gfield_label' for='input_26_9' >Instituci\u00f3n donde desarrollar\u00e1 sus tareas durante la licencia<span class='gfield_required'>*<\/span><\/label><div class='ginput_container ginput_container_text'><input name='input_9' id='input_26_9' type='text' value='' class='medium'     aria-required=\"true\" aria-invalid=\"false\" \/><\/div><\/li><li id='field_26_10'  class='gfield gfield_contains_required field_sublabel_below field_description_below gfield_visibility_visible' ><label class='gfield_label gfield_label_before_complex' for='input_26_10_1' >Direcci\u00f3n<span class='gfield_required'>*<\/span><\/label>    \n                    <div class='ginput_complex ginput_container has_street has_street2 has_city has_state has_zip has_country ginput_container_address gfield_trigger_change' id='input_26_10' >\n                         <span class='ginput_full address_line_1' id='input_26_10_1_container' >\n                                        <input type='text' name='input_10.1' id='input_26_10_1' value=''   \/>\n                                        <label for='input_26_10_1' id='input_26_10_1_label' >Direcci\u00f3n<\/label>\n                                    <\/span><span class='ginput_full address_line_2' id='input_26_10_2_container' >\n                                        <input type='text' name='input_10.2' id='input_26_10_2' value=''   \/>\n                                        <label for='input_26_10_2' id='input_26_10_2_label' >Direcci\u00f3n 2<\/label>\n                                    <\/span><span class='ginput_left address_city' id='input_26_10_3_container' >\n                                    <input type='text' name='input_10.3' id='input_26_10_3' value=''   \/>\n                                    <label for='input_26_10_3' id='input_26_10_3_label' >Ciudad<\/label>\n                                 <\/span><span class='ginput_right address_state' id='input_26_10_4_container' >\n                                        <input type='text' name='input_10.4' id='input_26_10_4' value=''     \/>\n                                        <label for='input_26_10_4' id='input_26_10_4_label' >Estado \/ Provincia \/ Regi\u00f3n<\/label>\n                                      <\/span><span class='ginput_left address_zip' id='input_26_10_5_container' >\n                                    <input type='text' name='input_10.5' id='input_26_10_5' value=''   \/>\n                                    <label for='input_26_10_5' id='input_26_10_5_label' >ZIP \/ C\u00f3digo Postal<\/label>\n                                <\/span><span class='ginput_right address_country' id='input_26_10_6_container' >\n                                        <select name='input_10.6' id='input_26_10_6'  ><option value='' ><\/option><option value='Afghanist\u00e1n' >Afghanist\u00e1n<\/option><option value='Albania' >Albania<\/option><option value='Argelia' >Argelia<\/option><option value='Samoa Americana' >Samoa Americana<\/option><option value='Andorra' >Andorra<\/option><option value='Angola' >Angola<\/option><option value='Antigua y Barbuda' >Antigua y Barbuda<\/option><option value='Argentina' selected='selected'>Argentina<\/option><option value='Armenia' >Armenia<\/option><option value='Australia' >Australia<\/option><option value='Austria' >Austria<\/option><option value='Azerbaiy\u00e1n' >Azerbaiy\u00e1n<\/option><option value='Bahamas' >Bahamas<\/option><option value='Bar\u00e9in' >Bar\u00e9in<\/option><option value='Bangladesh' >Bangladesh<\/option><option value='Barbados' >Barbados<\/option><option value='Bielorusia' >Bielorusia<\/option><option value='B\u00e9gica' >B\u00e9gica<\/option><option value='Belice' >Belice<\/option><option value='Benin' >Benin<\/option><option value='Bermuda' >Bermuda<\/option><option value='Bhut\u00e1n' >Bhut\u00e1n<\/option><option value='Bolivia' >Bolivia<\/option><option value='Bosnia y Herzegovina' >Bosnia y Herzegovina<\/option><option value='Botswana' >Botswana<\/option><option value='Brasil' >Brasil<\/option><option value='Brunei' >Brunei<\/option><option value='Bulgaria' >Bulgaria<\/option><option value='Burkina Faso' >Burkina Faso<\/option><option value='Burundi' >Burundi<\/option><option value='Camboya' >Camboya<\/option><option value='Camer\u00fan' >Camer\u00fan<\/option><option value='Canada' >Canada<\/option><option value='Cabo Verde' >Cabo Verde<\/option><option value='Islas Caim\u00e1n' >Islas Caim\u00e1n<\/option><option value='Rep\u00fablica Centroafricana' >Rep\u00fablica Centroafricana<\/option><option value='Chad' >Chad<\/option><option value='Chile' >Chile<\/option><option value='China' >China<\/option><option value='Colombia' >Colombia<\/option><option value='Comoras' >Comoras<\/option><option value='Congo, Rep\u00fablica Democr\u00e1tica del' >Congo, Rep\u00fablica Democr\u00e1tica del<\/option><option value='Congo, Rep\u00fablica de' >Congo, Rep\u00fablica de<\/option><option value='Costa Rica' >Costa Rica<\/option><option value='Costa de Marfil' >Costa de Marfil<\/option><option value='Croacia' >Croacia<\/option><option value='Cuba' >Cuba<\/option><option value='Curazao' >Curazao<\/option><option value='Chipre' >Chipre<\/option><option value='Rep\u00fablica Checa' >Rep\u00fablica Checa<\/option><option value='Dinamarca' >Dinamarca<\/option><option value='Djibouti' >Djibouti<\/option><option value='Dominica' >Dominica<\/option><option value='Rep\u00fablica Dominicana' >Rep\u00fablica Dominicana<\/option><option value='Timor Oriental' >Timor Oriental<\/option><option value='Ecuador' >Ecuador<\/option><option value='Egipto' >Egipto<\/option><option value='El Salvador' >El Salvador<\/option><option value='Guinea Ecuatorial' >Guinea Ecuatorial<\/option><option value='Eritrea' >Eritrea<\/option><option value='Estonia' >Estonia<\/option><option value='Etiop\u00eda' >Etiop\u00eda<\/option><option value='Islas Faroe' >Islas Faroe<\/option><option value='Fiji' >Fiji<\/option><option value='Finlancia' >Finlancia<\/option><option value='Francia' >Francia<\/option><option value='Polinesia Francesa' >Polinesia Francesa<\/option><option value='Gab\u00f3n' >Gab\u00f3n<\/option><option value='Gambia' >Gambia<\/option><option value='Georgia' >Georgia<\/option><option value='Alemania' >Alemania<\/option><option value='Ghana' >Ghana<\/option><option value='Grecia' >Grecia<\/option><option value='Groenlandia' >Groenlandia<\/option><option value='Granada' >Granada<\/option><option value='Guam' >Guam<\/option><option value='Guatemala' >Guatemala<\/option><option value='Guinea' >Guinea<\/option><option value='Guinea Bissau' >Guinea Bissau<\/option><option value='Guayana' >Guayana<\/option><option value='Hait\u00ed' >Hait\u00ed<\/option><option value='Honduras' >Honduras<\/option><option value='Hong Kong' >Hong Kong<\/option><option value='Hungr\u00eda' >Hungr\u00eda<\/option><option value='Islandia' >Islandia<\/option><option value='India' >India<\/option><option value='Indonesia' >Indonesia<\/option><option value='Ir\u00e1n' >Ir\u00e1n<\/option><option value='Iraq' >Iraq<\/option><option value='Irlanda' >Irlanda<\/option><option value='Israel' >Israel<\/option><option value='Italia' >Italia<\/option><option value='Jamaica' >Jamaica<\/option><option value='Jap\u00f3n' >Jap\u00f3n<\/option><option value='Jord\u00e1n' >Jord\u00e1n<\/option><option value='Kazajist\u00e1n' >Kazajist\u00e1n<\/option><option value='Kenia' >Kenia<\/option><option value='Kiribati' >Kiribati<\/option><option value='Corea del Norte' >Corea del Norte<\/option><option value='Corea del Sur' >Corea del Sur<\/option><option value='Kosovo' >Kosovo<\/option><option value='Kuwait' >Kuwait<\/option><option value='Kirguist\u00e1n' >Kirguist\u00e1n<\/option><option value='Laos' >Laos<\/option><option value='Lituania' >Lituania<\/option><option value='L\u00edbano' >L\u00edbano<\/option><option value='Lesoto' >Lesoto<\/option><option value='Liberia' >Liberia<\/option><option value='LIbia' >LIbia<\/option><option value='Liechtenstein' >Liechtenstein<\/option><option value='Lituania' >Lituania<\/option><option value='Luxemburgo' >Luxemburgo<\/option><option value='Macedonia' >Macedonia<\/option><option value='Madagascar' >Madagascar<\/option><option value='Malawi' >Malawi<\/option><option value='Malasia' >Malasia<\/option><option value='Maldivas' >Maldivas<\/option><option value='Mali' >Mali<\/option><option value='Malta' >Malta<\/option><option value='Islas Marshall' >Islas Marshall<\/option><option value='Mauritania' >Mauritania<\/option><option value='Mauricio' >Mauricio<\/option><option value='M\u00e9jico' >M\u00e9jico<\/option><option value='Micronesia' >Micronesia<\/option><option value='Moldavia' >Moldavia<\/option><option value='Monaco' >Monaco<\/option><option value='Mongolia' >Mongolia<\/option><option value='Montenegro' >Montenegro<\/option><option value='Marruecos' >Marruecos<\/option><option value='Mozambique' >Mozambique<\/option><option value='Myanmar' >Myanmar<\/option><option value='Namibia' >Namibia<\/option><option value='Nauru' >Nauru<\/option><option value='Nepal' >Nepal<\/option><option value='Paises Bajos' >Paises Bajos<\/option><option value='Nueva Zelanda' >Nueva Zelanda<\/option><option value='Nicaragua' >Nicaragua<\/option><option value='N\u00edger' >N\u00edger<\/option><option value='Nigeria' >Nigeria<\/option><option value='Islas Marianas del Norte' >Islas Marianas del Norte<\/option><option value='Noruega' >Noruega<\/option><option value='Om\u00e1n' >Om\u00e1n<\/option><option value='Pakist\u00e1n' >Pakist\u00e1n<\/option><option value='Palau' >Palau<\/option><option value='Palestina, Estado de' >Palestina, Estado de<\/option><option value='Panam\u00e1' >Panam\u00e1<\/option><option value='Pap\u00faa Nueva Guinea' >Pap\u00faa Nueva Guinea<\/option><option value='Paraguay' >Paraguay<\/option><option value='Per\u00fa' >Per\u00fa<\/option><option value='Filipinas' >Filipinas<\/option><option value='Polonia' >Polonia<\/option><option value='Portugal' >Portugal<\/option><option value='Puerto Rico' >Puerto Rico<\/option><option value='Qatar' >Qatar<\/option><option value='Ruman\u00eda' >Ruman\u00eda<\/option><option value='Rusia' >Rusia<\/option><option value='Ruanda' >Ruanda<\/option><option value='San Crist\u00f3bal y Nieves' >San Crist\u00f3bal y Nieves<\/option><option value='Santa Luc\u00eda' >Santa Luc\u00eda<\/option><option value='San Vicente y las Granadinas' >San Vicente y las Granadinas<\/option><option value='San Mart\u00edn' >San Mart\u00edn<\/option><option value='Samoa' >Samoa<\/option><option value='San Marino' >San Marino<\/option><option value='Santo Tom\u00e9 y Principe' >Santo Tom\u00e9 y Principe<\/option><option value='Arabia Saudita' >Arabia Saudita<\/option><option value='Senegal' >Senegal<\/option><option value='Serbia' >Serbia<\/option><option value='Seychelles' >Seychelles<\/option><option value='Sierra Leona' >Sierra Leona<\/option><option value='Singapur' >Singapur<\/option><option value='Sint Maarten' >Sint Maarten<\/option><option value='Eslovaquia' >Eslovaquia<\/option><option value='Eslovenia' >Eslovenia<\/option><option value='Islas Salom\u00f3n' >Islas Salom\u00f3n<\/option><option value='Somalia' >Somalia<\/option><option value='Sud\u00e1frica' >Sud\u00e1frica<\/option><option value='Espa\u00f1a' >Espa\u00f1a<\/option><option value='Sri Lanka' >Sri Lanka<\/option><option value='Sud\u00e1n' >Sud\u00e1n<\/option><option value='Sud\u00e1n del Sur' >Sud\u00e1n del Sur<\/option><option value='Surinam' >Surinam<\/option><option value='Swazilandia' >Swazilandia<\/option><option value='Suecia' >Suecia<\/option><option value='Suiza' >Suiza<\/option><option value='Siria' >Siria<\/option><option value='Taiwan' >Taiwan<\/option><option value='Tayikist\u00e1n' >Tayikist\u00e1n<\/option><option value='Tanzania' >Tanzania<\/option><option value='Tailandia' >Tailandia<\/option><option value='Togo' >Togo<\/option><option value='Tonga' >Tonga<\/option><option value='Trinidad y Tobago' >Trinidad y Tobago<\/option><option value='T\u00fanez' >T\u00fanez<\/option><option value='Turqu\u00eda' >Turqu\u00eda<\/option><option value='Turkmenist\u00e1n' >Turkmenist\u00e1n<\/option><option value='Tuvalu' >Tuvalu<\/option><option value='Uganda' >Uganda<\/option><option value='Ucrania' >Ucrania<\/option><option value='Emiratos \u00c1rabes Unidos' >Emiratos \u00c1rabes Unidos<\/option><option value='Reino Unido' >Reino Unido<\/option><option value='Estados Unidos' >Estados Unidos<\/option><option value='Uruguay' >Uruguay<\/option><option value='Uzbekist\u00e1n' >Uzbekist\u00e1n<\/option><option value='Vanuatu' >Vanuatu<\/option><option value='Ciudad del Vaticano' >Ciudad del Vaticano<\/option><option value='Venezuela' >Venezuela<\/option><option value='Vietnam' >Vietnam<\/option><option value='Islas V\u00edrgenes Brit\u00e1nicas' >Islas V\u00edrgenes Brit\u00e1nicas<\/option><option value='Islas V\u00edrgenes de los Estados Unidos' >Islas V\u00edrgenes de los Estados Unidos<\/option><option value='Yemen' >Yemen<\/option><option value='Zambia' >Zambia<\/option><option value='Zimbaue' >Zimbaue<\/option><\/select>\n                                        <label for='input_26_10_6' id='input_26_10_6_label' >Pa\u00eds<\/label>\n                                    <\/span>\n                    <div class='gf_clear gf_clear_complex'><\/div>\n                <\/div><\/li><li id='field_26_11'  class='gfield gfield_contains_required field_sublabel_below field_description_below gfield_visibility_visible' ><label class='gfield_label' for='input_26_11' >Tel\u00e9fono de dicho lugar (u otro dato de contacto)<span class='gfield_required'>*<\/span><\/label><div class='ginput_container ginput_container_text'><input name='input_11' id='input_26_11' type='text' value='' class='medium'     aria-required=\"true\" aria-invalid=\"false\" \/><\/div><\/li><li id='field_26_12'  class='gfield field_sublabel_below field_description_below gfield_visibility_visible' ><label class='gfield_label' for='input_26_12' >Observaciones \/ Aclaraciones<\/label><div class='ginput_container ginput_container_textarea'><textarea name='input_12' id='input_26_12' class='textarea medium'     aria-invalid=\"false\"   rows='10' cols='50'><\/textarea><\/div><\/li>\n                            <\/ul><\/div>\n        <div class='gform_footer top_label'> <input type='submit' id='gform_submit_button_26' class='gform_button button' value='Enviar'  onclick='if(window[\"gf_submitting_26\"]){return false;}  window[\"gf_submitting_26\"]=true;  ' onkeypress='if( event.keyCode == 13 ){ if(window[\"gf_submitting_26\"]){return false;} window[\"gf_submitting_26\"]=true;  jQuery(\"#gform_26\").trigger(\"submit\",[true]); }' \/> \n            <input type='hidden' class='gform_hidden' name='is_submit_26' value='1' \/>\n            <input type='hidden' class='gform_hidden' name='gform_submit' value='26' \/>\n            \n            <input type='hidden' class='gform_hidden' name='gform_unique_id' value='' \/>\n            <input type='hidden' class='gform_hidden' name='state_26' value='WyJbXSIsIjI2YWNiYzM1MjlhYTgxYTU1YzJkNmMwMmU5YmNmNmFiIl0=' \/>\n            <input type='hidden' class='gform_hidden' name='gform_target_page_number_26' id='gform_target_page_number_26' value='0' \/>\n            <input type='hidden' class='gform_hidden' name='gform_source_page_number_26' id='gform_source_page_number_26' value='1' \/>\n            <input type='hidden' name='gform_field_values' value='' \/>\n            \n        <\/div>\n                        <p style=\"display: none !important;\" class=\"akismet-fields-container\" data-prefix=\"ak_\"><label>&#916;<textarea name=\"ak_hp_textarea\" cols=\"45\" rows=\"8\" maxlength=\"100\"><\/textarea><\/label><input type=\"hidden\" id=\"ak_js_1\" name=\"ak_js\" value=\"96\"\/><script>document.getElementById( \"ak_js_1\" ).setAttribute( \"value\", ( new Date() ).getTime() );<\/script><\/p><\/form>\n                        <\/div><script type='text\/javascript'> if(typeof gf_global == 'undefined') var gf_global = {\"gf_currency_config\":{\"name\":\"D\\u00f3lar Americano\",\"symbol_left\":\"$\",\"symbol_right\":\"\",\"symbol_padding\":\"\",\"thousand_separator\":\",\",\"decimal_separator\":\".\",\"decimals\":2},\"base_url\":\"https:\\\/\\\/blogs.unc.edu.ar\\\/infiqc\\\/wp-content\\\/plugins\\\/gravityforms\",\"number_formats\":[],\"spinnerUrl\":\"https:\\\/\\\/blogs.unc.edu.ar\\\/infiqc\\\/wp-content\\\/plugins\\\/gravityforms\\\/images\\\/spinner.gif\"};jQuery(document).bind('gform_post_render', function(event, formId, currentPage){if(formId == 26) {gformInitChosenFields('#input_26_4,#input_26_6','No hay resultados');jQuery('#input_26_3').mask('(999) 999-9999').bind('keypress', function(e){if(e.which == 13){jQuery(this).blur();} } );} } );jQuery(document).bind('gform_post_conditional_logic', function(event, formId, fields, isInit){gformInitChosenFields('#input_26_4,#input_26_6','No hay resultados');} );<\/script><script type='text\/javascript'> jQuery(document).ready(function(){jQuery(document).trigger('gform_post_render', [26, 1]) } ); <\/script>\n","protected":false},"excerpt":{"rendered":"<p>Este formulario es un medio de solicitud de licencias S\u00d3LO PARA INVESTIGADORES. Becarios, Contratados y Personal de Apoyo deber\u00e1n realizar la solicitud a trav\u00e9s de SIGERH. Por favor, completar el FORMULARIO con los datos correspondientes.<\/p>\n","protected":false},"author":180,"featured_media":0,"parent":336,"menu_order":0,"comment_status":"closed","ping_status":"closed","template":"page-templates\/full-width.php","meta":{"footnotes":""},"class_list":["post-309","page","type-page","status-publish","hentry"],"_links":{"self":[{"href":"https:\/\/blogs.unc.edu.ar\/infiqc\/wp-json\/wp\/v2\/pages\/309","targetHints":{"allow":["GET"]}}],"collection":[{"href":"https:\/\/blogs.unc.edu.ar\/infiqc\/wp-json\/wp\/v2\/pages"}],"about":[{"href":"https:\/\/blogs.unc.edu.ar\/infiqc\/wp-json\/wp\/v2\/types\/page"}],"author":[{"embeddable":true,"href":"https:\/\/blogs.unc.edu.ar\/infiqc\/wp-json\/wp\/v2\/users\/180"}],"replies":[{"embeddable":true,"href":"https:\/\/blogs.unc.edu.ar\/infiqc\/wp-json\/wp\/v2\/comments?post=309"}],"version-history":[{"count":6,"href":"https:\/\/blogs.unc.edu.ar\/infiqc\/wp-json\/wp\/v2\/pages\/309\/revisions"}],"predecessor-version":[{"id":2792,"href":"https:\/\/blogs.unc.edu.ar\/infiqc\/wp-json\/wp\/v2\/pages\/309\/revisions\/2792"}],"up":[{"embeddable":true,"href":"https:\/\/blogs.unc.edu.ar\/infiqc\/wp-json\/wp\/v2\/pages\/336"}],"wp:attachment":[{"href":"https:\/\/blogs.unc.edu.ar\/infiqc\/wp-json\/wp\/v2\/media?parent=309"}],"curies":[{"name":"wp","href":"https:\/\/api.w.org\/{rel}","templated":true}]}}