{"id":2574,"date":"2022-06-02T13:31:32","date_gmt":"2022-06-02T16:31:32","guid":{"rendered":"https:\/\/blogs.unc.edu.ar\/infiqc\/?page_id=2574"},"modified":"2022-06-02T13:34:19","modified_gmt":"2022-06-02T16:34:19","slug":"roecyt","status":"publish","type":"page","link":"https:\/\/blogs.unc.edu.ar\/infiqc\/tramites\/roecyt\/","title":{"rendered":"Importaci\u00f3n y ROECyT"},"content":{"rendered":"\n<h1 class=\"wp-block-heading\"><\/h1>\n\n\n\n<p>Se informa que cualquier tr\u00e1mite de comercio exterior, importaci\u00f3n, tramitaci\u00f3n de certificados de ROECyT, etc. los deben canalizar a trav\u00e9s de Mar\u00eda Laura Buyulaqui:&nbsp;<a rel=\"noreferrer noopener\" href=\"mailto:maria.laura.buyulaqui@unc.edu.ar\" target=\"_blank\">maria.laura.buyulaqui@unc.edu.ar<\/a><\/p>\n\n\n\n<p><br>Se adjunta dos planillas de excel, una para tramitaci\u00f3n de certificados de ROECyT a trav\u00e9s de la UNC y otra a trav\u00e9s del CONICET con los pasos a seguir y toda la informaci\u00f3n que deben enviar a M. Laura Buyulaqui para proceder con el tr\u00e1mite de importaci\u00f3n.<\/p>\n\n\n\n<h4 class=\"wp-block-heading\"><a href=\"https:\/\/docs.google.com\/spreadsheets\/d\/1IHZdFltIzof9XGudEp6DS8ActKcKbqkJ\/edit?usp=sharing&amp;ouid=110227243154017560902&amp;rtpof=true&amp;sd=true\">Ver planillas<\/a><\/h4>\n","protected":false},"excerpt":{"rendered":"<p>Se informa que cualquier tr\u00e1mite de comercio exterior, importaci\u00f3n, tramitaci\u00f3n de certificados de ROECyT, etc. los deben canalizar a trav\u00e9s de Mar\u00eda Laura Buyulaqui:&nbsp;maria.laura.buyulaqui@unc.edu.ar Se adjunta dos planillas de excel, una para tramitaci\u00f3n de certificados de ROECyT a trav\u00e9s de la UNC y otra a trav\u00e9s del CONICET con los pasos a seguir y toda [&hellip;]<\/p>\n","protected":false},"author":180,"featured_media":0,"parent":2570,"menu_order":0,"comment_status":"closed","ping_status":"closed","template":"page-templates\/full-width.php","meta":{"footnotes":""},"class_list":["post-2574","page","type-page","status-publish","hentry"],"_links":{"self":[{"href":"https:\/\/blogs.unc.edu.ar\/infiqc\/wp-json\/wp\/v2\/pages\/2574","targetHints":{"allow":["GET"]}}],"collection":[{"href":"https:\/\/blogs.unc.edu.ar\/infiqc\/wp-json\/wp\/v2\/pages"}],"about":[{"href":"https:\/\/blogs.unc.edu.ar\/infiqc\/wp-json\/wp\/v2\/types\/page"}],"author":[{"embeddable":true,"href":"https:\/\/blogs.unc.edu.ar\/infiqc\/wp-json\/wp\/v2\/users\/180"}],"replies":[{"embeddable":true,"href":"https:\/\/blogs.unc.edu.ar\/infiqc\/wp-json\/wp\/v2\/comments?post=2574"}],"version-history":[{"count":2,"href":"https:\/\/blogs.unc.edu.ar\/infiqc\/wp-json\/wp\/v2\/pages\/2574\/revisions"}],"predecessor-version":[{"id":2576,"href":"https:\/\/blogs.unc.edu.ar\/infiqc\/wp-json\/wp\/v2\/pages\/2574\/revisions\/2576"}],"up":[{"embeddable":true,"href":"https:\/\/blogs.unc.edu.ar\/infiqc\/wp-json\/wp\/v2\/pages\/2570"}],"wp:attachment":[{"href":"https:\/\/blogs.unc.edu.ar\/infiqc\/wp-json\/wp\/v2\/media?parent=2574"}],"curies":[{"name":"wp","href":"https:\/\/api.w.org\/{rel}","templated":true}]}}