{"id":1834,"date":"2018-11-13T11:12:48","date_gmt":"2018-11-13T14:12:48","guid":{"rendered":"https:\/\/blogs.unc.edu.ar\/infiqc\/?page_id=1834"},"modified":"2018-11-13T11:12:48","modified_gmt":"2018-11-13T14:12:48","slug":"taller-de-vitroplastia","status":"publish","type":"page","link":"https:\/\/blogs.unc.edu.ar\/infiqc\/formularios\/taller-de-vitroplastia\/","title":{"rendered":"Taller de Vitroplast\u00eda"},"content":{"rendered":"<p>El\u00a0taller\u00a0cuenta con una instalaci\u00f3n independiente, dispone de una infraestructura adecuada y tiene a su haber personal altamente cualificado y con una vasta experiencia. El mismo dispone de mufla, soplete, corta-vidrios y todas las herramientas necesarias para llevar a cabo la reparaci\u00f3n y modificaci\u00f3n de piezas de vidrio o cuarzo est\u00e1ndares.<\/p>\n<p>Detalle Prestaci\u00f3n:\u00a0Metodolog\u00eda: Se realiza soplado y rotaci\u00f3n de vidrio manual para la reparaci\u00f3n y modificaci\u00f3n de materiales de laboratorio de vidrio o cuarzo. En general, se realizan soldaduras y reparaciones de peque\u00f1os aparatos, balones, erlenmeyers, tubos de ensayo, etc, con soplete. Adem\u00e1s, se realiza la fabricaci\u00f3n de discos de vidrio sinterizado de distintas medidas y porosidades.<\/p>\n<p>Destinatarios:\u00a0comunidad universitaria, empresas y otros organismos.<\/p>\n<p><strong><a href=\"https:\/\/goo.gl\/forms\/GWG9rmRa5wsr8Aje2\">Solicitar servicio<\/a>\u00a0<\/strong> \u2013\u00a0<em>Completar el formulario.\u00a0<\/em><\/p>\n","protected":false},"excerpt":{"rendered":"<p>El\u00a0taller\u00a0cuenta con una instalaci\u00f3n independiente, dispone de una infraestructura adecuada y tiene a su haber personal altamente cualificado y con una vasta experiencia. El mismo dispone de mufla, soplete, corta-vidrios y todas las herramientas necesarias para llevar a cabo la reparaci\u00f3n y modificaci\u00f3n de piezas de vidrio o cuarzo est\u00e1ndares. Detalle Prestaci\u00f3n:\u00a0Metodolog\u00eda: Se realiza soplado [&hellip;]<\/p>\n","protected":false},"author":180,"featured_media":0,"parent":64,"menu_order":0,"comment_status":"closed","ping_status":"closed","template":"","meta":{"footnotes":""},"class_list":["post-1834","page","type-page","status-publish","hentry"],"_links":{"self":[{"href":"https:\/\/blogs.unc.edu.ar\/infiqc\/wp-json\/wp\/v2\/pages\/1834","targetHints":{"allow":["GET"]}}],"collection":[{"href":"https:\/\/blogs.unc.edu.ar\/infiqc\/wp-json\/wp\/v2\/pages"}],"about":[{"href":"https:\/\/blogs.unc.edu.ar\/infiqc\/wp-json\/wp\/v2\/types\/page"}],"author":[{"embeddable":true,"href":"https:\/\/blogs.unc.edu.ar\/infiqc\/wp-json\/wp\/v2\/users\/180"}],"replies":[{"embeddable":true,"href":"https:\/\/blogs.unc.edu.ar\/infiqc\/wp-json\/wp\/v2\/comments?post=1834"}],"version-history":[{"count":2,"href":"https:\/\/blogs.unc.edu.ar\/infiqc\/wp-json\/wp\/v2\/pages\/1834\/revisions"}],"predecessor-version":[{"id":1836,"href":"https:\/\/blogs.unc.edu.ar\/infiqc\/wp-json\/wp\/v2\/pages\/1834\/revisions\/1836"}],"up":[{"embeddable":true,"href":"https:\/\/blogs.unc.edu.ar\/infiqc\/wp-json\/wp\/v2\/pages\/64"}],"wp:attachment":[{"href":"https:\/\/blogs.unc.edu.ar\/infiqc\/wp-json\/wp\/v2\/media?parent=1834"}],"curies":[{"name":"wp","href":"https:\/\/api.w.org\/{rel}","templated":true}]}}