{"id":1831,"date":"2018-11-13T10:58:23","date_gmt":"2018-11-13T13:58:23","guid":{"rendered":"https:\/\/blogs.unc.edu.ar\/infiqc\/?page_id=1831"},"modified":"2023-03-09T13:40:31","modified_gmt":"2023-03-09T16:40:31","slug":"servicios-tecnologicos-de-alto-nivel-stan","status":"publish","type":"page","link":"https:\/\/blogs.unc.edu.ar\/infiqc\/institucional\/servicios-tecnologicos-de-alto-nivel-stan\/","title":{"rendered":"Servicios Tecnol\u00f3gicos de Alto Nivel (STAN)"},"content":{"rendered":"<p>Se entiende por Servicios Tecnol\u00f3gicos de Alto Nivel (STAN) actividades como ensayos, an\u00e1lisis, asesor\u00edas y consultor\u00edas institucionales, entre otros. En la mayor\u00eda de los casos para su prestaci\u00f3n es utilizado el equipamiento, la infraestructura, y los recursos humanos especializados de los Centros, Institutos y Laboratorios dependientes del CONICET o relacionados con \u00e9l.<\/p>\n<blockquote><p>En el Instituto de Investigaciones en F\u00edsico Qu\u00edmica de C\u00f3rdoba (INFIQC) se cuenta con instrumentaci\u00f3n de alto nivel y recursos humanos altamente especializados que garantizan resultados de excelente calidad.<\/p><\/blockquote>\n<p><strong><a href=\"https:\/\/infiqc.conicet.gov.ar\/servicios\/\">Ver STANS<\/a><\/strong><\/p>\n<p>Para detalles de tipo t\u00e9cnico consultar con el responsable t\u00e9cnico de cada STAN.<br \/>\n<strong>Contacto para contrataci\u00f3n de nuevos servicios:<\/strong>\u00a0vinculacion@cordoba-conicet.gov.ar<br \/>\n<strong>Contacto administrativo \u2013 Facturaci\u00f3n servicios prestados por el INFIQC:<\/strong>\u00a0amarin@innovat.org.ar o cordoba@innovat.org.ar<\/p>\n","protected":false},"excerpt":{"rendered":"<p>Se entiende por Servicios Tecnol\u00f3gicos de Alto Nivel (STAN) actividades como ensayos, an\u00e1lisis, asesor\u00edas y consultor\u00edas institucionales, entre otros. En la mayor\u00eda de los casos para su prestaci\u00f3n es utilizado el equipamiento, la infraestructura, y los recursos humanos especializados de los Centros, Institutos y Laboratorios dependientes del CONICET o relacionados con \u00e9l. En el Instituto [&hellip;]<\/p>\n","protected":false},"author":180,"featured_media":0,"parent":370,"menu_order":0,"comment_status":"closed","ping_status":"closed","template":"page-templates\/full-width.php","meta":{"footnotes":""},"class_list":["post-1831","page","type-page","status-publish","hentry"],"_links":{"self":[{"href":"https:\/\/blogs.unc.edu.ar\/infiqc\/wp-json\/wp\/v2\/pages\/1831","targetHints":{"allow":["GET"]}}],"collection":[{"href":"https:\/\/blogs.unc.edu.ar\/infiqc\/wp-json\/wp\/v2\/pages"}],"about":[{"href":"https:\/\/blogs.unc.edu.ar\/infiqc\/wp-json\/wp\/v2\/types\/page"}],"author":[{"embeddable":true,"href":"https:\/\/blogs.unc.edu.ar\/infiqc\/wp-json\/wp\/v2\/users\/180"}],"replies":[{"embeddable":true,"href":"https:\/\/blogs.unc.edu.ar\/infiqc\/wp-json\/wp\/v2\/comments?post=1831"}],"version-history":[{"count":2,"href":"https:\/\/blogs.unc.edu.ar\/infiqc\/wp-json\/wp\/v2\/pages\/1831\/revisions"}],"predecessor-version":[{"id":2767,"href":"https:\/\/blogs.unc.edu.ar\/infiqc\/wp-json\/wp\/v2\/pages\/1831\/revisions\/2767"}],"up":[{"embeddable":true,"href":"https:\/\/blogs.unc.edu.ar\/infiqc\/wp-json\/wp\/v2\/pages\/370"}],"wp:attachment":[{"href":"https:\/\/blogs.unc.edu.ar\/infiqc\/wp-json\/wp\/v2\/media?parent=1831"}],"curies":[{"name":"wp","href":"https:\/\/api.w.org\/{rel}","templated":true}]}}