{"id":1520,"date":"2017-12-12T10:58:23","date_gmt":"2017-12-12T13:58:23","guid":{"rendered":"https:\/\/blogs.unc.edu.ar\/infiqc\/?page_id=1520"},"modified":"2024-09-20T08:35:19","modified_gmt":"2024-09-20T11:35:19","slug":"memorias","status":"publish","type":"page","link":"https:\/\/blogs.unc.edu.ar\/infiqc\/institucional\/memorias\/","title":{"rendered":"Memorias"},"content":{"rendered":"<p><img decoding=\"async\" src=\"http:\/\/infiqc.fcq.unc.edu.ar\/repositorio\/memoriaschico.jpg\" \/><\/p>\n<ul>\n<li><strong><a href=\"https:\/\/blogs.unc.edu.ar\/infiqc\/index.php?gf-download=2017%2F12%2FPr%C3%B3logo1.pdf&amp;form-id=29&amp;field-id=1&amp;hash=9deb92e6c033d6ad859be59eae7da1a3af2b05d075a090208a3818ecd2789bcd\">Pr\u00f3logo<\/a><\/strong><\/li>\n<li><strong><a href=\"https:\/\/blogs.unc.edu.ar\/infiqc\/index.php?gf-download=2017%2F12%2FStaricco.pdf&amp;form-id=29&amp;field-id=1&amp;hash=ec82f7b0436553f961167d8c101b9acb489f669eaceec45f64d8c1beea7c1c86\">La qu\u00edmica en C\u00f3rdoba hace medio siglo, \u00a0Eduardo H. Staricco<\/a><\/strong><\/li>\n<li><strong><a href=\"https:\/\/blogs.unc.edu.ar\/infiqc\/index.php?gf-download=2017%2F12%2FRI-19801229-1093-creaci%C3%B3n-PRIFIQUI.pdf&amp;form-id=29&amp;field-id=1&amp;hash=e6d8f33bbef0ef63c259566c9bdc8d436ff4a56794313ddf50a1518f15db35b1\">Resoluci\u00f3n 1093\/80 Creaci\u00f3n PRIFIQUI<\/a><\/strong><\/li>\n<li><strong><a href=\"https:\/\/blogs.unc.edu.ar\/infiqc\/index.php?gf-download=2017%2F12%2FRES28_83-creaci%C3%B3n-INFIQC.pdf&amp;form-id=29&amp;field-id=1&amp;hash=18c831b66fe9564be104b414d2708468f4794ab1964b68df6964bd1cd684f821\">Resoluci\u00f3n 28\/83 Creaci\u00f3n INFIQC<\/a><\/strong><\/li>\n<\/ul>\n<h3><strong>Memorias<\/strong><\/h3>\n<ul>\n<li><strong><a href=\"https:\/\/drive.google.com\/file\/d\/0B6rOBhGxxnlFTnJqaXJoaXB6Rzg\/view?usp=sharing\">1981<\/a>\u00a0&#8211;\u00a0<a href=\"https:\/\/drive.google.com\/file\/d\/0B6rOBhGxxnlFcmREbEo1SUZvdEk\/view?usp=sharing\">1982<\/a>\u00a0&#8211;\u00a0<a href=\"https:\/\/drive.google.com\/file\/d\/0B6rOBhGxxnlFbFJMQjg3M2NOLUk\/view?usp=sharing\">1983<\/a>\u00a0&#8211;\u00a0<a href=\"https:\/\/drive.google.com\/file\/d\/0B6rOBhGxxnlFaWdlVUE1VkhHTk0\/view?usp=sharing\">1984<\/a>\u00a0&#8211;\u00a0<a href=\"https:\/\/drive.google.com\/file\/d\/0B6rOBhGxxnlFTUNPSlc0eGQyV00\/view?usp=sharing\">1985<\/a>\u00a0&#8211;\u00a0<a href=\"https:\/\/drive.google.com\/file\/d\/0B6rOBhGxxnlFd3RQWjFfc0hrNmM\/view?usp=sharing\">1986<\/a>\u00a0&#8211;\u00a0<a href=\"https:\/\/drive.google.com\/file\/d\/0B6rOBhGxxnlFVlZkQVRYdlBjQUU\/view?usp=sharing\">1987<\/a>\u00a0&#8211;\u00a0<a href=\"https:\/\/drive.google.com\/file\/d\/0B6rOBhGxxnlFeE9DNlMwSDdmLXc\/view?usp=sharing\">1988<\/a>\u00a0&#8211;\u00a0<a href=\"https:\/\/drive.google.com\/file\/d\/0B6rOBhGxxnlFLWVSZVQ2MUthWVU\/view?usp=sharing\">1989<\/a><\/strong><\/li>\n<li><strong><a href=\"https:\/\/drive.google.com\/file\/d\/0B6rOBhGxxnlFMTl2ai1ZTnVxeFU\/view?usp=sharing\">1990<\/a>\u00a0&#8211;\u00a0<a href=\"https:\/\/drive.google.com\/file\/d\/0B6rOBhGxxnlFanliSEJTdVpjU2c\/view?usp=sharing\">1991<\/a>\u00a0&#8211;\u00a0<a href=\"https:\/\/drive.google.com\/file\/d\/0B6rOBhGxxnlFRXAzNXlhNm9seHc\/view?usp=sharing\">1992<\/a>\u00a0&#8211;\u00a0<a href=\"https:\/\/drive.google.com\/file\/d\/0B6rOBhGxxnlFdkRkeTRFN0VjYWM\/view?usp=sharing\">1993<\/a>\u00a0&#8211;\u00a0<a href=\"https:\/\/drive.google.com\/file\/d\/0B6rOBhGxxnlFeURaZFpQY0xIV2M\/view?usp=sharing\">1994<\/a>\u00a0&#8211;\u00a0<a href=\"https:\/\/drive.google.com\/file\/d\/0B6rOBhGxxnlFZVhQVnNacVBWWXM\/view?usp=sharing\">1995<\/a>\u00a0&#8211;\u00a0<a href=\"https:\/\/drive.google.com\/file\/d\/0B6rOBhGxxnlFc09aR2ZDLXpPdlk\/view?usp=sharing\">1996<\/a>\u00a0&#8211;\u00a0<a href=\"https:\/\/drive.google.com\/file\/d\/0B6rOBhGxxnlFRnRKME84V2VGZHc\/view?usp=sharing\">1997<\/a>\u00a0&#8211;\u00a0<a href=\"https:\/\/drive.google.com\/file\/d\/0B6rOBhGxxnlFdEhFWEhuem9TRzg\/view?usp=sharing\">1998<\/a><\/strong><\/li>\n<li><strong><a href=\"https:\/\/drive.google.com\/file\/d\/0B6rOBhGxxnlFWnUtR3BmRG40LUU\/view?usp=sharing\">1999<\/a>\u00a0&#8211;\u00a0<a href=\"https:\/\/drive.google.com\/file\/d\/0B6rOBhGxxnlFN3J0U0xfdnlaWm8\/view?usp=sharing\">2000<\/a>\u00a0&#8211;\u00a0<a href=\"https:\/\/drive.google.com\/file\/d\/0B6rOBhGxxnlFemlNZ1N4aGdvU2c\/view?usp=sharing\">2001<\/a>\u00a0&#8211;\u00a0<a href=\"https:\/\/drive.google.com\/file\/d\/0B6rOBhGxxnlFTHdCaXBPYm5FM2M\/view?usp=sharing\">2002<\/a>\u00a0&#8211;\u00a0<a href=\"https:\/\/drive.google.com\/file\/d\/0B6rOBhGxxnlFUTU0VTBkMGUwV1E\/view?usp=sharing\">2003<\/a>\u00a0&#8211;\u00a0<a href=\"https:\/\/drive.google.com\/file\/d\/0B6rOBhGxxnlFZDF4aHhia2VFeHM\/view?usp=sharing\">2004<\/a>\u00a0&#8211;\u00a0<a href=\"https:\/\/drive.google.com\/file\/d\/0B6rOBhGxxnlFQTZjVURidEN2STA\/view?usp=sharing\">2005<\/a>\u00a0&#8211;\u00a0<a href=\"https:\/\/drive.google.com\/file\/d\/0B6rOBhGxxnlFWk1WelhZMk1vRTA\/view?usp=sharing\">2006<\/a><\/strong><\/li>\n<li><strong><a href=\"https:\/\/drive.google.com\/file\/d\/0B6rOBhGxxnlFbmExa1dkX2J0TWc\/view?usp=sharing\">2007<\/a>\u00a0&#8211;\u00a0<a href=\"https:\/\/drive.google.com\/file\/d\/0B6rOBhGxxnlFRWJab09fLU90b2c\/view?usp=sharing\">2008<\/a>\u00a0&#8211;\u00a0<a href=\"https:\/\/drive.google.com\/file\/d\/0B6rOBhGxxnlFbXJhNmFsVHR5ekU\/view?usp=sharing\">2009<\/a>\u00a0&#8211;\u00a0<a href=\"https:\/\/drive.google.com\/file\/d\/0B6rOBhGxxnlFOVk2QThvdWlzcVk\/view?usp=sharing\">2010<\/a>\u00a0&#8211;\u00a0<a href=\"https:\/\/drive.google.com\/file\/d\/0B6rOBhGxxnlFVl9HZWc2aHRlZVk\/view?usp=sharing\">2011<\/a>\u00a0&#8211;\u00a0<a href=\"https:\/\/drive.google.com\/file\/d\/0B6rOBhGxxnlFakR3R1JkREllUlE\/view?usp=sharing\">2012<\/a>\u00a0&#8211;\u00a0<a href=\"https:\/\/drive.google.com\/file\/d\/0B6rOBhGxxnlFTTEyZFNsYWtmbVk\/view?usp=sharing\">2013<\/a>\u00a0&#8211;\u00a0<a href=\"https:\/\/drive.google.com\/file\/d\/0B6rOBhGxxnlFZmtEWGsxbUoyeTg\/view?usp=sharing\">2014<\/a>\u00a0<\/strong><\/li>\n<li><strong><a href=\"https:\/\/drive.google.com\/file\/d\/1uVpkQj90Nvu6emYQP-t3AgvCzr6PFxE3\/view?usp=sharing\">2015<\/a>\u00a0\u2013\u00a0<a href=\"https:\/\/drive.google.com\/file\/d\/15lFxDZsU9E49jUrEEo_5XfsB-ZMcP6yI\/view?usp=sharing\">2016<\/a> &#8211; <a href=\"https:\/\/drive.google.com\/open?id=1z2YC2DugPPvl6fR2wVbf-sFWA2q0y88h\">2017<\/a> &#8211; <a href=\"https:\/\/drive.google.com\/open?id=1DR03ED9Oikr-0DKXBNApe2XFKf98LDpX\">2018<\/a> &#8211; <a href=\"https:\/\/drive.google.com\/file\/d\/1Uqd63cID4NysTrhINnEnG42tEwUW4Ehp\/view?usp=share_link\">2019<\/a> &#8211; <a href=\"https:\/\/drive.google.com\/file\/d\/1mjKOFQyTx2HFRK-eVL2rFPeD7InAxcet\/view?usp=sharing\">2020<\/a> &#8211; <a href=\"https:\/\/blogs.unc.edu.ar\/infiqc\/index.php?gf-download=2024%2F09%2F2021.pdf&amp;form-id=29&amp;field-id=1&amp;hash=59a4db0c38cb3218c71e24ef556ac4548a6da0499b63d78211e26aa4c856599a\">2021<\/a> &#8211; <a href=\"https:\/\/blogs.unc.edu.ar\/infiqc\/index.php?gf-download=2024%2F09%2F2022.pdf&amp;form-id=29&amp;field-id=1&amp;hash=b63b6268fa757dceed64efddfc4bbfa0c87b7261ca5fe66f887d6b67ff237d0e\">2022<\/a><\/strong><\/li>\n<\/ul>\n","protected":false},"excerpt":{"rendered":"<p>Pr\u00f3logo La qu\u00edmica en C\u00f3rdoba hace medio siglo, \u00a0Eduardo H. Staricco Resoluci\u00f3n 1093\/80 Creaci\u00f3n PRIFIQUI Resoluci\u00f3n 28\/83 Creaci\u00f3n INFIQC Memorias 1981\u00a0&#8211;\u00a01982\u00a0&#8211;\u00a01983\u00a0&#8211;\u00a01984\u00a0&#8211;\u00a01985\u00a0&#8211;\u00a01986\u00a0&#8211;\u00a01987\u00a0&#8211;\u00a01988\u00a0&#8211;\u00a01989 1990\u00a0&#8211;\u00a01991\u00a0&#8211;\u00a01992\u00a0&#8211;\u00a01993\u00a0&#8211;\u00a01994\u00a0&#8211;\u00a01995\u00a0&#8211;\u00a01996\u00a0&#8211;\u00a01997\u00a0&#8211;\u00a01998 1999\u00a0&#8211;\u00a02000\u00a0&#8211;\u00a02001\u00a0&#8211;\u00a02002\u00a0&#8211;\u00a02003\u00a0&#8211;\u00a02004\u00a0&#8211;\u00a02005\u00a0&#8211;\u00a02006 2007\u00a0&#8211;\u00a02008\u00a0&#8211;\u00a02009\u00a0&#8211;\u00a02010\u00a0&#8211;\u00a02011\u00a0&#8211;\u00a02012\u00a0&#8211;\u00a02013\u00a0&#8211;\u00a02014\u00a0 2015\u00a0\u2013\u00a02016 &#8211; 2017 &#8211; 2018 &#8211; 2019 &#8211; 2020 &#8211; 2021 &#8211; 2022<\/p>\n","protected":false},"author":180,"featured_media":0,"parent":370,"menu_order":0,"comment_status":"closed","ping_status":"closed","template":"page-templates\/full-width.php","meta":{"footnotes":""},"class_list":["post-1520","page","type-page","status-publish","hentry"],"_links":{"self":[{"href":"https:\/\/blogs.unc.edu.ar\/infiqc\/wp-json\/wp\/v2\/pages\/1520","targetHints":{"allow":["GET"]}}],"collection":[{"href":"https:\/\/blogs.unc.edu.ar\/infiqc\/wp-json\/wp\/v2\/pages"}],"about":[{"href":"https:\/\/blogs.unc.edu.ar\/infiqc\/wp-json\/wp\/v2\/types\/page"}],"author":[{"embeddable":true,"href":"https:\/\/blogs.unc.edu.ar\/infiqc\/wp-json\/wp\/v2\/users\/180"}],"replies":[{"embeddable":true,"href":"https:\/\/blogs.unc.edu.ar\/infiqc\/wp-json\/wp\/v2\/comments?post=1520"}],"version-history":[{"count":7,"href":"https:\/\/blogs.unc.edu.ar\/infiqc\/wp-json\/wp\/v2\/pages\/1520\/revisions"}],"predecessor-version":[{"id":3014,"href":"https:\/\/blogs.unc.edu.ar\/infiqc\/wp-json\/wp\/v2\/pages\/1520\/revisions\/3014"}],"up":[{"embeddable":true,"href":"https:\/\/blogs.unc.edu.ar\/infiqc\/wp-json\/wp\/v2\/pages\/370"}],"wp:attachment":[{"href":"https:\/\/blogs.unc.edu.ar\/infiqc\/wp-json\/wp\/v2\/media?parent=1520"}],"curies":[{"name":"wp","href":"https:\/\/api.w.org\/{rel}","templated":true}]}}