{"id":1408,"date":"2017-08-23T10:32:09","date_gmt":"2017-08-23T13:32:09","guid":{"rendered":"https:\/\/blogs.unc.edu.ar\/infiqc\/?page_id=1408"},"modified":"2017-08-23T10:32:09","modified_gmt":"2017-08-23T13:32:09","slug":"laboratorios-reglamento","status":"publish","type":"page","link":"https:\/\/blogs.unc.edu.ar\/infiqc\/institucional\/laboratorios-reglamento\/","title":{"rendered":"Laboratorios &#8211; Reglamento"},"content":{"rendered":"<p><strong>REGLAMENTO DE FUNCIONAMIENTO DE LOS LABORATORIOS DEL INFIQC<\/strong><\/p>\n<p><strong>Definici\u00f3n:<\/strong> Los laboratorios del INFIQC est\u00e1n constituidos por un equipo grande o mediano o un agrupamiento de equipos de distinto porte que est\u00e1n relacionados entre s\u00ed en lo referente a las prestaciones que brindan.<\/p>\n<p><strong>Caracter\u00edsticas de los equipos que conforman el laboratorio:<\/strong> a) Equipos institucionales (que fueron adquiridos con un subsidio institucional) o b) Equipos adquiridos con subsidios personales, cuyos titulares los pongan a disposici\u00f3n del Instituto.<br \/>\nEn el caso b) el director del proyecto para el que fueron otorgados los fondos para su adquisici\u00f3n, especificar\u00e1 la dedicaci\u00f3n m\u00e1xima con la que el equipo se incorporar\u00e1 al laboratorio y las restricciones para su uso, basadas en las necesidades propias del proyecto para el que fue adquirido.<br \/>\nPreferentemente deben formar parte de un STAN y deben tener una tasa diferenciada para los miembros del INFIQC, preferentemente sin costo. Los fondos recaudados en el STAN se deber\u00e1n utilizar con prioridad para reparaciones y compra de insumos y repuestos necesarios para mantener el buen funcionamiento de los equipos o realizaci\u00f3n de cursos para los miembros de la CPA encargados de alg\u00fan equipo del laboratorio.<\/p>\n<p><strong>Usuarios:<\/strong> Son potenciales usuarios todos los investigadores y becarios del INFIQC. Para su uso s\u00f3lo se requiere la solicitud de un turno, el cual ser\u00e1 otorgado por el titular del Consejo Asesor (o en el caso de los equipos que pertenecen a alg\u00fan sistema nacional, a trav\u00e9s del mecanismo que estos hayan establecido). Los directores de Consejos Asesores o sus miembros podr\u00e1n ser co-autores de las publicaciones que surjan del uso de dichos equipos s\u00f3lo si se trata de un trabajo en colaboraci\u00f3n, solicitado de esa manera por el o los usuarios.<br \/>\nLos usuarios externos al INFIQC deber\u00e1n solicitar un turno y el mismo ser\u00e1 otorgado por el titular del Consejo Asesor (o en el caso de los equipos que pertenecen a alg\u00fan sistema nacional, a trav\u00e9s del mecanismo que estos hayan establecido). Los usuarios externos deber\u00e1n abonar la tasa que est\u00e9 establecida en el STAN correspondiente.<\/p>\n<p><strong>Director del Consejo Asesor:<\/strong> Podr\u00e1n ser directores de Consejos Asesores investigadores activos, que pertenezcan a las categor\u00edas de la CIC con categor\u00eda mayor a asistente, preferentemente adjuntos o independientes, con experiencia comprobada en el uso de la t\u00e9cnica o en su defecto con t\u00e9cnicas relacionadas.<\/p>\n<p><strong>Miembros del Consejo Asesor:<\/strong> Podr\u00e1n ser miembros del consejo asesor investigadores activos de cualquier categor\u00eda de la CIC, preferentemente asistente, adjuntos o independientes y miembros de la CPA de CONICET, con experiencia comprobada en el uso de la t\u00e9cnica o en su defecto con t\u00e9cnicas relacionadas.<\/p>\n<p><strong>Funcionamiento de los equipos de los laboratorios:<\/strong> El Consejo Asesor ser\u00e1 el responsable de que los equipos que componen el laboratorio se encuentren en funcionamiento y a disposici\u00f3n de todos los becarios e investigadores del INFIQC. En caso de que uno o varios de los equipos del laboratorio sufran alg\u00fan desperfecto de dif\u00edcil soluci\u00f3n o cuyo costo sea imposible de ser afrontado con lo recaudado por el STAN, el Director del Consejo Asesor deber\u00e1 comunicarlo inmediatamente por nota al Consejo Directivo del INFIQC, el cual tomar\u00e1 las acciones tendientes a solucionar el problema. El buen funcionamiento de todos los equipos del INFIQC ser\u00e1 una prioridad para el instituto y en la medida de las posibilidades presupuestarias se solicitar\u00e1 a la Comisi\u00f3n de Presupuesto los fondos necesarios para su puesta en funcionamiento.<\/p>\n","protected":false},"excerpt":{"rendered":"<p>REGLAMENTO DE FUNCIONAMIENTO DE LOS LABORATORIOS DEL INFIQC Definici\u00f3n: Los laboratorios del INFIQC est\u00e1n constituidos por un equipo grande o mediano o un agrupamiento de equipos de distinto porte que est\u00e1n relacionados entre s\u00ed en lo referente a las prestaciones que brindan. Caracter\u00edsticas de los equipos que conforman el laboratorio: a) Equipos institucionales (que fueron [&hellip;]<\/p>\n","protected":false},"author":180,"featured_media":0,"parent":370,"menu_order":0,"comment_status":"closed","ping_status":"closed","template":"page-templates\/full-width.php","meta":{"footnotes":""},"class_list":["post-1408","page","type-page","status-publish","hentry"],"_links":{"self":[{"href":"https:\/\/blogs.unc.edu.ar\/infiqc\/wp-json\/wp\/v2\/pages\/1408","targetHints":{"allow":["GET"]}}],"collection":[{"href":"https:\/\/blogs.unc.edu.ar\/infiqc\/wp-json\/wp\/v2\/pages"}],"about":[{"href":"https:\/\/blogs.unc.edu.ar\/infiqc\/wp-json\/wp\/v2\/types\/page"}],"author":[{"embeddable":true,"href":"https:\/\/blogs.unc.edu.ar\/infiqc\/wp-json\/wp\/v2\/users\/180"}],"replies":[{"embeddable":true,"href":"https:\/\/blogs.unc.edu.ar\/infiqc\/wp-json\/wp\/v2\/comments?post=1408"}],"version-history":[{"count":1,"href":"https:\/\/blogs.unc.edu.ar\/infiqc\/wp-json\/wp\/v2\/pages\/1408\/revisions"}],"predecessor-version":[{"id":1409,"href":"https:\/\/blogs.unc.edu.ar\/infiqc\/wp-json\/wp\/v2\/pages\/1408\/revisions\/1409"}],"up":[{"embeddable":true,"href":"https:\/\/blogs.unc.edu.ar\/infiqc\/wp-json\/wp\/v2\/pages\/370"}],"wp:attachment":[{"href":"https:\/\/blogs.unc.edu.ar\/infiqc\/wp-json\/wp\/v2\/media?parent=1408"}],"curies":[{"name":"wp","href":"https:\/\/api.w.org\/{rel}","templated":true}]}}