{"id":1217,"date":"2017-04-20T10:53:03","date_gmt":"2017-04-20T13:53:03","guid":{"rendered":"https:\/\/blogs.unc.edu.ar\/infiqc\/?page_id=1217"},"modified":"2024-09-20T08:51:00","modified_gmt":"2024-09-20T11:51:00","slug":"art","status":"publish","type":"page","link":"https:\/\/blogs.unc.edu.ar\/infiqc\/art\/","title":{"rendered":"ART"},"content":{"rendered":"\n\n\n<h1 class=\"wp-block-heading\"><strong>C\u00d3MO PROCEDER ANTE UN ACCIDENTE DE TRABAJO<\/strong><\/h1>\n\n\n\n<p><strong>Cobertura de ART<\/strong><\/p>\n\n\n\n<p>El CONICET, de acuerdo a lo establecido en la Ley de Riesgos de Trabajo, contrata los servicios de una Aseguradora de Riesgos de Trabajo, que cubre los gastos que sobrevinieran a causa de un accidente o enfermedad laboral. Es importante saber que se cuenta con este servicio de cobertura en todo el pa\u00eds y tambi\u00e9n en el exterior. La ART cubre accidentes de trabajo, accidentes in itinere (ocurridos en el viaje hacia o desde el trabajo) y enfermedades profesionales.<br><br>Actualmente la ART del CONICET es PREVENCION ART.<br><br>En el sitio web&nbsp;<strong><a href=\"https:\/\/www.prevencionart.com.ar\/\" target=\"_blank\" rel=\"noreferrer noopener\">PREVENCION ART<\/a><\/strong>&nbsp;se pueden consultar los prestadores de cada localidad del pa\u00eds y, en particular, de nuestras provincias.<\/p>\n\n\n\n<p><strong>Accidentes de Trabajo &#8211; c\u00f3mo proceder ante un accidente de trabajo<\/strong><\/p>\n\n\n\n<p><br>Las contingencias cubiertas por la Ley de Riesgo de Trabajo Na 24557 son:<\/p>\n\n\n\n<ul class=\"wp-block-list\">\n<li><strong>ACCIDENTE IN ITINERE:<\/strong>\u00a0accidente ocurrido en el trayecto entre el domicilio del trabajador y su lugar de trabajo, siempre y cuando no se hubiese interrumpido o alterado por causas ajenas al trabajo: Ej. Llevar a los hijos al colegio, ir al gimnasio, pasar a realizar compras al centro o al Banco.<\/li>\n\n\n\n<li><strong>ACCIDENTE DE TRABAJO:<\/strong>\u00a0todo acontecimiento s\u00fabito y violento ocurrido por el hecho o en ocasi\u00f3n del trabajo. Ej. Ca\u00eddas, cortes, pinchazos, torceduras y quemaduras.<\/li>\n\n\n\n<li>Accidente in-it\u00ednere \/ Accidente en comisi\u00f3n:<\/li>\n<\/ul>\n\n\n\n<p>&nbsp;Deber\u00e1 llevar siempre consigo el carnet proporcionado por la ART (solicitarlo a&nbsp;<a href=\"mailto:administracionrrhh@cordoba-conicet.gov.ar\" target=\"_blank\" rel=\"noreferrer noopener\">administracionrrhh@cordoba-conicet.gov.ar<\/a>)<\/p>\n\n\n\n<figure class=\"wp-block-gallery has-nested-images columns-default is-cropped wp-block-gallery-1 is-layout-flex wp-block-gallery-is-layout-flex\">\n<figure class=\"wp-block-image size-large\"><a href=\"https:\/\/blogs.unc.edu.ar\/infiqc\/files\/art.png\"><img loading=\"lazy\" decoding=\"async\" width=\"1024\" height=\"321\" data-id=\"3019\" src=\"https:\/\/blogs.unc.edu.ar\/infiqc\/files\/art-1024x321.png\" alt=\"\" class=\"wp-image-3019\" srcset=\"https:\/\/blogs.unc.edu.ar\/infiqc\/files\/art-1024x321.png 1024w, https:\/\/blogs.unc.edu.ar\/infiqc\/files\/art-300x94.png 300w, https:\/\/blogs.unc.edu.ar\/infiqc\/files\/art-768x241.png 768w, https:\/\/blogs.unc.edu.ar\/infiqc\/files\/art-624x196.png 624w, https:\/\/blogs.unc.edu.ar\/infiqc\/files\/art.png 1298w\" sizes=\"auto, (max-width: 1024px) 100vw, 1024px\" \/><\/a><\/figure>\n<\/figure>\n\n\n\n<ul class=\"wp-block-list\">\n<li><strong>Si puede movilizarse por sus propios medios<\/strong>\u00a0concurrir al prestador de Prevenci\u00f3n ART e informar a la oficina de personal de la dependencia a la que pertenece.<\/li>\n\n\n\n<li><strong>Si NO puede movilizarse por sus propios medios<\/strong>\u00a0deber\u00e1 llamar al tel\u00e9fono que figura en la credencial (0800-444-4278) y desde all\u00ed le gestionar\u00e1n el traslado al centro de atenci\u00f3n m\u00e1s cercano. Posteriormente dar aviso a la Oficina de Personal.\u00a0<\/li>\n\n\n\n<li><strong>En caso de p\u00e9rdida del conocimiento y posterior traslado a un centro asistencial que no pertenezca a la red de prestadores de la ART\u00a0<\/strong>se deber\u00e1 gestionar ante la ART el traslado a alguno que sea de la cartera de Prevenci\u00f3n ART lo antes posible y dar aviso a la oficina de personal de la ocurrencia del hecho.<\/li>\n<\/ul>\n\n\n\n<p><strong>Accidente en el lugar de trabajo<\/strong><br><br>Si alg\u00fan trabajador sufre un accidente laboral deber\u00e1:<\/p>\n\n\n\n<ol class=\"wp-block-list\">\n<li>Llamar al 0800-444-4278 durante las 24 hs. los 365 d\u00edas del a\u00f1o. S\u00f3lo para Emergencias o que necesite traslado. La operadora asesorar\u00e1 respecto a d\u00f3nde dirigirse o gestionar\u00e1 el traslado correspondiente.<\/li>\n\n\n\n<li>Dar aviso a la oficina de personal\u00a0<a href=\"mailto:administracionrrhh@cordoba-conicet.gov.ar\" target=\"_blank\" rel=\"noreferrer noopener\">administracionrrhh@cordoba-conicet.gov.ar<\/a>\u00a0a los efectos de que se complete el Formulario de Denuncia y obtener el N\u00b0 de siniestro. En el caso de que la persona pueda trasladarse por sus propios medios, con el N\u00b0 de siniestro deber\u00e1 concurrir a alguno de los siguientes centros:<\/li>\n<\/ol>\n\n\n\n<blockquote class=\"wp-block-quote is-layout-flow wp-block-quote-is-layout-flow\">\n<ul class=\"wp-block-list\">\n<li><strong>CENTRO MEDICO LABORAL<\/strong><strong>\u00a0&#8211; PREVENCI\u00d3N A.R.T. \u2013 HUMBERTO PRIMO 367 (Caso leves &#8211; Atenci\u00f3n de Lunes a Viernes de 08:00 a 20:00 y S\u00e1bados de 08:00 a 13:00)<\/strong><\/li>\n\n\n\n<li><strong>SANATORIO ALLENDE<\/strong><strong>\u00a0&#8211; INDEPENDENCIA y OBISPO ORO Y SUCURSALES.<\/strong><\/li>\n\n\n\n<li><strong>HOSPITAL PRIVADO<\/strong><strong>\u00a0&#8211; Av. NACIONES UNIDAS 346<\/strong><\/li>\n\n\n\n<li><strong>CL\u00cdNICA REINA FABIOLA<\/strong><strong>\u00a0&#8211; ONCATIVO 1248<\/strong><\/li>\n<\/ul>\n<\/blockquote>\n\n\n\n<p>Cualquier duda sobre las prestaciones pueden comunicarse:<\/p>\n\n\n\n<p><br><strong>CENTRO DE ATENCI\u00d3N AL CLIENTE PREVENCI\u00d3N A.R.T. TE: 0-800-5555-278<br>RECURSOS HUMANOS CONICET C\u00d3RDOBA &#8211; atenci\u00f3n v\u00eda mail: lunes a viernes a&nbsp;<a href=\"mailto:administracionrrhh@cordoba-conicet.gov.ar\" target=\"_blank\" rel=\"noreferrer noopener\">administracionrrhh@cordoba-conicet.gov.ar<\/a><\/strong><\/p>\n\n\n\n<p><strong>PARA ASISTENCIA INTERNACIONAL<\/strong><\/p>\n\n\n\n<figure class=\"wp-block-image size-full\"><a href=\"https:\/\/blogs.unc.edu.ar\/infiqc\/files\/interna.png\"><img loading=\"lazy\" decoding=\"async\" width=\"731\" height=\"226\" src=\"https:\/\/blogs.unc.edu.ar\/infiqc\/files\/interna.png\" alt=\"\" class=\"wp-image-3020\" srcset=\"https:\/\/blogs.unc.edu.ar\/infiqc\/files\/interna.png 731w, https:\/\/blogs.unc.edu.ar\/infiqc\/files\/interna-300x93.png 300w, https:\/\/blogs.unc.edu.ar\/infiqc\/files\/interna-624x193.png 624w\" sizes=\"auto, (max-width: 731px) 100vw, 731px\" \/><\/a><\/figure>\n\n\n\n<p>Si usted va a viajar al exterior o va ha realizar alguna salida de campo o campa\u00f1a debe informar al mail&nbsp;<a href=\"mailto:administraciorrhh@cordoba-conicet.gov.ar\" target=\"_blank\" rel=\"noreferrer noopener\">administraciorrhh@cordoba-conicet.gov.ar<\/a>&nbsp;del hecho, con los siguientes datos:&nbsp;<\/p>\n\n\n\n<ul class=\"wp-block-list\">\n<li>Nombre completo<\/li>\n\n\n\n<li>DNI<\/li>\n\n\n\n<li>lugar y fecha<\/li>\n<\/ul>\n\n\n\n<p>ENLACE:&nbsp;<a href=\"https:\/\/cordoba.conicet.gov.ar\/denuncia-art-por-accidente-laboral\/\" target=\"_blank\" rel=\"noreferrer noopener\">https:\/\/cordoba.conicet.gov.ar\/denuncia-art-por-accidente-laboral\/<\/a><\/p>\n\n\n\n<div data-wp-interactive=\"core\/file\" class=\"wp-block-file\"><object data-wp-bind--hidden=\"!state.hasPdfPreview\" hidden class=\"wp-block-file__embed\" data=\"https:\/\/blogs.unc.edu.ar\/infiqc\/files\/Asistencia-NACIONAL-e-INTERNACIONAL.pdf\" type=\"application\/pdf\" style=\"width:100%;height:600px\" aria-label=\"Incrustado de Asistencia NACIONAL e INTERNACIONAL.\"><\/object><a id=\"wp-block-file--media-13311f97-08ad-48f5-8971-7fdcd6749958\" href=\"https:\/\/blogs.unc.edu.ar\/infiqc\/files\/Asistencia-NACIONAL-e-INTERNACIONAL.pdf\">Asistencia NACIONAL e INTERNACIONAL<\/a><a href=\"https:\/\/blogs.unc.edu.ar\/infiqc\/files\/Asistencia-NACIONAL-e-INTERNACIONAL.pdf\" class=\"wp-block-file__button wp-element-button\" download aria-describedby=\"wp-block-file--media-13311f97-08ad-48f5-8971-7fdcd6749958\">Descarga<\/a><\/div>\n\n\n\n<div data-wp-interactive=\"core\/file\" class=\"wp-block-file\"><object data-wp-bind--hidden=\"!state.hasPdfPreview\" hidden class=\"wp-block-file__embed\" data=\"https:\/\/blogs.unc.edu.ar\/infiqc\/files\/QUE-HACER-EN-CASOS-DE-ACCIDENTES.pdf\" type=\"application\/pdf\" style=\"width:100%;height:600px\" aria-label=\"Incrustado de QU\u00c9 HACER EN CASOS DE ACCIDENTES.\"><\/object><a id=\"wp-block-file--media-a8a746c1-fc5b-40fe-b7e8-5d71b72a8923\" href=\"https:\/\/blogs.unc.edu.ar\/infiqc\/files\/QUE-HACER-EN-CASOS-DE-ACCIDENTES.pdf\">QU\u00c9 HACER EN CASOS DE ACCIDENTES<\/a><a href=\"https:\/\/blogs.unc.edu.ar\/infiqc\/files\/QUE-HACER-EN-CASOS-DE-ACCIDENTES.pdf\" class=\"wp-block-file__button wp-element-button\" download aria-describedby=\"wp-block-file--media-a8a746c1-fc5b-40fe-b7e8-5d71b72a8923\">Descarga<\/a><\/div>\n","protected":false},"excerpt":{"rendered":"<p>C\u00d3MO PROCEDER ANTE UN ACCIDENTE DE TRABAJO Cobertura de ART El CONICET, de acuerdo a lo establecido en la Ley de Riesgos de Trabajo, contrata los servicios de una Aseguradora de Riesgos de Trabajo, que cubre los gastos que sobrevinieran a causa de un accidente o enfermedad laboral. Es importante saber que se cuenta con [&hellip;]<\/p>\n","protected":false},"author":180,"featured_media":0,"parent":0,"menu_order":10,"comment_status":"closed","ping_status":"closed","template":"page-templates\/full-width.php","meta":{"footnotes":""},"class_list":["post-1217","page","type-page","status-publish","hentry"],"_links":{"self":[{"href":"https:\/\/blogs.unc.edu.ar\/infiqc\/wp-json\/wp\/v2\/pages\/1217","targetHints":{"allow":["GET"]}}],"collection":[{"href":"https:\/\/blogs.unc.edu.ar\/infiqc\/wp-json\/wp\/v2\/pages"}],"about":[{"href":"https:\/\/blogs.unc.edu.ar\/infiqc\/wp-json\/wp\/v2\/types\/page"}],"author":[{"embeddable":true,"href":"https:\/\/blogs.unc.edu.ar\/infiqc\/wp-json\/wp\/v2\/users\/180"}],"replies":[{"embeddable":true,"href":"https:\/\/blogs.unc.edu.ar\/infiqc\/wp-json\/wp\/v2\/comments?post=1217"}],"version-history":[{"count":3,"href":"https:\/\/blogs.unc.edu.ar\/infiqc\/wp-json\/wp\/v2\/pages\/1217\/revisions"}],"predecessor-version":[{"id":3023,"href":"https:\/\/blogs.unc.edu.ar\/infiqc\/wp-json\/wp\/v2\/pages\/1217\/revisions\/3023"}],"wp:attachment":[{"href":"https:\/\/blogs.unc.edu.ar\/infiqc\/wp-json\/wp\/v2\/media?parent=1217"}],"curies":[{"name":"wp","href":"https:\/\/api.w.org\/{rel}","templated":true}]}}