{"id":1132,"date":"2017-02-14T09:31:49","date_gmt":"2017-02-14T12:31:49","guid":{"rendered":"https:\/\/blogs.unc.edu.ar\/infiqc\/?page_id=1132"},"modified":"2026-01-06T12:11:48","modified_gmt":"2026-01-06T15:11:48","slug":"ingresos-cic","status":"publish","type":"page","link":"https:\/\/blogs.unc.edu.ar\/infiqc\/formularios\/ingresos-cic\/","title":{"rendered":"Ingresos CIC"},"content":{"rendered":"\n<p><strong>Ingresos a la Carrera del Investigador Cient\u00edfico y Tecnol\u00f3gico &#8211; Convocatoria 2025<\/strong><\/p>\n\n\n\n<p>Fecha L\u00edmite Presentaci\u00f3n 13\/04\/2026 (hasta 23:59 h)<\/p>\n\n\n\n<p><a href=\"https:\/\/blogs.unc.edu.ar\/infiqc\/institucional\/reglamento-interno\/\">Reglamento Interno INFIQC<\/a><\/p>\n\n\n\n<p><strong><a href=\"https:\/\/drive.google.com\/uc?export=download&amp;id=1DH1bZ-Zg4UhrubMFfCOAzHNW4BS-wrTn\">Descargar Ficha Preinscripci\u00f3n<\/a><\/strong><\/p>\n\n\n\n<p><em>Nota: La ficha debe ser cargada en formato PDF, recuerde tener en cuenta la fecha de presentaci\u00f3n.<\/em><\/p>\n\n\n<p><em><span style=\"color: #ff0000\"> <b>IMPORTANTE:<\/b><br \/><b>Del\/de la postulante:<\/b> <br \/>&#8211; Adjuntar CV del postulante (siempre)<\/span><\/em><\/p>\n<p><em><span style=\"color: #ff0000\"><b>De director\/a y codirector\/a:<\/b><br \/>&#8211; Adjuntar comprobante de \u00faltimos 2 informes aprobados<br \/>&#8211; Adjuntar CV en los casos que se indican en la ficha<\/span><\/em><\/p>\n<p><em><span style=\"color: #ff0000\"><strong>Director\/a o codirector\/a que no pertenezcan al INFIQC<\/strong>: <\/span><\/em> <br \/><span style=\"color: #ff0000\">-Adjuntar CV (cualquiera sea su categor\u00eda), y los comprobantes de los dos \u00faltimos informes aprobados.<\/span><\/p>\n<p>Lo siento.  Este formulario ya no est\u00e1 disponible.<\/p>","protected":false},"excerpt":{"rendered":"<p>Ingresos a la Carrera del Investigador Cient\u00edfico y Tecnol\u00f3gico &#8211; Convocatoria 2025 Fecha L\u00edmite Presentaci\u00f3n 13\/04\/2026 (hasta 23:59 h) Reglamento Interno INFIQC Descargar Ficha Preinscripci\u00f3n Nota: La ficha debe ser cargada en formato PDF, recuerde tener en cuenta la fecha de presentaci\u00f3n. IMPORTANTE:Del\/de la postulante: &#8211; Adjuntar CV del postulante (siempre) De director\/a y codirector\/a:&#8211; [&hellip;]<\/p>\n","protected":false},"author":180,"featured_media":0,"parent":64,"menu_order":0,"comment_status":"closed","ping_status":"closed","template":"page-templates\/full-width.php","meta":{"footnotes":""},"class_list":["post-1132","page","type-page","status-publish","hentry"],"_links":{"self":[{"href":"https:\/\/blogs.unc.edu.ar\/infiqc\/wp-json\/wp\/v2\/pages\/1132","targetHints":{"allow":["GET"]}}],"collection":[{"href":"https:\/\/blogs.unc.edu.ar\/infiqc\/wp-json\/wp\/v2\/pages"}],"about":[{"href":"https:\/\/blogs.unc.edu.ar\/infiqc\/wp-json\/wp\/v2\/types\/page"}],"author":[{"embeddable":true,"href":"https:\/\/blogs.unc.edu.ar\/infiqc\/wp-json\/wp\/v2\/users\/180"}],"replies":[{"embeddable":true,"href":"https:\/\/blogs.unc.edu.ar\/infiqc\/wp-json\/wp\/v2\/comments?post=1132"}],"version-history":[{"count":43,"href":"https:\/\/blogs.unc.edu.ar\/infiqc\/wp-json\/wp\/v2\/pages\/1132\/revisions"}],"predecessor-version":[{"id":3238,"href":"https:\/\/blogs.unc.edu.ar\/infiqc\/wp-json\/wp\/v2\/pages\/1132\/revisions\/3238"}],"up":[{"embeddable":true,"href":"https:\/\/blogs.unc.edu.ar\/infiqc\/wp-json\/wp\/v2\/pages\/64"}],"wp:attachment":[{"href":"https:\/\/blogs.unc.edu.ar\/infiqc\/wp-json\/wp\/v2\/media?parent=1132"}],"curies":[{"name":"wp","href":"https:\/\/api.w.org\/{rel}","templated":true}]}}