{"id":33,"date":"2015-08-07T19:42:44","date_gmt":"2015-08-07T19:42:44","guid":{"rendered":"https:\/\/blogs.unc.edu.ar\/escuela-de-oficios\/?page_id=33"},"modified":"2017-03-19T18:58:21","modified_gmt":"2017-03-19T18:58:21","slug":"plan-fines","status":"publish","type":"page","link":"https:\/\/blogs.unc.edu.ar\/escuela-de-oficios\/plan-fines\/","title":{"rendered":"Plan FiNES"},"content":{"rendered":"<p style=\"text-align: justify\"><a href=\"https:\/\/blogs.unc.edu.ar\/escuela-de-oficios\/files\/FINES.png\"><img loading=\"lazy\" decoding=\"async\" class=\"aligncenter size-full wp-image-144\" src=\"https:\/\/blogs.unc.edu.ar\/escuela-de-oficios\/files\/FINES.png\" alt=\"FINES\" width=\"1915\" height=\"947\" srcset=\"https:\/\/blogs.unc.edu.ar\/escuela-de-oficios\/files\/FINES.png 1915w, https:\/\/blogs.unc.edu.ar\/escuela-de-oficios\/files\/FINES-300x148.png 300w, https:\/\/blogs.unc.edu.ar\/escuela-de-oficios\/files\/FINES-1024x506.png 1024w\" sizes=\"auto, (max-width: 1915px) 100vw, 1915px\" \/><\/a><\/p>\n<p style=\"text-align: justify\"><span style=\"font-size: 14px\"><span style=\"font-family: arial,helvetica,sans-serif\">Es una pol\u00edtica de inclusi\u00f3n educativa del Ministerio de Educaci\u00f3n de la Naci\u00f3n y del Programa de Formaci\u00f3n en Oficios de la Secretar\u00eda de Extensi\u00f3n Univerisitaria, que tiene como objetivo ofrecer a los j\u00f3venes y adultos de todo el pa\u00eds un plan de estudios a distancia con un sistema de tutor\u00edas permanente. Permite adem\u00e1s que los estudiantes se incorporen a un trayecto educativo en cualquier momento del a\u00f1o, reconociendo los diferentes trayectos ya realizados en el sistema educativo, adapt\u00e1ndose de esta forma a sus posibilidades y necesidades.<br \/>\nEn el 2014 se inscribieron mas de 400 estudiantes.<\/span><\/span><\/p>\n<p style=\"text-align: justify\"><span style=\"font-size: 14px\">La ley de educaci\u00f3n nacional n\u00b026.206, sancionada en el 2006, establece como finalidad garantizar la alfabetizaci\u00f3n y el cumplimiento de la obligatoriedad escolar. La educaci\u00f3n permanente de j\u00f3venes y adultos es considerada una modalidad destinada a atender las particularidades socioculturales, laborales, contextuales y personales de la poblaci\u00f3n mayor de 18 a\u00f1os de edad. Su organizaci\u00f3n curricular e institucional debe estar basada en criterios de flexibilidad y apertura que acrediten saberes y permitan la movilidad laboral.<\/span><\/p>\n<p style=\"text-align: justify\"><span style=\"font-size: 14px\">En esta direcci\u00f3n, el ministerio de educaci\u00f3n de la naci\u00f3n implementa el\u00a0plan de finalizaci\u00f3n de estudios primarios y secundarios para j\u00f3venes y adultos \u2013plan fines-, posibilitando que todos aquellos j\u00f3venes y adultos mayores de 18 a\u00f1os que a\u00fan no han completado la escolaridad obligatoria, puedan finalizarla. Propone resignificar el dise\u00f1o de las propuestas educativas a trav\u00e9s de formas de aprendizajes aut\u00f3nomos, con contenidos relevantes, contextualizados y propuestas que valoren los saberes adquiridos por los j\u00f3venes y adultos a lo largo de su vida.<\/span><\/p>\n<p style=\"text-align: justify\"><span style=\"font-size: 14px\">Este plan se caracteriza por su adaptabilidad y capacidad de articulaci\u00f3n entre organismos estatales y organizaciones de la sociedad civil que permiten generar condiciones de universalidad en la educaci\u00f3n de j\u00f3venes y adultos. Pero adem\u00e1s, su cercan\u00eda con el territorio posibilitan cubrir la demanda efectiva de la poblaci\u00f3n a cubrir. Estas dimensiones constituyen las principales fortalezas para el\u00a0 desarrollo del plan.<\/span><\/p>\n<p style=\"text-align: justify\"><span style=\"font-size: 14px\"><span style=\"font-family: arial, helvetica, sans-serif\">Sitio web:\u00a0<a href=\"http:\/\/www.fines.educ.ar\/\">http:\/\/www.fines.educ.ar\/<\/a><\/span><\/span><\/p>\n","protected":false},"excerpt":{"rendered":"<p>Es una pol\u00edtica de inclusi\u00f3n educativa del Ministerio de Educaci\u00f3n de la Naci\u00f3n y del Programa de Formaci\u00f3n en Oficios de la Secretar\u00eda de Extensi\u00f3n Univerisitaria, que tiene como objetivo ofrecer a los j\u00f3venes y adultos de todo el pa\u00eds un plan de estudios a distancia con un sistema de tutor\u00edas permanente. Permite adem\u00e1s que &hellip; <\/p>\n<p class=\"link-more\"><a href=\"https:\/\/blogs.unc.edu.ar\/escuela-de-oficios\/plan-fines\/\" class=\"more-link\">Seguir leyendo<span class=\"screen-reader-text\"> \u00abPlan FiNES\u00bb<\/span><\/a><\/p>\n","protected":false},"author":28,"featured_media":0,"parent":0,"menu_order":0,"comment_status":"closed","ping_status":"closed","template":"","meta":{"footnotes":""},"class_list":["post-33","page","type-page","status-publish","hentry","entry"],"_links":{"self":[{"href":"https:\/\/blogs.unc.edu.ar\/escuela-de-oficios\/wp-json\/wp\/v2\/pages\/33","targetHints":{"allow":["GET"]}}],"collection":[{"href":"https:\/\/blogs.unc.edu.ar\/escuela-de-oficios\/wp-json\/wp\/v2\/pages"}],"about":[{"href":"https:\/\/blogs.unc.edu.ar\/escuela-de-oficios\/wp-json\/wp\/v2\/types\/page"}],"author":[{"embeddable":true,"href":"https:\/\/blogs.unc.edu.ar\/escuela-de-oficios\/wp-json\/wp\/v2\/users\/28"}],"replies":[{"embeddable":true,"href":"https:\/\/blogs.unc.edu.ar\/escuela-de-oficios\/wp-json\/wp\/v2\/comments?post=33"}],"version-history":[{"count":7,"href":"https:\/\/blogs.unc.edu.ar\/escuela-de-oficios\/wp-json\/wp\/v2\/pages\/33\/revisions"}],"predecessor-version":[{"id":233,"href":"https:\/\/blogs.unc.edu.ar\/escuela-de-oficios\/wp-json\/wp\/v2\/pages\/33\/revisions\/233"}],"wp:attachment":[{"href":"https:\/\/blogs.unc.edu.ar\/escuela-de-oficios\/wp-json\/wp\/v2\/media?parent=33"}],"curies":[{"name":"wp","href":"https:\/\/api.w.org\/{rel}","templated":true}]}}