{"id":31,"date":"2015-08-07T19:42:32","date_gmt":"2015-08-07T19:42:32","guid":{"rendered":"https:\/\/blogs.unc.edu.ar\/escuela-de-oficios\/?page_id=31"},"modified":"2017-03-19T18:58:52","modified_gmt":"2017-03-19T18:58:52","slug":"curso-de-introduccion-al-trabajo-2","status":"publish","type":"page","link":"https:\/\/blogs.unc.edu.ar\/escuela-de-oficios\/curso-de-introduccion-al-trabajo-2\/","title":{"rendered":"Curso de Introducci\u00f3n al Trabajo (CIT)"},"content":{"rendered":"<p><a href=\"https:\/\/blogs.unc.edu.ar\/escuela-de-oficios\/files\/10403864_1503211013224088_5042473120224256340_o.jpg\"><img loading=\"lazy\" decoding=\"async\" class=\"aligncenter size-full wp-image-150\" src=\"https:\/\/blogs.unc.edu.ar\/escuela-de-oficios\/files\/10403864_1503211013224088_5042473120224256340_o.jpg\" alt=\"10403864_1503211013224088_5042473120224256340_o\" width=\"2048\" height=\"1149\" srcset=\"https:\/\/blogs.unc.edu.ar\/escuela-de-oficios\/files\/10403864_1503211013224088_5042473120224256340_o.jpg 2048w, https:\/\/blogs.unc.edu.ar\/escuela-de-oficios\/files\/10403864_1503211013224088_5042473120224256340_o-300x168.jpg 300w, https:\/\/blogs.unc.edu.ar\/escuela-de-oficios\/files\/10403864_1503211013224088_5042473120224256340_o-1024x575.jpg 1024w\" sizes=\"auto, (max-width: 2048px) 100vw, 2048px\" \/><\/a><\/p>\n<p style=\"text-align: justify\"><span style=\"font-size: 14px\">Se trata de un programa del Ministerio de Trabajo, Empleo y Seguridad Social de la Naci\u00f3n que promueve la inserci\u00f3n laboral de trabajadores j\u00f3venes en empleos de calidad. Actualmente se implementade manera conjunta por la UNC y las\u00a0municipalidades de C\u00f3rdoba, Jes\u00fas Mar\u00eda y Anisacate.<br \/>\nEn el marco de este Programa, la UNC ofrece a los j\u00f3venes un espacio de orientaci\u00f3n e introducci\u00f3n al mundo del trabajo que le permite identificar su propio proyecto laboral en relaci\u00f3n a su proyecto de vida y no simplemente en funci\u00f3n de las necesidades del mercado.<br \/>\nEn el 2014 se inscribieron m\u00e1s de 800 estudiantes entre las 3 localidades.<\/span><\/p>\n<p style=\"text-align: justify\"><span style=\"font-size: 14px\">Los Cursos de Introducci\u00f3n al Trabajo (CIT) est\u00e1n especialmente pensados para vos. En ellos aprender\u00e1s:<\/span><\/p>\n<p style=\"text-align: justify\"><span style=\"font-size: 14px\">\u00b7\u00a0Tus derechos laborales.<br \/>\n\u00b7\u00a0T\u00e9cnicas para buscar trabajo.<br \/>\n\u00b7\u00a0Qu\u00e9 te gusta y cu\u00e1les son tus habilidades para conseguir un trabajo.<br \/>\n\u00b7\u00a0C\u00f3mo cuidar tu salud en el trabajo.<br \/>\n\u00b7\u00a0C\u00f3mo usar una computadora para trabajar y conseguir un empleo o uno mejor.<\/span><\/p>\n<p style=\"text-align: justify\"><span style=\"font-size: 14px\">Las capacitaciones duran 4 meses.\u00a0Son 130 horas organizadas de acuerdo a tus tiempos y en el lugar m\u00e1s cercano a tu domicilio. Tienen como objetivo ayudarte a elegir cu\u00e1l es el mejor camino para enfrentar los desaf\u00edos del trabajo. Recibir\u00e1s asesoramiento y acompa\u00f1amiento personalizado\u00a0para detectar tus intereses, necesidades y prioridades. Conocer\u00e1s adem\u00e1s las estrategias adecuadas para planificar y desarrollar tu camino de b\u00fasqueda, formaci\u00f3n y acceso al empleo.<\/span><\/p>\n<p><span style=\"font-family: arial, helvetica, sans-serif\"><span style=\"font-size: 14px;line-height: 16px\">Facebook: <a href=\"https:\/\/www.facebook.com\/UNCPOI?fref=ts\">CIT UNC<\/a><\/span><\/span><\/p>\n<p>&nbsp;<\/p>\n<p>&nbsp;<\/p>\n","protected":false},"excerpt":{"rendered":"<p>Se trata de un programa del Ministerio de Trabajo, Empleo y Seguridad Social de la Naci\u00f3n que promueve la inserci\u00f3n laboral de trabajadores j\u00f3venes en empleos de calidad. Actualmente se implementade manera conjunta por la UNC y las\u00a0municipalidades de C\u00f3rdoba, Jes\u00fas Mar\u00eda y Anisacate. En el marco de este Programa, la UNC ofrece a los &hellip; <\/p>\n<p class=\"link-more\"><a href=\"https:\/\/blogs.unc.edu.ar\/escuela-de-oficios\/curso-de-introduccion-al-trabajo-2\/\" class=\"more-link\">Seguir leyendo<span class=\"screen-reader-text\"> \u00abCurso de Introducci\u00f3n al Trabajo (CIT)\u00bb<\/span><\/a><\/p>\n","protected":false},"author":28,"featured_media":0,"parent":0,"menu_order":0,"comment_status":"closed","ping_status":"closed","template":"","meta":{"footnotes":""},"class_list":["post-31","page","type-page","status-publish","hentry","entry"],"_links":{"self":[{"href":"https:\/\/blogs.unc.edu.ar\/escuela-de-oficios\/wp-json\/wp\/v2\/pages\/31","targetHints":{"allow":["GET"]}}],"collection":[{"href":"https:\/\/blogs.unc.edu.ar\/escuela-de-oficios\/wp-json\/wp\/v2\/pages"}],"about":[{"href":"https:\/\/blogs.unc.edu.ar\/escuela-de-oficios\/wp-json\/wp\/v2\/types\/page"}],"author":[{"embeddable":true,"href":"https:\/\/blogs.unc.edu.ar\/escuela-de-oficios\/wp-json\/wp\/v2\/users\/28"}],"replies":[{"embeddable":true,"href":"https:\/\/blogs.unc.edu.ar\/escuela-de-oficios\/wp-json\/wp\/v2\/comments?post=31"}],"version-history":[{"count":12,"href":"https:\/\/blogs.unc.edu.ar\/escuela-de-oficios\/wp-json\/wp\/v2\/pages\/31\/revisions"}],"predecessor-version":[{"id":148,"href":"https:\/\/blogs.unc.edu.ar\/escuela-de-oficios\/wp-json\/wp\/v2\/pages\/31\/revisions\/148"}],"wp:attachment":[{"href":"https:\/\/blogs.unc.edu.ar\/escuela-de-oficios\/wp-json\/wp\/v2\/media?parent=31"}],"curies":[{"name":"wp","href":"https:\/\/api.w.org\/{rel}","templated":true}]}}