{"id":29,"date":"2015-08-07T19:42:19","date_gmt":"2015-08-07T19:42:19","guid":{"rendered":"https:\/\/blogs.unc.edu.ar\/escuela-de-oficios\/?page_id=29"},"modified":"2016-07-20T18:15:14","modified_gmt":"2016-07-20T18:15:14","slug":"escuela-de-oficios-2","status":"publish","type":"page","link":"https:\/\/blogs.unc.edu.ar\/escuela-de-oficios\/escuela-de-oficios-2\/","title":{"rendered":"Escuela de Oficios"},"content":{"rendered":"<p><a href=\"https:\/\/blogs.unc.edu.ar\/escuela-de-oficios\/files\/1IMG_3413.jpg\"><img loading=\"lazy\" decoding=\"async\" class=\"aligncenter size-large wp-image-99\" src=\"https:\/\/blogs.unc.edu.ar\/escuela-de-oficios\/files\/1IMG_3413-1024x683.jpg\" alt=\"1IMG_3413\" width=\"1024\" height=\"683\" srcset=\"https:\/\/blogs.unc.edu.ar\/escuela-de-oficios\/files\/1IMG_3413-1024x683.jpg 1024w, https:\/\/blogs.unc.edu.ar\/escuela-de-oficios\/files\/1IMG_3413-300x200.jpg 300w, https:\/\/blogs.unc.edu.ar\/escuela-de-oficios\/files\/1IMG_3413.jpg 1296w\" sizes=\"auto, (max-width: 1024px) 100vw, 1024px\" \/><\/a><\/p>\n<p style=\"text-align: justify\"><span style=\"font-size: 14px\"><span style=\"font-family: arial,helvetica,sans-serif\">El Programa de Formaci\u00f3n en Oficios tiene por objeto\u00a0implementar pol\u00edticas activas de inclusi\u00f3n educativa de la poblaci\u00f3n en condiciones de vulnerabilidad social, articulando las acciones de capacitaci\u00f3n laboral con los dem\u00e1s niveles y modalidades del sistema educativo. De esta manera, se propone promover que los trabajadores y las trabajadoras construyan trayectorias educativas que les permitan, independientemente del nivel de escolaridad alcanzado, pasar de un nivel o modalidad del sistema de educaci\u00f3n formal al de Formaci\u00f3n Profesional o Capacitaci\u00f3n Laboral, y viceversa. <\/span><\/span><\/p>\n<p style=\"text-align: justify\"><span style=\"font-size: 14px\"><span style=\"font-family: arial,helvetica,sans-serif\">El Programa se implementa desde la Secretar\u00eda de Extensi\u00f3n Universitaria de la UNC con el apoyo de la Secretar\u00eda de Empleo del Ministerio de Trabajo de la Naci\u00f3n.<\/span><\/span><\/p>\n<p style=\"text-align: justify\"><span style=\"font-size: 16px\"><span style=\"font-family: arial,helvetica,sans-serif\"><strong>OBJETIVOS<\/strong><\/span><\/span><\/p>\n<hr \/>\n<p style=\"text-align: justify\"><span style=\"font-size: 14px\"><span style=\"font-family: arial,helvetica,sans-serif\">Entre los objetivos de la Escuela de Oficios se destaca la realizaci\u00f3n de pr\u00e1cticas que contribuyen a la conservaci\u00f3n y mantenimiento del patrimonio. Ejemplo de ello son los m\u00e1s de de 4000 mts cuadrados intervenidos por los alumnos de los cursos de Jardiner\u00eda, o los m\u00e1s de 100 bancos del Colegio Nacional Monserrat restaurados por los alumnos de Carpinter\u00eda.<br \/>\nAsimismo se desarrollaron instancias de pr\u00e1ctica en la f\u00e1brica de alfajores La Quinta, donde los alumnos del curso de Buenas Pr\u00e1cticas en la Manipulaci\u00f3n de Alimentos aprendieron acerca de los procesos productivos y las normas de seguridad, y en el estudio de Radio Universidad (SRT), donde los estudiantes realizaron las pr\u00e1cticas finales de los cursos de Programaci\u00f3n de Contenidos Radiales y Operador T\u00e9cnico de Radio.<\/span><\/span><\/p>\n<p style=\"text-align: justify\"><span style=\"font-size: 16px\"><span style=\"font-family: arial,helvetica,sans-serif\"><strong>REQUISITOS<\/strong><\/span><\/span><\/p>\n<hr \/>\n<p style=\"text-align: justify\"><span style=\"font-size: 14px\"><span style=\"font-family: arial,helvetica,sans-serif\">Ser mayor de 18 a\u00f1os<br \/>\nSaber leer y escribir<br \/>\nPara la inscripci\u00f3n a cursos avanzados: tener acreditado el nivel inicial.<\/span><\/span><\/p>\n<p style=\"text-align: justify\"><span style=\"font-size: 16px\"><strong><span style=\"font-family: arial,helvetica,sans-serif\">LISTADO DE CURSOS, D\u00cdAS Y HORARIOS DE CURSADO Y PROGRAMAS<\/span><\/strong><\/span><\/p>\n<hr \/>\n<p style=\"text-align: justify\"><span style=\"font-size: 14px\"><span style=\"font-family: arial,helvetica,sans-serif\"><a href=\"https:\/\/blogs.unc.edu.ar\/escuela-de-oficios\/files\/ALBA\u00d1IL.pdf\">ALBA\u00d1ILERIA NIVEL INCIAL<\/a><\/span><\/span><\/p>\n<p style=\"text-align: justify\">1- Lunes de 15 a 20 horas<\/p>\n<p style=\"text-align: justify\">2- Viernes de 15 a 20 horas<\/p>\n<p style=\"text-align: justify\"><span style=\"font-size: 14px\"><span style=\"font-family: arial,helvetica,sans-serif\"><a href=\"https:\/\/blogs.unc.edu.ar\/escuela-de-oficios\/files\/ALBA\u00d1IL-AVANZADO.pdf\">ALBA\u00d1ILERIA NIVEL AVANZADO<\/a><\/span><\/span><\/p>\n<p style=\"text-align: justify\">1- Martes de 15 a 20 horas<\/p>\n<p style=\"text-align: justify\"><span style=\"font-size: 14px\"><span style=\"font-family: arial,helvetica,sans-serif\"><a href=\"https:\/\/blogs.unc.edu.ar\/escuela-de-oficios\/files\/OPERADOR-DE-PC-CON-ESPECIALIZACI\u00d3N-EN-AUTOCAD.pdf\">OPERADOR DE PC CON ESPECIALIZACI\u00d3N EN AUTOCAD<\/a><\/span><\/span><\/p>\n<p style=\"text-align: justify\">1- Lunes y Mi\u00e9rcoles de 17 a 20 horas<\/p>\n<p style=\"text-align: justify\"><span style=\"font-size: 14px\"><span style=\"font-family: arial,helvetica,sans-serif\"><a href=\"https:\/\/blogs.unc.edu.ar\/escuela-de-oficios\/files\/OPERARIO-CARPINTERO.pdf\">CARPINTER\u00cdA NIVEL INCIAL<\/a><\/span><\/span><\/p>\n<p style=\"text-align: justify\">1- Lunes de 14 a 19 horas<\/p>\n<p style=\"text-align: justify\">2- Martes de 14 a 19 horas<\/p>\n<p style=\"text-align: justify\">3- Mi\u00e9rcoles de 14 a 19 horas<\/p>\n<p style=\"text-align: justify\">4- Jueves de 14 a 19 horas<\/p>\n<p style=\"text-align: justify\"><span style=\"font-size: 14px\"><span style=\"font-family: arial,helvetica,sans-serif\"><a href=\"https:\/\/blogs.unc.edu.ar\/escuela-de-oficios\/files\/OPERARIO-CARPINTERO-AVANZADO.pdf\">CARPINTER\u00cdA NIVEL AVANZADO<\/a><\/span><\/span><\/p>\n<p style=\"text-align: justify\">1- Viernes de 14 a 19 horas<\/p>\n<p style=\"text-align: justify\"><span style=\"font-size: 14px\"><span style=\"font-family: arial,helvetica,sans-serif\"><a href=\"https:\/\/blogs.unc.edu.ar\/escuela-de-oficios\/files\/AUXILIAR-JARDINER\u00cdA.pdf\">AUXILIAR DE JARDINER\u00cdA<\/a><\/span><\/span><\/p>\n<p style=\"text-align: justify\">1- Martes y Jueves de 1630 a 1930 horas<\/p>\n<p style=\"text-align: justify\"><span style=\"font-size: 14px\"><span style=\"font-family: arial,helvetica,sans-serif\"><a href=\"https:\/\/blogs.unc.edu.ar\/escuela-de-oficios\/files\/MANTENIMIENTO-DE-PARQUES-Y-JARDINES-NIVEL-INICIAL.pdf\">MANTENIMIENTO DE PARQUES Y JARDINES NIVEL INICIAL<\/a><\/span><\/span><\/p>\n<p style=\"text-align: justify\">1- Lunes, Mi\u00e9rcoles y Viernes de 14 a 18 horas<\/p>\n<p style=\"text-align: justify\"><span style=\"font-size: 14px\"><span style=\"font-family: arial,helvetica,sans-serif\"><a href=\"https:\/\/blogs.unc.edu.ar\/escuela-de-oficios\/files\/MANTENIMIENTO-DE-PARQUES-Y-JARDINES-NIVEL-AVANZADO.pdf\">MANTENIMIENTO DE PARQUES Y JARDINES NIVEL AVANZADO<\/a><\/span><\/span><\/p>\n<p style=\"text-align: justify\">1- Lunes, Mi\u00e9rcoles y Viernes de 15 a 18 horas<\/p>\n<p style=\"text-align: justify\"><span style=\"font-size: 14px\"><span style=\"font-family: arial,helvetica,sans-serif\"><a href=\"https:\/\/blogs.unc.edu.ar\/escuela-de-oficios\/files\/OPERADOR-T\u00c9CNICO-DE-RADIO.pdf\">OPERADOR T\u00c9CNICO DE RADIO<\/a><\/span><\/span><\/p>\n<p style=\"text-align: justify\">1- Mi\u00e9rcoles de 15 a 19 horas<\/p>\n<p style=\"text-align: justify\"><span style=\"font-size: 14px\"><span style=\"font-family: arial,helvetica,sans-serif\"><a href=\"https:\/\/blogs.unc.edu.ar\/escuela-de-oficios\/files\/PRODUCCI\u00d3N-INTEGRAL-DE-CONTENIDOS-RADIALES.pdf\">PRODUCTOR DE CONTENIDOS RADIALES<\/a><\/span><\/span><\/p>\n<p style=\"text-align: justify\">1- Mi\u00e9rcoles de 15 a 19 horas<\/p>\n<p style=\"text-align: justify\"><span style=\"font-size: 14px\"><span style=\"font-family: arial,helvetica,sans-serif\"><a href=\"https:\/\/blogs.unc.edu.ar\/escuela-de-oficios\/files\/BUENAS-PR\u00c1CTICAS-DE-MANUFACTURA-PARA-MANIPULADORES-DE-ALIMENTOS.pdf\">BUENAS PR\u00c1CTICAS EN LA MANIPULACI\u00d3N DE ALIMENTOS<\/a><\/span><\/span><\/p>\n<p style=\"text-align: justify\">1- Martes de 15:30 a 18:30 horas<\/p>\n<p style=\"text-align: justify\"><span style=\"font-size: 14px\"><span style=\"font-family: arial,helvetica,sans-serif\"><a href=\"https:\/\/blogs.unc.edu.ar\/escuela-de-oficios\/files\/OPERADOR-E-INFORMADOR-TUR\u00cdSTICO.pdf\">OPERADOR TUR\u00cdSTICO<\/a><\/span><\/span><\/p>\n<p style=\"text-align: justify\">1- Mi\u00e9rcoles de 16 a 19 horas<\/p>\n<p style=\"text-align: justify\"><span style=\"font-size: 14px\"><span style=\"font-family: arial,helvetica,sans-serif\"><a href=\"https:\/\/blogs.unc.edu.ar\/escuela-de-oficios\/files\/AUXILIAR-EN-INSTALACIONES-ELECTRICAS-DOMICILIARIAS.pdf\">ELECTRICIDAD<\/a>\u00a0<\/span><\/span><\/p>\n<p style=\"text-align: justify\">1- Jueves de 15 a 20 horas<\/p>\n<p style=\"text-align: justify\"><span style=\"font-size: 14px\"><span style=\"font-family: arial,helvetica,sans-serif\"><a href=\"http:\/\/www.unc.edu.ar\/extension\/vinculacion\/escuela-de-oficios\/escuela-de-oficios-2016\/auxiliar-tecnico-escolar\">AUXILIAR T\u00c9CNICO ESCOLAR<\/a> (Operador de Herramientas Pedag\u00f3gicas y Educativas)<\/span><\/span><\/p>\n<p style=\"text-align: justify\">1- Lunes de 18 a 21 horas<\/p>\n<p style=\"text-align: justify\"><span style=\"font-size: 14px\"><span style=\"font-family: arial,helvetica,sans-serif\"><a href=\"http:\/\/www.unc.edu.ar\/extension\/vinculacion\/escuela-de-oficios\/escuela-de-oficios-2016\/gestion-comercial.pdf\">GESTI\u00d3N COMERCIAL<\/a><\/span><\/span><\/p>\n<p style=\"text-align: justify\">1- Lunes de 14 a 17 horas<\/p>\n<p style=\"text-align: justify\"><a href=\"http:\/\/www.unc.edu.ar\/extension\/vinculacion\/escuela-de-oficios\/escuela-de-oficios-2016\/gestion-comercial.pdf\">GESTI\u00d3N COMERCIAL<\/a>\u00a0(Nivel Avanzado)<\/p>\n<p style=\"text-align: justify\">1- Jueves de 14 a 17 horas<\/p>\n<p>&nbsp;<\/p>\n<p style=\"text-align: justify\"><iframe loading=\"lazy\" title=\"Spot cierre suma 400\" width=\"640\" height=\"360\" src=\"https:\/\/www.youtube.com\/embed\/mwgW3JQhQXY?feature=oembed\" frameborder=\"0\" allow=\"accelerometer; autoplay; clipboard-write; encrypted-media; gyroscope; picture-in-picture; web-share\" referrerpolicy=\"strict-origin-when-cross-origin\" allowfullscreen><\/iframe><\/p>\n<p><strong>\u00daLTIMAS NOTICIAS<\/strong><\/p>\n<hr \/>\n<ul class=\"lcp_catlist\" id=\"lcp_instance_0\"><li><a href=\"https:\/\/blogs.unc.edu.ar\/escuela-de-oficios\/2017\/11\/02\/iv-encuentro\/\">IV Encuentro<\/a><\/li><li><a href=\"https:\/\/blogs.unc.edu.ar\/escuela-de-oficios\/2016\/07\/22\/escuela-de-oficios-unc-inscripciones-segundo-cuatrimestre\/\">Escuela de Oficios UNC | Inscripciones segundo cuatrimestre<\/a><\/li><li><a href=\"https:\/\/blogs.unc.edu.ar\/escuela-de-oficios\/2016\/04\/06\/bienvenidos-a-la-escuela-de-oficios-2016\/\">Bienvenidos a la Escuela de Oficios 2016<\/a><\/li><\/ul>\n","protected":false},"excerpt":{"rendered":"<p>El Programa de Formaci\u00f3n en Oficios tiene por objeto\u00a0implementar pol\u00edticas activas de inclusi\u00f3n educativa de la poblaci\u00f3n en condiciones de vulnerabilidad social, articulando las acciones de capacitaci\u00f3n laboral con los dem\u00e1s niveles y modalidades del sistema educativo. De esta manera, se propone promover que los trabajadores y las trabajadoras construyan trayectorias educativas que les permitan, &hellip; <\/p>\n<p class=\"link-more\"><a href=\"https:\/\/blogs.unc.edu.ar\/escuela-de-oficios\/escuela-de-oficios-2\/\" class=\"more-link\">Seguir leyendo<span class=\"screen-reader-text\"> \u00abEscuela de Oficios\u00bb<\/span><\/a><\/p>\n","protected":false},"author":28,"featured_media":0,"parent":0,"menu_order":0,"comment_status":"closed","ping_status":"closed","template":"","meta":{"footnotes":""},"class_list":["post-29","page","type-page","status-publish","hentry","entry"],"_links":{"self":[{"href":"https:\/\/blogs.unc.edu.ar\/escuela-de-oficios\/wp-json\/wp\/v2\/pages\/29","targetHints":{"allow":["GET"]}}],"collection":[{"href":"https:\/\/blogs.unc.edu.ar\/escuela-de-oficios\/wp-json\/wp\/v2\/pages"}],"about":[{"href":"https:\/\/blogs.unc.edu.ar\/escuela-de-oficios\/wp-json\/wp\/v2\/types\/page"}],"author":[{"embeddable":true,"href":"https:\/\/blogs.unc.edu.ar\/escuela-de-oficios\/wp-json\/wp\/v2\/users\/28"}],"replies":[{"embeddable":true,"href":"https:\/\/blogs.unc.edu.ar\/escuela-de-oficios\/wp-json\/wp\/v2\/comments?post=29"}],"version-history":[{"count":37,"href":"https:\/\/blogs.unc.edu.ar\/escuela-de-oficios\/wp-json\/wp\/v2\/pages\/29\/revisions"}],"predecessor-version":[{"id":219,"href":"https:\/\/blogs.unc.edu.ar\/escuela-de-oficios\/wp-json\/wp\/v2\/pages\/29\/revisions\/219"}],"wp:attachment":[{"href":"https:\/\/blogs.unc.edu.ar\/escuela-de-oficios\/wp-json\/wp\/v2\/media?parent=29"}],"curies":[{"name":"wp","href":"https:\/\/api.w.org\/{rel}","templated":true}]}}