{"id":8,"date":"2013-07-08T13:45:27","date_gmt":"2013-07-08T13:45:27","guid":{"rendered":"https:\/\/blogs.unc.edu.ar\/doctoradoaypp\/?page_id=8"},"modified":"2019-02-21T15:02:43","modified_gmt":"2019-02-21T15:02:43","slug":"el-doctorado","status":"publish","type":"page","link":"https:\/\/blogs.unc.edu.ar\/doctoradoaypp\/el-doctorado\/","title":{"rendered":"Acerca del Doctorado"},"content":{"rendered":"<p>La Facultad de Ciencias Sociales de la Universidad Nacional de C\u00f3rdoba, Argentina ofrece a trav\u00e9s del Instituto de Investigaci\u00f3n y Formaci\u00f3n en Administraci\u00f3n P\u00fablica (IIFAP),\u00a0 ofrece desde octubre de 2010 la carrera de Doctorado en Administraci\u00f3n y Pol\u00edtica P\u00fablica.<\/p>\n<p>La carrera est\u00e1 acreditada en la categor\u00eda B por Resoluci\u00f3n n\u00b0 815\/15 de la Comisi\u00f3n Nacional de Evaluaci\u00f3n y Acreditaci\u00f3n Universitaria (CONEAU) y otorga el t\u00edtulo de <strong>Doctor en Administraci\u00f3n y Pol\u00edtica P\u00fablica de la Universidad Nacional de C\u00f3rdoba<\/strong>.<\/p>\n<p>La propuesta acad\u00e9mica est\u00e1 orientada a desarrollar un espacio de intercambio multidisciplinario que permita profundizar los conocimientos sobre el Estado, su administraci\u00f3n y sus pol\u00edticas, bajo el objetivo de contribuir al desarrollo de capacidades s\u00f3lidas de investigaci\u00f3n, docencia e intervenci\u00f3n en este dominio.<\/p>\n<p>El Doctorado se propone para ello como un espacio orientado a brindar las herramientas te\u00f3ricas y metodol\u00f3gicas que permitan abordar la complejidad de su objeto, relacionada de modo directo con una realidad social que transita por un profundo proceso de transformaciones de la sociedad contempor\u00e1nea que conmueve sus instituciones, organizaciones y subjetividades cuyas consecuencias penetran los \u00e1mbitos de la cultura, la pol\u00edtica y la econom\u00eda. Si bien tal contexto hist\u00f3rico condiciona el desarrollo del Estado y de sus Pol\u00edticas, \u00e9stas contribuyen al mismo tiempo a configurar y\/o a reconfigurar el ambiente en que se inscribe.<\/p>\n<p>Intentando dar cuenta de los m\u00faltiples sentidos de la problem\u00e1tica del Estado, la <a href=\"https:\/\/blogs.unc.edu.ar\/doctoradoaypp\/oferta-academica\/\">oferta acad\u00e9mica<\/a> que ha sido programada para el Doctorado, adquiere un perfil innovador respecto a la formaci\u00f3n en este campo disciplinar.<\/p>\n<hr \/>\n<table border=\"1\" cellspacing=\"1\" cellpadding=\"1\">\n<tbody>\n<tr>\n<td>\n<h2><span style=\"color: #ee82ee\"><strong>Presentaci\u00f3n del Doctorado<\/strong><\/span><\/h2>\n<p>Mir\u00e1 aqu\u00ed\u00a0<a href=\"http:\/\/prezi.com\/oiob2cpbugnx\/?utm_campaign=share&amp;utm_medium=copy&amp;rc=ex0share\" target=\"_blank\" rel=\"noopener\">http:\/\/prezi.com\/oiob2cpbugnx\/?utm_campaign=share&amp;utm_medium=copy&amp;rc=ex0share<\/a>\u00a0la descripci\u00f3n del Doctorado en una presentaci\u00f3n animada.<\/td>\n<\/tr>\n<\/tbody>\n<\/table>\n","protected":false},"excerpt":{"rendered":"<p>La Facultad de Ciencias Sociales de la Universidad Nacional de C\u00f3rdoba, Argentina ofrece a trav\u00e9s del Instituto de Investigaci\u00f3n y Formaci\u00f3n en Administraci\u00f3n P\u00fablica (IIFAP),\u00a0 ofrece desde octubre de 2010 la carrera de Doctorado en Administraci\u00f3n y Pol\u00edtica P\u00fablica. La carrera est\u00e1 acreditada en la categor\u00eda B por Resoluci\u00f3n n\u00b0 815\/15 de la Comisi\u00f3n Nacional &hellip; <\/p>\n<p class=\"link-more\"><a href=\"https:\/\/blogs.unc.edu.ar\/doctoradoaypp\/el-doctorado\/\" class=\"more-link\">Seguir leyendo<span class=\"screen-reader-text\"> \u00abAcerca del Doctorado\u00bb<\/span><\/a><\/p>\n","protected":false},"author":39,"featured_media":0,"parent":0,"menu_order":1,"comment_status":"closed","ping_status":"closed","template":"","meta":{"footnotes":""},"class_list":["post-8","page","type-page","status-publish","hentry","entry"],"_links":{"self":[{"href":"https:\/\/blogs.unc.edu.ar\/doctoradoaypp\/wp-json\/wp\/v2\/pages\/8","targetHints":{"allow":["GET"]}}],"collection":[{"href":"https:\/\/blogs.unc.edu.ar\/doctoradoaypp\/wp-json\/wp\/v2\/pages"}],"about":[{"href":"https:\/\/blogs.unc.edu.ar\/doctoradoaypp\/wp-json\/wp\/v2\/types\/page"}],"author":[{"embeddable":true,"href":"https:\/\/blogs.unc.edu.ar\/doctoradoaypp\/wp-json\/wp\/v2\/users\/39"}],"replies":[{"embeddable":true,"href":"https:\/\/blogs.unc.edu.ar\/doctoradoaypp\/wp-json\/wp\/v2\/comments?post=8"}],"version-history":[{"count":9,"href":"https:\/\/blogs.unc.edu.ar\/doctoradoaypp\/wp-json\/wp\/v2\/pages\/8\/revisions"}],"predecessor-version":[{"id":260,"href":"https:\/\/blogs.unc.edu.ar\/doctoradoaypp\/wp-json\/wp\/v2\/pages\/8\/revisions\/260"}],"wp:attachment":[{"href":"https:\/\/blogs.unc.edu.ar\/doctoradoaypp\/wp-json\/wp\/v2\/media?parent=8"}],"curies":[{"name":"wp","href":"https:\/\/api.w.org\/{rel}","templated":true}]}}