{"id":702,"date":"2016-02-19T15:15:40","date_gmt":"2016-02-19T15:15:40","guid":{"rendered":"https:\/\/blogs.unc.edu.ar\/doctorado-neurociencias\/?page_id=702"},"modified":"2022-10-12T19:58:06","modified_gmt":"2022-10-12T19:58:06","slug":"defensa-de-tesis","status":"publish","type":"page","link":"https:\/\/blogs.unc.edu.ar\/doctorado-neurociencias\/alumnos-2\/defensa-de-tesis\/","title":{"rendered":"Defensa de Tesis"},"content":{"rendered":"<p><strong>Tr\u00e1mites para la defensa de Tesis:<\/strong> la recepci\u00f3n de \u00a0los tr\u00e1mites descriptos en la segunda parte del Art\u00edculo 24 del Reglamento del DNC (copias del manuscrito y solicitud de conformaci\u00f3n de Tribunal) se llevar\u00e1 a cabo en la <strong>Mesa de Entradas de la Facultad de Ciencias Qu\u00edmicas de la UNC<\/strong>, UNICAMENTE en los d\u00edas h\u00e1biles del per\u00edodo comprendido del 1 de Abril al 15 de Noviembre del a\u00f1o lectivo.<\/p>\n<p><a href=\"https:\/\/blogs.unc.edu.ar\/doctorado-neurociencias\/files\/Nota-doctorando-para-presentacion-de-tesis.doc\" rel=\"\">Nota modelo para presentaci\u00f3n de tesis<\/a><\/p>\n","protected":false},"excerpt":{"rendered":"<p>Tr\u00e1mites para la defensa de Tesis: la recepci\u00f3n de \u00a0los tr\u00e1mites descriptos en la segunda parte del Art\u00edculo 24 del Reglamento del DNC (copias del manuscrito y solicitud de conformaci\u00f3n de Tribunal) se llevar\u00e1 a cabo en la Mesa de Entradas de la Facultad de Ciencias Qu\u00edmicas de la UNC, UNICAMENTE en los d\u00edas h\u00e1biles [&hellip;]<\/p>\n","protected":false},"author":4,"featured_media":0,"parent":37,"menu_order":8,"comment_status":"closed","ping_status":"closed","template":"","meta":{"footnotes":""},"class_list":["post-702","page","type-page","status-publish","hentry"],"_links":{"self":[{"href":"https:\/\/blogs.unc.edu.ar\/doctorado-neurociencias\/wp-json\/wp\/v2\/pages\/702","targetHints":{"allow":["GET"]}}],"collection":[{"href":"https:\/\/blogs.unc.edu.ar\/doctorado-neurociencias\/wp-json\/wp\/v2\/pages"}],"about":[{"href":"https:\/\/blogs.unc.edu.ar\/doctorado-neurociencias\/wp-json\/wp\/v2\/types\/page"}],"author":[{"embeddable":true,"href":"https:\/\/blogs.unc.edu.ar\/doctorado-neurociencias\/wp-json\/wp\/v2\/users\/4"}],"replies":[{"embeddable":true,"href":"https:\/\/blogs.unc.edu.ar\/doctorado-neurociencias\/wp-json\/wp\/v2\/comments?post=702"}],"version-history":[{"count":6,"href":"https:\/\/blogs.unc.edu.ar\/doctorado-neurociencias\/wp-json\/wp\/v2\/pages\/702\/revisions"}],"predecessor-version":[{"id":1132,"href":"https:\/\/blogs.unc.edu.ar\/doctorado-neurociencias\/wp-json\/wp\/v2\/pages\/702\/revisions\/1132"}],"up":[{"embeddable":true,"href":"https:\/\/blogs.unc.edu.ar\/doctorado-neurociencias\/wp-json\/wp\/v2\/pages\/37"}],"wp:attachment":[{"href":"https:\/\/blogs.unc.edu.ar\/doctorado-neurociencias\/wp-json\/wp\/v2\/media?parent=702"}],"curies":[{"name":"wp","href":"https:\/\/api.w.org\/{rel}","templated":true}]}}