{"id":337,"date":"2010-05-07T20:50:26","date_gmt":"2010-05-07T20:50:26","guid":{"rendered":"https:\/\/blogs.unc.edu.ar\/doctorado-neurociencias\/?page_id=337"},"modified":"2022-10-16T13:03:21","modified_gmt":"2022-10-16T13:03:21","slug":"descargas","status":"publish","type":"page","link":"https:\/\/blogs.unc.edu.ar\/doctorado-neurociencias\/descargas\/","title":{"rendered":"Descargas"},"content":{"rendered":"<p>Baj\u00e1 los siguientes documentos:<\/p>\n<p><a href=\"https:\/\/blogs.unc.edu.ar\/doctorado-neurociencias\/files\/RHCS_166_2009.pdf\"><span style=\"font-family: trebuchet ms,helvetica,sans-serif\">Resoluci\u00f3n HCS-UNC<br \/>\n<\/span><\/a><\/p>\n<p><a href=\"https:\/\/blogs.unc.edu.ar\/doctorado-neurociencias\/files\/CONEAU.pdf\"><span style=\"font-family: trebuchet ms,helvetica,sans-serif\">Resoluci\u00f3n CONEAU<\/span><\/a><\/p>\n<p><a href=\"https:\/\/blogs.unc.edu.ar\/doctorado-neurociencias\/descargas\/solicitud-de-inscripcion-electronica_web-2021\/\" rel=\"noopener noreferrer\"><span style=\"color: #ff0000\"><strong>Solicitud Inscripci\u00f3n Formato Electr\u00f3nico<\/strong><\/span><\/a><\/p>\n<p><a href=\"https:\/\/blogs.unc.edu.ar\/doctorado-neurociencias\/files\/Planilla_Inscripcion_dnc.doc\">Ficha de Inscripci\u00f3n\u00a0<\/a><\/p>\n<p><a href=\"https:\/\/blogs.unc.edu.ar\/doctorado-neurociencias\/files\/InfoAnualComAsesoraTesisModificada.doc\">Ficha Modelo de Informe de Reuni\u00f3n de la Comisi\u00f3n Asesora<\/a><\/p>\n<p><a href=\"https:\/\/blogs.unc.edu.ar\/doctorado-neurociencias\/files\/Nota-doctorando-para-presentacion-de-tesis.doc\">Carta presentaci\u00f3n de Tesis<\/a><\/p>\n","protected":false},"excerpt":{"rendered":"<p>Baj\u00e1 los siguientes documentos: Resoluci\u00f3n HCS-UNC Resoluci\u00f3n CONEAU Solicitud Inscripci\u00f3n Formato Electr\u00f3nico Ficha de Inscripci\u00f3n\u00a0 Ficha Modelo de Informe de Reuni\u00f3n de la Comisi\u00f3n Asesora Carta presentaci\u00f3n de Tesis<\/p>\n","protected":false},"author":4,"featured_media":0,"parent":0,"menu_order":30,"comment_status":"closed","ping_status":"closed","template":"","meta":{"footnotes":""},"class_list":["post-337","page","type-page","status-publish","hentry"],"_links":{"self":[{"href":"https:\/\/blogs.unc.edu.ar\/doctorado-neurociencias\/wp-json\/wp\/v2\/pages\/337","targetHints":{"allow":["GET"]}}],"collection":[{"href":"https:\/\/blogs.unc.edu.ar\/doctorado-neurociencias\/wp-json\/wp\/v2\/pages"}],"about":[{"href":"https:\/\/blogs.unc.edu.ar\/doctorado-neurociencias\/wp-json\/wp\/v2\/types\/page"}],"author":[{"embeddable":true,"href":"https:\/\/blogs.unc.edu.ar\/doctorado-neurociencias\/wp-json\/wp\/v2\/users\/4"}],"replies":[{"embeddable":true,"href":"https:\/\/blogs.unc.edu.ar\/doctorado-neurociencias\/wp-json\/wp\/v2\/comments?post=337"}],"version-history":[{"count":29,"href":"https:\/\/blogs.unc.edu.ar\/doctorado-neurociencias\/wp-json\/wp\/v2\/pages\/337\/revisions"}],"predecessor-version":[{"id":1137,"href":"https:\/\/blogs.unc.edu.ar\/doctorado-neurociencias\/wp-json\/wp\/v2\/pages\/337\/revisions\/1137"}],"wp:attachment":[{"href":"https:\/\/blogs.unc.edu.ar\/doctorado-neurociencias\/wp-json\/wp\/v2\/media?parent=337"}],"curies":[{"name":"wp","href":"https:\/\/api.w.org\/{rel}","templated":true}]}}