{"id":3,"date":"2010-04-20T14:17:44","date_gmt":"2010-04-20T14:17:44","guid":{"rendered":"https:\/\/blogs.unc.edu.ar\/doctorado-neurociencias\/?page_id=3"},"modified":"2017-09-29T18:08:17","modified_gmt":"2017-09-29T18:08:17","slug":"institucional","status":"publish","type":"page","link":"https:\/\/blogs.unc.edu.ar\/doctorado-neurociencias\/institucional\/","title":{"rendered":"Institucional"},"content":{"rendered":"<p>&nbsp;<\/p>\n<p>La <strong><span style=\"color: #006688\">Carrera de Doctorado en Neurociencias<\/span><\/strong> conduce a la obtenci\u00f3n del t\u00edtulo de Doctor en Neurociencias el que se otorgar\u00e1 de acuerdo a lo dispuesto en su Reglamento, aprobado por Honorable Consejo Superior de la Universidad Nacional de C\u00f3rdoba.<\/p>\n<p>Con Resoluci\u00f3n <a href=\"http:\/\/www.famaf.unc.edu.ar\/~menchon\/Neurociencias\/RS-2017-19930437-APN-CONEAU%23ME-Doct%20Neurociencias.pdf\">RESFC-2017-388-APN-CONEAU#ME<\/a>, CONEAU acredit\u00f3 la carrera de Doctorado en Neurociencias por seis a\u00f1os con categor\u00eda A.<\/p>\n<p>El t\u00edtulo tendr\u00e1 valor acad\u00e9mico, no habilitando para ejercicio profesional alguno en el pa\u00eds.<\/p>\n","protected":false},"excerpt":{"rendered":"<p>&nbsp; La Carrera de Doctorado en Neurociencias conduce a la obtenci\u00f3n del t\u00edtulo de Doctor en Neurociencias el que se otorgar\u00e1 de acuerdo a lo dispuesto en su Reglamento, aprobado por Honorable Consejo Superior de la Universidad Nacional de C\u00f3rdoba. Con Resoluci\u00f3n RESFC-2017-388-APN-CONEAU#ME, CONEAU acredit\u00f3 la carrera de Doctorado en Neurociencias por seis a\u00f1os con [&hellip;]<\/p>\n","protected":false},"author":4,"featured_media":0,"parent":0,"menu_order":2,"comment_status":"closed","ping_status":"closed","template":"","meta":{"footnotes":""},"class_list":["post-3","page","type-page","status-publish","hentry"],"_links":{"self":[{"href":"https:\/\/blogs.unc.edu.ar\/doctorado-neurociencias\/wp-json\/wp\/v2\/pages\/3","targetHints":{"allow":["GET"]}}],"collection":[{"href":"https:\/\/blogs.unc.edu.ar\/doctorado-neurociencias\/wp-json\/wp\/v2\/pages"}],"about":[{"href":"https:\/\/blogs.unc.edu.ar\/doctorado-neurociencias\/wp-json\/wp\/v2\/types\/page"}],"author":[{"embeddable":true,"href":"https:\/\/blogs.unc.edu.ar\/doctorado-neurociencias\/wp-json\/wp\/v2\/users\/4"}],"replies":[{"embeddable":true,"href":"https:\/\/blogs.unc.edu.ar\/doctorado-neurociencias\/wp-json\/wp\/v2\/comments?post=3"}],"version-history":[{"count":12,"href":"https:\/\/blogs.unc.edu.ar\/doctorado-neurociencias\/wp-json\/wp\/v2\/pages\/3\/revisions"}],"predecessor-version":[{"id":897,"href":"https:\/\/blogs.unc.edu.ar\/doctorado-neurociencias\/wp-json\/wp\/v2\/pages\/3\/revisions\/897"}],"wp:attachment":[{"href":"https:\/\/blogs.unc.edu.ar\/doctorado-neurociencias\/wp-json\/wp\/v2\/media?parent=3"}],"curies":[{"name":"wp","href":"https:\/\/api.w.org\/{rel}","templated":true}]}}