{"id":27,"date":"2010-04-20T14:35:07","date_gmt":"2010-04-20T14:35:07","guid":{"rendered":"https:\/\/blogs.unc.edu.ar\/doctorado-neurociencias\/?page_id=27"},"modified":"2019-04-12T13:05:53","modified_gmt":"2019-04-12T13:05:53","slug":"cronograma","status":"publish","type":"page","link":"https:\/\/blogs.unc.edu.ar\/doctorado-neurociencias\/cronograma\/","title":{"rendered":"Cronograma"},"content":{"rendered":"<hr \/>\n<h1><strong>A\u00f1o 2019<\/strong><\/h1>\n<h2><strong>Curso b\u00e1sico<\/strong><\/h2>\n<p><strong>\u201cFilosof\u00eda de la Mente: debates y perspectivas actuales\u201d.<\/strong><\/p>\n<p><strong>Fecha:<\/strong> Comienza el<strong> 29 de Abril (29 y 30\/04\/19 \u2013 2 y 3\/05\/19).<br \/>\n<\/strong><\/p>\n<p><strong>Lugar:<\/strong> Instituto de Investigaci\u00f3n M\u00e9dica Mercedes y Martin Ferreyra.<\/p>\n<p>Auditorio del Instituto<\/p>\n<p><strong>Coordinadores: <\/strong><\/p>\n<p><strong>Dr. Aar\u00f3n Saal (Facultad de Psicolog\u00eda &#8211; Facultad de Filosof\u00eda y Humanidades)<\/strong><\/p>\n<p><strong> Dra. Carolina Scotto (Facultad de Filosof\u00eda y Humanidades)<\/strong><\/p>\n<p><strong> Dra. Laura Dan\u00f3n (Facultad de Psicolog\u00eda <\/strong><strong>Facultad de Filosof\u00eda y Humanidades)<br \/>\n<\/strong><\/p>\n<p><strong>Interesados dirigirse a:<\/strong> cursos@dnc.unc.edu.ar<\/p>\n<p>Inscripciones en la Secretar\u00eda del DNC o por correo electr\u00f3nico. Para mas detalles ver\u00a0<a href=\"https:\/\/blogs.unc.edu.ar\/doctorado-neurociencias\/contactos\/\">aqui<\/a>.<\/p>\n<p><strong>Arancel:<\/strong> El presente curso no es arancelado.<\/p>\n<p><strong>Programa del curso<\/strong> <a href=\"https:\/\/blogs.unc.edu.ar\/doctorado-neurociencias\/files\/programa-curso-Basico-DNC-Filosofia-de-la-Mente-2019.pdf\">aqui<\/a><\/p>\n<hr \/>\n<h2><strong>A\u00f1o 2018<\/strong><\/h2>\n<h2><\/h2>\n<h2><strong>Curso b\u00e1sico<\/strong><\/h2>\n<p><strong>\u201cNeurobiologia celular y molecular\u201d.<\/strong><\/p>\n<p><strong>Fecha:<\/strong> Comienza el<strong> 03 de Diciembre (03\/12\/18 \u2013 07\/12\/18).<br \/>\n<\/strong><\/p>\n<p><strong>Lugar:<\/strong> Instituto de Investigaci\u00f3n M\u00e9dica Mercedes y Martin Ferreyra.<\/p>\n<p>Auditorio del Instituto<\/p>\n<p><strong>Coordinadores: Dr. Lucas Sosa y Dr. Agust\u00edn Anastas\u00eda<\/strong><\/p>\n<p><strong>Interesados dirigirse a:<\/strong> cursos@dnc.unc.edu.ar<\/p>\n<p>Inscripciones en la Secretar\u00eda del DNC o por correo electr\u00f3nico. Para mas detalles ver\u00a0<a href=\"https:\/\/blogs.unc.edu.ar\/doctorado-neurociencias\/contactos\/\">aqui<\/a>.<\/p>\n<p>Arancel: $ 1200 (estudiantes del DNC, Docentes y no-Docentes de la UNC exentos). Para abonar el arancel siga las instrucciones\u00a0<a href=\"https:\/\/blogs.unc.edu.ar\/doctorado-neurociencias\/alumnos-2\/arancel\/\">aqui<\/a>.<\/p>\n<hr \/>\n<h2><\/h2>\n<h2><strong>Curso avanzado<\/strong><\/h2>\n<p><strong>\u201cRedes Neuronales\u201d<\/strong><\/p>\n<p><strong>Fecha:<\/strong>\u00a0Comienza el<strong>\u00a06 de Setiembre (06\/09\/18 \u2013 Noviembre 18).<br \/>\n<\/strong><\/p>\n<p><strong>Lugar:<\/strong>\u00a0Aula 12 FAMAF, UNC.<\/p>\n<p><strong>D\u00edas y horas:\u00a0<\/strong>\u00a0Jueves y Viernes de 17:00 a 21:00 hs.<\/p>\n<p><strong>Coordinador:\u00a0<\/strong>\u00a0Dr. Francisco Tamarit (tamarit.fa@gmail.com)<\/p>\n<p><strong>Interesados dirigirse a:<\/strong>\u00a0cursos@dnc.unc.edu.ar<\/p>\n<p>Inscripciones en la Secretar\u00eda del DNC (Martes a Viernes de 10:00 12:00 hs o por correo electr\u00f3nico. Para detalles sobre el curso ingrese\u00a0<a href=\"http:\/\/www.famaf.unc.edu.ar\/~ftamarit\/redes2018\/\">aqui<\/a><a href=\"https:\/\/blogs.unc.edu.ar\/doctorado-neurociencias\/contactos\/\">.<\/a><\/p>\n<p>Arancel: $ 1200 (estudiantes del DNC, Docentes y no-Docentes de la UNC exentos). Para abonar el arancel siga las instrucciones\u00a0<a href=\"https:\/\/blogs.unc.edu.ar\/doctorado-neurociencias\/alumnos-2\/arancel\/\">aqui<\/a>.<\/p>\n<hr \/>\n<h2><strong>Curso b\u00e1sico<\/strong><\/h2>\n<p><strong>Introduccion a la Neurociencia Cognitiva.<\/strong><\/p>\n<p><strong>Fecha:<\/strong>\u00a0Comienza el<strong>\u00a02 de Mayo (02\/05\/18 \u2013 07\/05\/18).<br \/>\n<\/strong><\/p>\n<p><strong>Lugar:<\/strong>\u00a0Facultad de Psicolog\u00eda, UNC.<\/p>\n<p>02\/05\/18 Aula Gesell (horario 8:30)<\/p>\n<p>03\/05\/18 Aula 10<\/p>\n<p>04\/05\/18 Aula 12<\/p>\n<p>07\/05\/18 Aula Gesell<\/p>\n<p><strong>Coordinadoras:<\/strong>\u00a0Dra. Paula Abate \/ Dra. Ver\u00f3nica Balaszczuk<\/p>\n<p><strong>Interesados dirigirse a:<\/strong>\u00a0cursos@dnc.unc.edu.ar<\/p>\n<p>Inscripciones en la Secretar\u00eda del DNC o por correo electr\u00f3nico. Para mas detalles ver\u00a0<a href=\"https:\/\/blogs.unc.edu.ar\/doctorado-neurociencias\/contactos\/\">aqui<\/a>.<\/p>\n<p>Arancel: $ 600 (estudiantes del DNC, Docentes y no-Docentes de la UNC exentos). Para abonar el arancel siga las instrucciones\u00a0<a href=\"https:\/\/blogs.unc.edu.ar\/doctorado-neurociencias\/alumnos-2\/arancel\/\">aqui<\/a>.<\/p>\n<h3><\/h3>\n<div><\/div>\n","protected":false},"excerpt":{"rendered":"<p>A\u00f1o 2019 Curso b\u00e1sico \u201cFilosof\u00eda de la Mente: debates y perspectivas actuales\u201d. Fecha: Comienza el 29 de Abril (29 y 30\/04\/19 \u2013 2 y 3\/05\/19). Lugar: Instituto de Investigaci\u00f3n M\u00e9dica Mercedes y Martin Ferreyra. Auditorio del Instituto Coordinadores: Dr. Aar\u00f3n Saal (Facultad de Psicolog\u00eda &#8211; Facultad de Filosof\u00eda y Humanidades) Dra. Carolina Scotto (Facultad de [&hellip;]<\/p>\n","protected":false},"author":4,"featured_media":0,"parent":0,"menu_order":10,"comment_status":"closed","ping_status":"closed","template":"","meta":{"footnotes":""},"class_list":["post-27","page","type-page","status-publish","hentry"],"_links":{"self":[{"href":"https:\/\/blogs.unc.edu.ar\/doctorado-neurociencias\/wp-json\/wp\/v2\/pages\/27","targetHints":{"allow":["GET"]}}],"collection":[{"href":"https:\/\/blogs.unc.edu.ar\/doctorado-neurociencias\/wp-json\/wp\/v2\/pages"}],"about":[{"href":"https:\/\/blogs.unc.edu.ar\/doctorado-neurociencias\/wp-json\/wp\/v2\/types\/page"}],"author":[{"embeddable":true,"href":"https:\/\/blogs.unc.edu.ar\/doctorado-neurociencias\/wp-json\/wp\/v2\/users\/4"}],"replies":[{"embeddable":true,"href":"https:\/\/blogs.unc.edu.ar\/doctorado-neurociencias\/wp-json\/wp\/v2\/comments?post=27"}],"version-history":[{"count":71,"href":"https:\/\/blogs.unc.edu.ar\/doctorado-neurociencias\/wp-json\/wp\/v2\/pages\/27\/revisions"}],"predecessor-version":[{"id":970,"href":"https:\/\/blogs.unc.edu.ar\/doctorado-neurociencias\/wp-json\/wp\/v2\/pages\/27\/revisions\/970"}],"wp:attachment":[{"href":"https:\/\/blogs.unc.edu.ar\/doctorado-neurociencias\/wp-json\/wp\/v2\/media?parent=27"}],"curies":[{"name":"wp","href":"https:\/\/api.w.org\/{rel}","templated":true}]}}