{"id":2,"date":"2010-04-20T12:43:20","date_gmt":"2010-04-20T12:43:20","guid":{"rendered":""},"modified":"2023-11-30T09:23:49","modified_gmt":"2023-11-30T09:23:49","slug":"acerca_de","status":"publish","type":"page","link":"https:\/\/blogs.unc.edu.ar\/doctorado-neurociencias\/acerca_de\/","title":{"rendered":"Inicio"},"content":{"rendered":"<p><span style=\"line-height: 1.6em;font-family: 'Trebuchet MS';font-size: 14px\">La\u00a0<\/span><span style=\"line-height: 1.6em;font-family: 'Trebuchet MS';font-size: 14px;color: #006688\"><strong>Carrera de Doctorado en Neurociencias <\/strong><\/span><span style=\"font-family: 'Trebuchet MS';font-size: 14px\">de la\u00a0<\/span><strong style=\"font-family: 'Trebuchet MS';font-size: 14px\">Universidad Nacional de C\u00f3rdoba<\/strong><span style=\"line-height: 1.6em;font-family: 'Trebuchet MS';font-size: 14px;color: #006688\"><strong>, <\/strong><\/span><span style=\"font-size: 14px\"><span style=\"font-family: Trebuchet MS\">carrera aprobada por la\u00a0<strong>Comisi\u00f3n Nacional de Evaluaciones y Acreditaci\u00f3n Universitarias<\/strong>, <strong>CONEAU<\/strong>, inici\u00f3 sus actividades en el segundo semestre de 2010. <\/span><\/span><\/p>\n<p><span style=\"font-size: 14px\"><span style=\"font-family: Trebuchet MS\">Con Resoluci\u00f3n RESFC-2017-388-APN-CONEAU#ME, CONEAU acredit\u00f3 la carrera de Doctorado en Neurociencias por seis a\u00f1os con categor\u00eda A. <\/span><\/span><\/p>\n<p><span style=\"font-family: 'Trebuchet MS';font-size: 14px;line-height: 1.6em\">Las autoridades del Doctorado en Neurociencias son las siguientes:<\/span><\/p>\n<p><strong><span style=\"color: #0066bb\"><span style=\"font-size: 14px\"><span style=\"font-family: 'Trebuchet MS'\">Director<\/span><\/span><\/span><\/strong><span style=\"font-size: 13px\">\u00a0Dra. Cecilia Beatriz CONDE (INIMEC)<span style=\"line-height: 1.6em\">\u200b<\/span><\/span><br \/>\n<strong><span style=\"color: #0066bb\"><span style=\"font-size: 14px\"><span style=\"font-family: 'Trebuchet MS'\">Vicedirector<\/span><\/span><\/span><\/strong> <span style=\"font-size: 13px\">Dra. Laura Alicia DEGANO (FCQ)<\/span><\/p>\n<p><strong><span style=\"color: #0066bb\"><span style=\"font-size: 14px\"><span style=\"font-family: 'Trebuchet MS'\">Consejo Acad\u00e9mico<\/span><\/span><\/span><\/strong><\/p>\n<ul>\n<li><strong><span style=\"color: #0066bb\"><span style=\"font-size: 14px\"><span style=\"font-family: 'Trebuchet MS'\">\u200b\u200b<\/span><\/span><\/span><\/strong><span style=\"font-size: 13px\">FCQ: Alicia Degano (titular) &#8211; Claudia Her\u00f1u (suplente)<\/span><\/li>\n<li><span style=\"font-size: 13px\">FFyH: Nicol\u00e1s Venturelli (titular) &#8211; Jos\u00e9 Ahumada (suplente)<\/span><\/li>\n<li><span style=\"font-size: 13px\">FAMAF: Juan I. Perotti (titular) &#8211; Carina Boyallian (suplente)<\/span><\/li>\n<li><span style=\"font-size: 13px\">FCEFyN: Jackelyn Kembro (titular) &#8211; Ang\u00e9lica Rivarola (suplente)<\/span><\/li>\n<li><span style=\"font-size: 13px\">FP: Ver\u00f3nica Balaszczuk (titular) &#8211; Fabiola Macchione (suplente)<\/span><\/li>\n<li><span style=\"font-size: 13px\">FCM: Mar\u00eda Elena Peralta (titular) &#8211; Federico Buonanotte (suplente)<\/span><\/li>\n<li><span style=\"font-size: 13px\">INIMEC: Cecilia Conde (titular) &#8211; Ximena Caeiro (suplente)<\/span><\/li>\n<\/ul>\n<hr \/>\n<p><span style=\"font-size: 14px\"><span style=\"font-family: Trebuchet MS\">Este doctorado, primero en su tipo en nuestro pa\u00eds y uno de los pocos existentes en Am\u00e9rica Latina, surgi\u00f3 del trabajo conjunto de seis Facultades de la UNC y de un Instituto del CONICET, lo cual da un car\u00e1cter interdisciplinario inusitado para un posgrado universitario. <\/span> <span style=\"font-family: arial\">Las instituciones participantes son:<\/span><\/span><\/p>\n<ul>\n<li><strong><span style=\"color: #0066bb\"><span style=\"font-size: 14px\"><span style=\"font-family: Trebuchet MS\">Facultad de Ciencias Qu\u00edmicas<\/span><\/span><\/span><\/strong><\/li>\n<li><strong><span style=\"color: #0066bb\"><span style=\"font-size: 14px\"><span style=\"font-family: Trebuchet MS\">Facultad de Filosof\u00eda y Humanidades<\/span><\/span><\/span><\/strong><\/li>\n<li><strong><span style=\"color: #0066bb\"><span style=\"font-size: 14px\"><span style=\"font-family: Trebuchet MS\">Facultad de Matem\u00e1tica, Astronom\u00eda, F\u00edsica y Computaci\u00f3n<\/span><\/span><\/span><\/strong><\/li>\n<li><strong><span style=\"color: #0066bb\"><span style=\"font-size: 14px\"><span style=\"font-family: Trebuchet MS\">Facultad de Ciencias Exactas, F\u00edsicas y Naturales<\/span><\/span><\/span><\/strong><\/li>\n<li><strong><span style=\"color: #0066bb\"><span style=\"font-size: 14px\"><span style=\"font-family: Trebuchet MS\">Facultad de Psicolog\u00eda<\/span><\/span><\/span><\/strong><\/li>\n<li><strong><span style=\"color: #0066bb\"><span style=\"font-size: 14px\"><span style=\"font-family: Trebuchet MS\">Facultad de Ciencias M\u00e9dicas <\/span><\/span><\/span><\/strong><\/li>\n<li><strong><span style=\"color: #0066bb\"><span style=\"font-size: 14px\"><span style=\"font-family: Trebuchet MS\">Instituto de Investigaci\u00f3n M\u00e9dica Mercedes y Mart\u00edn Ferreyra<\/span><\/span><\/span><\/strong><\/li>\n<\/ul>\n<p><span style=\"font-size: 14px\"><span style=\"font-family: Trebuchet MS\">Invitamos a todos los interesados a contactarnos, envi\u00e1ndonos un correo electr\u00f3nico a la direcci\u00f3n: <a href=\"mailto:consultas@dnc.unc.edu.ar\">consultas@dnc.unc.edu.ar<\/a><\/span><\/span><\/p>\n<p><span style=\"font-size: 14px\"><span style=\"font-family: Trebuchet MS\">M\u00e1s informaci\u00f3n en: <a href=\"https:\/\/www.fcq.unc.edu.ar\/posgrados\/neurociencias\">https:\/\/www.fcq.unc.edu.ar\/posgrados\/neurociencias<\/a><\/span><\/span><\/p>\n<p>&#8212;&#8212;&#8212;&#8212;&#8212;&#8212;&#8212;&#8212;&#8212;&#8212;&#8212;&#8212;&#8212;&#8212;&#8212;&#8212;&#8212;&#8212;&#8212;&#8212;&#8212;&#8212;&#8212;&#8212;&#8212;&#8212;&#8212;&#8212;&#8212;&#8212;&#8212;&#8212;&#8212;&#8212;&#8212;&#8212;&#8212;&#8212;&#8212;&#8212;&#8212;&#8212;&#8212;&#8212;&#8212;&#8212;<\/p>\n<div style=\"font-size: 13.333333969116211px;font-family: arial, sans-serif\"><\/div>\n","protected":false},"excerpt":{"rendered":"<p>La\u00a0Carrera de Doctorado en Neurociencias de la\u00a0Universidad Nacional de C\u00f3rdoba, carrera aprobada por la\u00a0Comisi\u00f3n Nacional de Evaluaciones y Acreditaci\u00f3n Universitarias, CONEAU, inici\u00f3 sus actividades en el segundo semestre de 2010. Con Resoluci\u00f3n RESFC-2017-388-APN-CONEAU#ME, CONEAU acredit\u00f3 la carrera de Doctorado en Neurociencias por seis a\u00f1os con categor\u00eda A. Las autoridades del Doctorado en Neurociencias son las [&hellip;]<\/p>\n","protected":false},"author":4,"featured_media":0,"parent":0,"menu_order":0,"comment_status":"closed","ping_status":"closed","template":"","meta":{"footnotes":""},"class_list":["post-2","page","type-page","status-publish","hentry"],"_links":{"self":[{"href":"https:\/\/blogs.unc.edu.ar\/doctorado-neurociencias\/wp-json\/wp\/v2\/pages\/2","targetHints":{"allow":["GET"]}}],"collection":[{"href":"https:\/\/blogs.unc.edu.ar\/doctorado-neurociencias\/wp-json\/wp\/v2\/pages"}],"about":[{"href":"https:\/\/blogs.unc.edu.ar\/doctorado-neurociencias\/wp-json\/wp\/v2\/types\/page"}],"author":[{"embeddable":true,"href":"https:\/\/blogs.unc.edu.ar\/doctorado-neurociencias\/wp-json\/wp\/v2\/users\/4"}],"replies":[{"embeddable":true,"href":"https:\/\/blogs.unc.edu.ar\/doctorado-neurociencias\/wp-json\/wp\/v2\/comments?post=2"}],"version-history":[{"count":77,"href":"https:\/\/blogs.unc.edu.ar\/doctorado-neurociencias\/wp-json\/wp\/v2\/pages\/2\/revisions"}],"predecessor-version":[{"id":1168,"href":"https:\/\/blogs.unc.edu.ar\/doctorado-neurociencias\/wp-json\/wp\/v2\/pages\/2\/revisions\/1168"}],"wp:attachment":[{"href":"https:\/\/blogs.unc.edu.ar\/doctorado-neurociencias\/wp-json\/wp\/v2\/media?parent=2"}],"curies":[{"name":"wp","href":"https:\/\/api.w.org\/{rel}","templated":true}]}}