{"id":19,"date":"2010-04-20T14:29:20","date_gmt":"2010-04-20T14:29:20","guid":{"rendered":"https:\/\/blogs.unc.edu.ar\/doctorado-neurociencias\/?page_id=19"},"modified":"2022-10-18T13:08:10","modified_gmt":"2022-10-18T13:08:10","slug":"inscripcion","status":"publish","type":"page","link":"https:\/\/blogs.unc.edu.ar\/doctorado-neurociencias\/alumnos-2\/inscripcion\/","title":{"rendered":"Inscripci\u00f3n"},"content":{"rendered":"<p><span style=\"font-family: trebuchet ms,helvetica,sans-serif\">La inscripci\u00f3n a la <strong><span style=\"color: #006688\">Carrera de Doctorado en Neurociencias<\/span><\/strong> involucra el env\u00edo de un archivo mediante correo electr\u00f3nico y la presentaci\u00f3n impresa de una carpeta de materiales.<\/span><\/p>\n<p><span style=\"font-family: trebuchet ms,helvetica,sans-serif\">Espec\u00edficamente, <\/span><span style=\"font-family: trebuchet ms,helvetica,sans-serif\"> los y las aspirantes a ingresar a la carrera deber\u00e1n:<\/span><\/p>\n<p><span style=\"font-family: trebuchet ms,helvetica,sans-serif\">1) <\/span><span style=\"font-family: trebuchet ms,helvetica,sans-serif\">Enviar los siguientes archivos adjuntos <strong>en un \u00fanico pdf<\/strong> por correo electr\u00f3nico a: \u00a0<\/span><b><strong>c<\/strong>onsultas@dnc.unc.edu.ar<\/b><\/p>\n<p>a) <em>F<\/em><span style=\"font-family: 'trebuchet ms', helvetica, sans-serif\"><em>icha de inscripci\u00f3n<\/em> debidamente completada (descargarla <a href=\"https:\/\/blogs.unc.edu.ar\/doctorado-neurociencias\/files\/Planilla_Inscripcion_dnc.doc\">aqu\u00ed<\/a><\/span><span style=\"font-family: 'trebuchet ms', helvetica, sans-serif\"> o en secci\u00f3n descargas),\u00a0 <\/span><\/p>\n<p><span style=\"font-family: 'trebuchet ms', helvetica, sans-serif\">b) C<em>urr\u00edculum v\u00edtae<\/em> del Postulante, <\/span><\/p>\n<p><span style=\"font-family: 'trebuchet ms', helvetica, sans-serif\">c) C<em>urr\u00edculum v\u00edtae <\/em>del Director\/a (ver Reglamento)<\/span><\/p>\n<p><span style=\"font-family: 'trebuchet ms', helvetica, sans-serif\">d) C<em>urr\u00edculum v\u00edtae <\/em>del co-Director\/a (si correspondiera) y nota justificando la incorporaci\u00f3n del mismo<\/span><\/p>\n<p><span style=\"font-family: 'trebuchet ms', helvetica, sans-serif\">e) <\/span><span style=\"font-family: 'trebuchet ms', helvetica, sans-serif\">Plan de trabajo de la tesis doctoral<\/span><\/p>\n<p><span style=\"font-family: 'trebuchet ms', helvetica, sans-serif\">f) Resumen del Plan de trabajo\u00a0<\/span><\/p>\n<p><span style=\"font-family: trebuchet ms,helvetica,sans-serif\">2) Presentar personalmente en Mesa de Entrada <b>(<\/b>martes a viernes de 10 a 12hs): o por correo postal a la sede administrativa:<\/span><\/p>\n<p style=\"margin-left: 40px\"><span style=\"font-family: trebuchet ms,helvetica,sans-serif\"><strong><span style=\"color: #006688\">Escuela de Posgrado<br \/>\nFacultad de Ciencias Qu\u00edmicas<br \/>\nUniversidad Nacional de C\u00f3rdoba<br \/>\nHaya de la Torre esq. Medina Allende<br \/>\nNuevo edificio integrador<br \/>\nCiudad Universitaria<br \/>\nX5016GYA C\u00f3rdoba, Argentina<\/span><\/strong><\/span><\/p>\n<p><span style=\"font-family: trebuchet ms,helvetica,sans-serif\">una solicitud dirigida a la Sra. Directora de la Carrera,\u00a0 <strong><span style=\"color: #006688\">Dra. Teresa Nieves Scimonelli<\/span><\/strong>,\u00a0 en la que conste la siguiente informaci\u00f3n:<\/span><\/p>\n<ul>\n<li><span style=\"font-family: trebuchet ms,helvetica,sans-serif\">Una versi\u00f3n impresa y firmada de la ficha de inscripci\u00f3n previamente enviada por correo electr\u00f3nico.<\/span><\/li>\n<li>Copia legalizada t\u00edtulo.<\/li>\n<li>Copia legalizada anal\u00edtico.<\/li>\n<li><span style=\"font-family: trebuchet ms,helvetica,sans-serif\"><em>Curriculum V\u00edtae<\/em> de quien se postula.<\/span><\/li>\n<li><span style=\"font-family: trebuchet ms,helvetica,sans-serif\">Constancia del t\u00edtulo de grado obtenido, debidamente legalizado.<\/span><\/li>\n<li><span style=\"font-family: trebuchet ms,helvetica,sans-serif\">Certificado anal\u00edtico de la carrera de grado que incluya los aplazos y el promedio final obtenido, debidamente legalizado.<\/span><\/li>\n<li><span style=\"font-family: trebuchet ms,helvetica,sans-serif\">Un domicilio legal en la ciudad de C\u00f3rdoba y una direcci\u00f3n electr\u00f3nica.<\/span><\/li>\n<li><span style=\"font-family: trebuchet ms,helvetica,sans-serif\">Lugar de Trabajo donde prev\u00e9 llevar adelante el plan de trabajo como as\u00ed tambi\u00e9n una descripci\u00f3n de la disponibilidad de equipamiento, infraestructura y medios econ\u00f3micos. En este sentido, se deber\u00e1 dejar constancia de la conformidad de la Autoridad del lugar de trabajo.<\/span><\/li>\n<li><span style=\"font-family: trebuchet ms,helvetica,sans-serif\"><em>Curriculum V\u00edtae<\/em> del Director\/a de doctorado propuesto (y del Co-Director\/a, si corresponde), y su\/s lugar\/es de trabajo\/s.<\/span><\/li>\n<li>Nota justificando la presentaci\u00f3n de un Co-Director si corresponde.<\/li>\n<li><span style=\"font-family: trebuchet ms,helvetica,sans-serif\">Constancia de aprobaci\u00f3n del Director propuesto y del Co-Director, cuando corresponda.<\/span><\/li>\n<\/ul>\n<p><span style=\"font-family: trebuchet ms,helvetica,sans-serif\">Junto a la anterior documentaci\u00f3n, el aspirante deber\u00e1 presentar un <strong><span style=\"color: #006688\">Plan de Tesis Doctoral<\/span><\/strong>, el que deber\u00e1 ser redactado en un m\u00e1ximo de seis (6) p\u00e1ginas. El mismo deber\u00e1 contener, como m\u00ednimo, la siguiente informaci\u00f3n:<\/span><\/p>\n<ul>\n<li><span style=\"font-family: trebuchet ms,helvetica,sans-serif\">El t\u00edtulo del plan de tesis doctoral.<\/span><\/li>\n<li><span style=\"font-family: trebuchet ms,helvetica,sans-serif\">Antecedentes existentes, incluyendo la bibliograf\u00eda citada pertinente.<\/span><\/li>\n<li><span style=\"font-family: trebuchet ms,helvetica,sans-serif\">Hip\u00f3tesis, objetivo\/s, materiales y m\u00e9todos.<\/span><\/li>\n<li><span style=\"font-family: trebuchet ms,helvetica,sans-serif\">Naturaleza del aporte original proyectado.<\/span><\/li>\n<\/ul>\n","protected":false},"excerpt":{"rendered":"<p>La inscripci\u00f3n a la Carrera de Doctorado en Neurociencias involucra el env\u00edo de un archivo mediante correo electr\u00f3nico y la presentaci\u00f3n impresa de una carpeta de materiales. Espec\u00edficamente, los y las aspirantes a ingresar a la carrera deber\u00e1n: 1) Enviar los siguientes archivos adjuntos en un \u00fanico pdf por correo electr\u00f3nico a: \u00a0consultas@dnc.unc.edu.ar a) Ficha [&hellip;]<\/p>\n","protected":false},"author":4,"featured_media":0,"parent":37,"menu_order":3,"comment_status":"closed","ping_status":"closed","template":"","meta":{"footnotes":""},"class_list":["post-19","page","type-page","status-publish","hentry"],"_links":{"self":[{"href":"https:\/\/blogs.unc.edu.ar\/doctorado-neurociencias\/wp-json\/wp\/v2\/pages\/19","targetHints":{"allow":["GET"]}}],"collection":[{"href":"https:\/\/blogs.unc.edu.ar\/doctorado-neurociencias\/wp-json\/wp\/v2\/pages"}],"about":[{"href":"https:\/\/blogs.unc.edu.ar\/doctorado-neurociencias\/wp-json\/wp\/v2\/types\/page"}],"author":[{"embeddable":true,"href":"https:\/\/blogs.unc.edu.ar\/doctorado-neurociencias\/wp-json\/wp\/v2\/users\/4"}],"replies":[{"embeddable":true,"href":"https:\/\/blogs.unc.edu.ar\/doctorado-neurociencias\/wp-json\/wp\/v2\/comments?post=19"}],"version-history":[{"count":43,"href":"https:\/\/blogs.unc.edu.ar\/doctorado-neurociencias\/wp-json\/wp\/v2\/pages\/19\/revisions"}],"predecessor-version":[{"id":1145,"href":"https:\/\/blogs.unc.edu.ar\/doctorado-neurociencias\/wp-json\/wp\/v2\/pages\/19\/revisions\/1145"}],"up":[{"embeddable":true,"href":"https:\/\/blogs.unc.edu.ar\/doctorado-neurociencias\/wp-json\/wp\/v2\/pages\/37"}],"wp:attachment":[{"href":"https:\/\/blogs.unc.edu.ar\/doctorado-neurociencias\/wp-json\/wp\/v2\/media?parent=19"}],"curies":[{"name":"wp","href":"https:\/\/api.w.org\/{rel}","templated":true}]}}