{"id":179,"date":"2010-05-05T20:56:01","date_gmt":"2010-05-05T20:56:01","guid":{"rendered":"https:\/\/blogs.unc.edu.ar\/doctorado-neurociencias\/?page_id=179"},"modified":"2016-04-05T22:41:52","modified_gmt":"2016-04-05T22:41:52","slug":"comision-asesora","status":"publish","type":"page","link":"https:\/\/blogs.unc.edu.ar\/doctorado-neurociencias\/alumnos-2\/comision-asesora\/","title":{"rendered":"Comisi\u00f3n Asesora"},"content":{"rendered":"<p><span style=\"font-family: trebuchet ms,helvetica,sans-serif\"><br \/>\n<\/span><\/p>\n<p><span style=\"font-family: trebuchet ms,helvetica,sans-serif\">Una vez aprobado el Plan de Tesis, el Consejo Acad\u00e9mico designar\u00e1 la <span style=\"color: #006688\"><strong>Comisi\u00f3n Asesora de Tesis<\/strong><\/span>. La misma estar\u00e1 constituida por tres (3) miembros, uno de los cuales ser\u00e1 el Director de Tesis, quien presidir\u00e1 dicha Comisi\u00f3n. El Co-Director podr\u00e1 asistir con voz pero sin voto a las reuniones de Comisi\u00f3n Asesora, excepto en caso de ausencia del Director, en cuyo caso reemplazar\u00e1 a \u00e9ste en sus funciones. Por lo menos uno (1) de los miembros de la <span style=\"color: #006688\"><strong>Comisi\u00f3n Asesora de Tesis<\/strong><\/span> deber\u00e1 pertenecer a alguna de las instituciones intervinientes en este doctorado. Asimismo, al menos uno de los miembros deber\u00e1 pertenecer a una instituci\u00f3n diferente a la del Director.<\/span><\/p>\n<p><span style=\"font-family: trebuchet ms,helvetica,sans-serif\">Podr\u00e1n ser miembros de la <span style=\"color: #006688\"><strong>Comisi\u00f3n Asesora de Tesis<\/strong><\/span> las personas que, de acuerdo con este Reglamento, re\u00fanan las condiciones para ser Director de Tesis de Doctorado.<\/span><\/p>\n<p><span style=\"font-family: trebuchet ms,helvetica,sans-serif\">La <span style=\"color: #006688\"><strong>Comisi\u00f3n Asesora de Tesis<\/strong><\/span> tendr\u00e1 las siguientes funciones:<\/span><\/p>\n<p style=\"margin-left: 20px\"><span style=\"font-family: trebuchet ms,helvetica,sans-serif\"><strong>a)<\/strong> Asesorar al doctorando, en todo lo relacionado con su trabajo de Tesis.<br \/>\n<strong>b)<\/strong> Evaluar y aconsejar al CA sobre los cursos que deber\u00e1 tomar y aprobar el doctorando.<br \/>\n<strong>c)<\/strong> Evaluar la marcha del trabajo de investigaci\u00f3n y los cursos realizados, y realizar las cr\u00edticas y sugerencias que considere pertinentes, al menos una vez por a\u00f1o calendario.<br \/>\n<strong>d)<\/strong> Advertir y aconsejar al doctorando cuando su rendimiento no fuera satisfactorio. Si el doctorando fuese advertido por dos (2) per\u00edodos consecutivos de que su labor no es satisfactoria, la Comisi\u00f3n Asesora podr\u00e1 sugerir al Consejo Acad\u00e9mico que el doctorando sea apartado de la carrera.<\/span><\/p>\n<p><span style=\"font-family: trebuchet ms,helvetica,sans-serif\"><br \/>\n<\/span><\/p>\n<p><span style=\"font-family: trebuchet ms,helvetica,sans-serif\">En cada reuni\u00f3n de la <span style=\"color: #006688\"><strong>Comisi\u00f3n Asesora<\/strong><\/span> se deber\u00e1 confeccionar un acta la cual ser\u00e1 refrendada, en conformidad o desacuerdo fundamentado, por todos los miembros de la misma. En el Acta deber\u00e1n constar: la evaluaci\u00f3n de la labor desarrollada por el doctorando, una valoraci\u00f3n de los avances alcanzados y las dificultades encontradas (si las hubiese), as\u00ed como cr\u00edticas al trabajo realizado o sugerencias al trabajo a realizar. Una copia del Acta, con firmas originales de los miembros de <span style=\"color: #006688\"><strong>Comisi\u00f3n Asesora<\/strong><\/span> y la documentaci\u00f3n probatoria, deber\u00e1 ser elevada al Consejo Acad\u00e9mico y posteriormente incorporada al legajo del doctorando.<\/span><\/p>\n","protected":false},"excerpt":{"rendered":"<p>Una vez aprobado el Plan de Tesis, el Consejo Acad\u00e9mico designar\u00e1 la Comisi\u00f3n Asesora de Tesis. La misma estar\u00e1 constituida por tres (3) miembros, uno de los cuales ser\u00e1 el Director de Tesis, quien presidir\u00e1 dicha Comisi\u00f3n. El Co-Director podr\u00e1 asistir con voz pero sin voto a las reuniones de Comisi\u00f3n Asesora, excepto en caso [&hellip;]<\/p>\n","protected":false},"author":4,"featured_media":0,"parent":37,"menu_order":2,"comment_status":"closed","ping_status":"closed","template":"","meta":{"footnotes":""},"class_list":["post-179","page","type-page","status-publish","hentry"],"_links":{"self":[{"href":"https:\/\/blogs.unc.edu.ar\/doctorado-neurociencias\/wp-json\/wp\/v2\/pages\/179","targetHints":{"allow":["GET"]}}],"collection":[{"href":"https:\/\/blogs.unc.edu.ar\/doctorado-neurociencias\/wp-json\/wp\/v2\/pages"}],"about":[{"href":"https:\/\/blogs.unc.edu.ar\/doctorado-neurociencias\/wp-json\/wp\/v2\/types\/page"}],"author":[{"embeddable":true,"href":"https:\/\/blogs.unc.edu.ar\/doctorado-neurociencias\/wp-json\/wp\/v2\/users\/4"}],"replies":[{"embeddable":true,"href":"https:\/\/blogs.unc.edu.ar\/doctorado-neurociencias\/wp-json\/wp\/v2\/comments?post=179"}],"version-history":[{"count":12,"href":"https:\/\/blogs.unc.edu.ar\/doctorado-neurociencias\/wp-json\/wp\/v2\/pages\/179\/revisions"}],"predecessor-version":[{"id":728,"href":"https:\/\/blogs.unc.edu.ar\/doctorado-neurociencias\/wp-json\/wp\/v2\/pages\/179\/revisions\/728"}],"up":[{"embeddable":true,"href":"https:\/\/blogs.unc.edu.ar\/doctorado-neurociencias\/wp-json\/wp\/v2\/pages\/37"}],"wp:attachment":[{"href":"https:\/\/blogs.unc.edu.ar\/doctorado-neurociencias\/wp-json\/wp\/v2\/media?parent=179"}],"curies":[{"name":"wp","href":"https:\/\/api.w.org\/{rel}","templated":true}]}}