{"id":74,"date":"2011-05-24T15:14:46","date_gmt":"2011-05-24T15:14:46","guid":{"rendered":"https:\/\/blogs.unc.edu.ar\/cajacomplementariaunc\/?page_id=74"},"modified":"2011-05-24T15:29:45","modified_gmt":"2011-05-24T15:29:45","slug":"obtencion-de-complementos","status":"publish","type":"page","link":"https:\/\/blogs.unc.edu.ar\/cajacomplementariaunc\/obtencion-de-complementos\/","title":{"rendered":"Obtenci\u00f3n de complementos"},"content":{"rendered":"<p>Consulte aqu\u00ed informaci\u00f3n sobre la obtenci\u00f3n de los siguientes beneficios:<\/p>\n<ul>\n<li><a href=\"https:\/\/blogs.unc.edu.ar\/cajacomplementariaunc\/obtencion-de-complementos\/requisitos-para-la-obtencion-del-complemento\/\">Jubilaci\u00f3n<\/a><\/li>\n<li><a href=\"https:\/\/blogs.unc.edu.ar\/cajacomplementariaunc\/obtencion-de-complementos\/pension\/\">Pensi\u00f3n<\/a><\/li>\n<\/ul>\n","protected":false},"excerpt":{"rendered":"<p>Consulte aqu\u00ed informaci\u00f3n sobre la obtenci\u00f3n de los siguientes beneficios: Jubilaci\u00f3n Pensi\u00f3n<\/p>\n","protected":false},"author":11,"featured_media":0,"parent":0,"menu_order":0,"comment_status":"closed","ping_status":"open","template":"","meta":{"footnotes":""},"class_list":["post-74","page","type-page","status-publish","hentry"],"_links":{"self":[{"href":"https:\/\/blogs.unc.edu.ar\/cajacomplementariaunc\/wp-json\/wp\/v2\/pages\/74","targetHints":{"allow":["GET"]}}],"collection":[{"href":"https:\/\/blogs.unc.edu.ar\/cajacomplementariaunc\/wp-json\/wp\/v2\/pages"}],"about":[{"href":"https:\/\/blogs.unc.edu.ar\/cajacomplementariaunc\/wp-json\/wp\/v2\/types\/page"}],"author":[{"embeddable":true,"href":"https:\/\/blogs.unc.edu.ar\/cajacomplementariaunc\/wp-json\/wp\/v2\/users\/11"}],"replies":[{"embeddable":true,"href":"https:\/\/blogs.unc.edu.ar\/cajacomplementariaunc\/wp-json\/wp\/v2\/comments?post=74"}],"version-history":[{"count":5,"href":"https:\/\/blogs.unc.edu.ar\/cajacomplementariaunc\/wp-json\/wp\/v2\/pages\/74\/revisions"}],"predecessor-version":[{"id":78,"href":"https:\/\/blogs.unc.edu.ar\/cajacomplementariaunc\/wp-json\/wp\/v2\/pages\/74\/revisions\/78"}],"wp:attachment":[{"href":"https:\/\/blogs.unc.edu.ar\/cajacomplementariaunc\/wp-json\/wp\/v2\/media?parent=74"}],"curies":[{"name":"wp","href":"https:\/\/api.w.org\/{rel}","templated":true}]}}