{"id":37,"date":"2011-03-10T21:37:37","date_gmt":"2011-03-10T21:37:37","guid":{"rendered":"https:\/\/blogs.unc.edu.ar\/cajacomplementariaunc\/?page_id=37"},"modified":"2020-04-17T13:53:23","modified_gmt":"2020-04-17T13:53:23","slug":"apoderados","status":"publish","type":"page","link":"https:\/\/blogs.unc.edu.ar\/cajacomplementariaunc\/apoderados\/","title":{"rendered":"Apoderados"},"content":{"rendered":"<p>Para designar un apoderado deber\u00e1n concurrir el titular y el apoderado, acompa\u00f1ados de sus respectivos documentos de identidad. El apoderado deber\u00e1 presentar tambi\u00e9n una fotocopia del documento de identidad (primera y segunda hoja).<\/p>\n","protected":false},"excerpt":{"rendered":"<p>Para designar un apoderado deber\u00e1n concurrir el titular y el apoderado, acompa\u00f1ados de sus respectivos documentos de identidad. El apoderado deber\u00e1 presentar tambi\u00e9n una fotocopia del documento de identidad (primera y segunda hoja).<\/p>\n","protected":false},"author":11,"featured_media":0,"parent":0,"menu_order":7,"comment_status":"closed","ping_status":"open","template":"","meta":{"footnotes":""},"class_list":["post-37","page","type-page","status-publish","hentry"],"_links":{"self":[{"href":"https:\/\/blogs.unc.edu.ar\/cajacomplementariaunc\/wp-json\/wp\/v2\/pages\/37","targetHints":{"allow":["GET"]}}],"collection":[{"href":"https:\/\/blogs.unc.edu.ar\/cajacomplementariaunc\/wp-json\/wp\/v2\/pages"}],"about":[{"href":"https:\/\/blogs.unc.edu.ar\/cajacomplementariaunc\/wp-json\/wp\/v2\/types\/page"}],"author":[{"embeddable":true,"href":"https:\/\/blogs.unc.edu.ar\/cajacomplementariaunc\/wp-json\/wp\/v2\/users\/11"}],"replies":[{"embeddable":true,"href":"https:\/\/blogs.unc.edu.ar\/cajacomplementariaunc\/wp-json\/wp\/v2\/comments?post=37"}],"version-history":[{"count":5,"href":"https:\/\/blogs.unc.edu.ar\/cajacomplementariaunc\/wp-json\/wp\/v2\/pages\/37\/revisions"}],"predecessor-version":[{"id":107,"href":"https:\/\/blogs.unc.edu.ar\/cajacomplementariaunc\/wp-json\/wp\/v2\/pages\/37\/revisions\/107"}],"wp:attachment":[{"href":"https:\/\/blogs.unc.edu.ar\/cajacomplementariaunc\/wp-json\/wp\/v2\/media?parent=37"}],"curies":[{"name":"wp","href":"https:\/\/api.w.org\/{rel}","templated":true}]}}