{"id":34,"date":"2011-03-10T21:36:05","date_gmt":"2011-03-10T21:36:05","guid":{"rendered":"https:\/\/blogs.unc.edu.ar\/cajacomplementariaunc\/?page_id=34"},"modified":"2020-04-30T15:25:33","modified_gmt":"2020-04-30T15:25:33","slug":"pension","status":"publish","type":"page","link":"https:\/\/blogs.unc.edu.ar\/cajacomplementariaunc\/obtencion-de-complementos\/pension\/","title":{"rendered":"Pensi\u00f3n"},"content":{"rendered":"<p style=\"text-align: left\">La solicitud del beneficio para pensionados deber\u00e1 ser acompa\u00f1ada con la siguiente documentaci\u00f3n:<\/p>\n<ol style=\"text-align: left\">\n<li>Fotocopia del acuerdo de pensi\u00f3n (resoluci\u00f3n Anses o Caja Provincial)<\/li>\n<li>Fotocopia del \u00faltimo recibo de sueldo o complemento<\/li>\n<li>Certificado de la dependencia (formulario de Caja Complementaria)<\/li>\n<li>Fotocopia del recibo de pensi\u00f3n Anses o Caja Provincial<\/li>\n<li>Fotocopia del acta de matrimonio (actualizada)<\/li>\n<li>Fotocopia de la partida de defunci\u00f3n<\/li>\n<li>Documento del c\u00f3nyuge o conviviente del agente, de los hijos menores de 18 a\u00f1os o de los mayores discapacitados (documento nacional de identidad actualizado)<\/li>\n<li>Fotocopia de las partidas de nacimiento de los hijos menores de 18 a\u00f1os o mayores discapacitados<\/li>\n<li>Certificado de discapacidad<\/li>\n<li>Datos del apoderado (optativo) y fotocopia del documento nacional de identidad actualizado<\/li>\n<li>Correo electr\u00f3nico (Propio u otro)<\/li>\n<\/ol>\n<p style=\"text-align: left\">Cabe recordar que toda fotocopia debe ir acompa\u00f1ada del original correspondiente para su control.<\/p>\n<p style=\"text-align: left\">El beneficio se obtiene una vez que se presente toda la documentaci\u00f3n solicitada.<\/p>\n<p style=\"text-align: left\">El derecho al acuerdo de los complementos regir\u00e1 desde la fecha de cese definitivo o fallecimiento del afiliado. En caso de no gestionarse oportunamente el complemento, s\u00f3lo se reconocer\u00e1 una retroactividad no mayor a un a\u00f1o, a partir de la fecha de presentaci\u00f3n del beneficiario o derecho habiente con la documentaci\u00f3n que exija la Caja (art\u00edculo 14 de la ordenanza 9\/09).<\/p>\n<p style=\"text-align: left\">Los beneficiarios de los Complementos de Jubilaci\u00f3n o Pensi\u00f3n podr\u00e1n solicitar en la Daspu que se les realicen los descuentos correspondientes a esa instituci\u00f3n a trav\u00e9s de la Caja Complementaria.<\/p>\n","protected":false},"excerpt":{"rendered":"<p>La solicitud del beneficio para pensionados deber\u00e1 ser acompa\u00f1ada con la siguiente documentaci\u00f3n: Fotocopia del acuerdo de pensi\u00f3n (resoluci\u00f3n Anses o Caja Provincial) Fotocopia del \u00faltimo recibo de sueldo o complemento Certificado de la dependencia (formulario de Caja Complementaria) Fotocopia del recibo de pensi\u00f3n Anses o Caja Provincial Fotocopia del acta de matrimonio (actualizada) Fotocopia &hellip; <a href=\"https:\/\/blogs.unc.edu.ar\/cajacomplementariaunc\/obtencion-de-complementos\/pension\/\" class=\"more-link\">Sigue leyendo <span class=\"screen-reader-text\">Pensi\u00f3n<\/span><\/a><\/p>\n","protected":false},"author":11,"featured_media":0,"parent":74,"menu_order":3,"comment_status":"closed","ping_status":"open","template":"","meta":{"footnotes":""},"class_list":["post-34","page","type-page","status-publish","hentry"],"_links":{"self":[{"href":"https:\/\/blogs.unc.edu.ar\/cajacomplementariaunc\/wp-json\/wp\/v2\/pages\/34","targetHints":{"allow":["GET"]}}],"collection":[{"href":"https:\/\/blogs.unc.edu.ar\/cajacomplementariaunc\/wp-json\/wp\/v2\/pages"}],"about":[{"href":"https:\/\/blogs.unc.edu.ar\/cajacomplementariaunc\/wp-json\/wp\/v2\/types\/page"}],"author":[{"embeddable":true,"href":"https:\/\/blogs.unc.edu.ar\/cajacomplementariaunc\/wp-json\/wp\/v2\/users\/11"}],"replies":[{"embeddable":true,"href":"https:\/\/blogs.unc.edu.ar\/cajacomplementariaunc\/wp-json\/wp\/v2\/comments?post=34"}],"version-history":[{"count":19,"href":"https:\/\/blogs.unc.edu.ar\/cajacomplementariaunc\/wp-json\/wp\/v2\/pages\/34\/revisions"}],"predecessor-version":[{"id":677,"href":"https:\/\/blogs.unc.edu.ar\/cajacomplementariaunc\/wp-json\/wp\/v2\/pages\/34\/revisions\/677"}],"up":[{"embeddable":true,"href":"https:\/\/blogs.unc.edu.ar\/cajacomplementariaunc\/wp-json\/wp\/v2\/pages\/74"}],"wp:attachment":[{"href":"https:\/\/blogs.unc.edu.ar\/cajacomplementariaunc\/wp-json\/wp\/v2\/media?parent=34"}],"curies":[{"name":"wp","href":"https:\/\/api.w.org\/{rel}","templated":true}]}}