{"id":30,"date":"2011-03-10T20:49:00","date_gmt":"2011-03-10T20:49:00","guid":{"rendered":"https:\/\/blogs.unc.edu.ar\/cajacomplementariaunc\/?page_id=30"},"modified":"2020-04-30T15:24:53","modified_gmt":"2020-04-30T15:24:53","slug":"requisitos-para-la-obtencion-del-complemento","status":"publish","type":"page","link":"https:\/\/blogs.unc.edu.ar\/cajacomplementariaunc\/obtencion-de-complementos\/requisitos-para-la-obtencion-del-complemento\/","title":{"rendered":"Jubilaci\u00f3n"},"content":{"rendered":"<p style=\"text-align: left\">Para efectuar la solicitud de beneficio para la jubilaci\u00f3n, los interesados deber\u00e1n presentar la siguiente documentaci\u00f3n:<\/p>\n<ol style=\"text-align: left\">\n<li>Fotocopia del acuerdo de jubilaci\u00f3n (resoluci\u00f3n de la Anses o Caja Provincial)<\/li>\n<li>Fotocopia del \u00faltimo recibo de sueldo<\/li>\n<li>Certificados del historial laboral en formularios que entrega la Caja Complementaria<\/li>\n<li>Fotocopia del recibo de jubilaci\u00f3n Anses o Caja Provincial<\/li>\n<li>Fotocopia del acta de matrimonio o libreta de familia (completa, inscripci\u00f3n del matrimonio y los nacimientos)<\/li>\n<li>Documento del c\u00f3nyuge o conviviente del agente, y de sus hijos menores de 18 a\u00f1os o mayores discapacitados (fotocopia del DNI actualizado)<\/li>\n<li>Certificado de discapacidad<\/li>\n<li>Fotocopia de aceptaci\u00f3n de renuncia, resoluci\u00f3n de cese o \u00faltima designaci\u00f3n<\/li>\n<li>Datos apoderado (optativo). Fotocopia del documento nacional de identidad actualizado<\/li>\n<li>Correo electr\u00f3nico (Propio u otro)<\/li>\n<\/ol>\n<p style=\"text-align: left\">Cabe recordar que toda fotocopia debe ir acompa\u00f1ada del original correspondiente para su control.<\/p>\n<p style=\"text-align: left\">El derecho al acuerdo de los complementos regir\u00e1 desde la fecha de cese definitivo o fallecimiento del afiliado. En caso de no gestionarse oportunamente el complemento, s\u00f3lo se reconocer\u00e1 una retroactividad no mayor a un a\u00f1o, a partir de la fecha de presentaci\u00f3n del beneficiario o derecho habiente con la documentaci\u00f3n que exija la Caja (art\u00edculo 14 de la ordenanza 9\/09).<\/p>\n","protected":false},"excerpt":{"rendered":"<p>Para efectuar la solicitud de beneficio para la jubilaci\u00f3n, los interesados deber\u00e1n presentar la siguiente documentaci\u00f3n: Fotocopia del acuerdo de jubilaci\u00f3n (resoluci\u00f3n de la Anses o Caja Provincial) Fotocopia del \u00faltimo recibo de sueldo Certificados del historial laboral en formularios que entrega la Caja Complementaria Fotocopia del recibo de jubilaci\u00f3n Anses o Caja Provincial Fotocopia &hellip; <a href=\"https:\/\/blogs.unc.edu.ar\/cajacomplementariaunc\/obtencion-de-complementos\/requisitos-para-la-obtencion-del-complemento\/\" class=\"more-link\">Sigue leyendo <span class=\"screen-reader-text\">Jubilaci\u00f3n<\/span><\/a><\/p>\n","protected":false},"author":11,"featured_media":0,"parent":74,"menu_order":2,"comment_status":"closed","ping_status":"open","template":"","meta":{"footnotes":""},"class_list":["post-30","page","type-page","status-publish","hentry"],"_links":{"self":[{"href":"https:\/\/blogs.unc.edu.ar\/cajacomplementariaunc\/wp-json\/wp\/v2\/pages\/30","targetHints":{"allow":["GET"]}}],"collection":[{"href":"https:\/\/blogs.unc.edu.ar\/cajacomplementariaunc\/wp-json\/wp\/v2\/pages"}],"about":[{"href":"https:\/\/blogs.unc.edu.ar\/cajacomplementariaunc\/wp-json\/wp\/v2\/types\/page"}],"author":[{"embeddable":true,"href":"https:\/\/blogs.unc.edu.ar\/cajacomplementariaunc\/wp-json\/wp\/v2\/users\/11"}],"replies":[{"embeddable":true,"href":"https:\/\/blogs.unc.edu.ar\/cajacomplementariaunc\/wp-json\/wp\/v2\/comments?post=30"}],"version-history":[{"count":20,"href":"https:\/\/blogs.unc.edu.ar\/cajacomplementariaunc\/wp-json\/wp\/v2\/pages\/30\/revisions"}],"predecessor-version":[{"id":676,"href":"https:\/\/blogs.unc.edu.ar\/cajacomplementariaunc\/wp-json\/wp\/v2\/pages\/30\/revisions\/676"}],"up":[{"embeddable":true,"href":"https:\/\/blogs.unc.edu.ar\/cajacomplementariaunc\/wp-json\/wp\/v2\/pages\/74"}],"wp:attachment":[{"href":"https:\/\/blogs.unc.edu.ar\/cajacomplementariaunc\/wp-json\/wp\/v2\/media?parent=30"}],"curies":[{"name":"wp","href":"https:\/\/api.w.org\/{rel}","templated":true}]}}