{"id":235,"date":"2012-11-30T14:25:03","date_gmt":"2012-11-30T14:25:03","guid":{"rendered":"https:\/\/blogs.unc.edu.ar\/cajacomplementariaunc\/?page_id=235"},"modified":"2020-04-17T13:51:45","modified_gmt":"2020-04-17T13:51:45","slug":"concurso","status":"publish","type":"page","link":"https:\/\/blogs.unc.edu.ar\/cajacomplementariaunc\/concurso\/","title":{"rendered":"Concurso"},"content":{"rendered":"<p>&nbsp;<\/p>\n<p class=\"MsoHeader\">Por resoluci\u00f3n de la Presidencia N\u00b0 261 de fecha 30 de noviembre de 2012 se ha resuelto llamar a concurso para cubrir un cargo administrativo categor\u00eda 7 del Dec. 366\/06. Primero como concurso cerrado general, en relaci\u00f3n al cual se receptar\u00e1n las inscripciones del d\u00eda 11 al 15 del mes de marzo del a\u00f1o 2013 en el horario de 9 a 12 hs. Si este concurso resultara desierto se llama a concurso abierto, cuyas inscripciones se receptar\u00e1n del d\u00eda 25 del mes de marzo al 04 del mes de abril del a\u00f1o 2013 en el horario de 9 a 12 hs. Mayores informaciones en la resoluci\u00f3n citada o en la sede de la Caja.<\/p>\n<p class=\"MsoHeader\"><!--[if gte vml 1]&gt;--><!--[if !vml]--><\/p>\n<table align=\"left\" cellpadding=\"0\" cellspacing=\"0\">\n<tbody>\n<tr>\n<td height=\"3\" width=\"1\">&nbsp;<\/td>\n<\/tr>\n<tr>\n<td>&nbsp;<\/td>\n<td><img loading=\"lazy\" decoding=\"async\" height=\"2\" src=\"\/Users\/ROBERT~1\/AppData\/Local\/Temp\/msohtmlclip1\/01\/clip_image001.gif\" width=\"568\"><\/td>\n<\/tr>\n<\/tbody>\n<\/table>\n<p><!--[endif]--><\/p>\n<p><span lang=\"ES\">&nbsp;<\/span><\/p>\n","protected":false},"excerpt":{"rendered":"<p>&nbsp; Por resoluci\u00f3n de la Presidencia N\u00b0 261 de fecha 30 de noviembre de 2012 se ha resuelto llamar a concurso para cubrir un cargo administrativo categor\u00eda 7 del Dec. 366\/06. Primero como concurso cerrado general, en relaci\u00f3n al cual se receptar\u00e1n las inscripciones del d\u00eda 11 al 15 del mes de marzo del a\u00f1o &hellip; <a href=\"https:\/\/blogs.unc.edu.ar\/cajacomplementariaunc\/concurso\/\" class=\"more-link\">Sigue leyendo <span class=\"screen-reader-text\">Concurso<\/span><\/a><\/p>\n","protected":false},"author":11,"featured_media":0,"parent":0,"menu_order":0,"comment_status":"closed","ping_status":"open","template":"","meta":{"footnotes":""},"class_list":["post-235","page","type-page","status-publish","hentry"],"_links":{"self":[{"href":"https:\/\/blogs.unc.edu.ar\/cajacomplementariaunc\/wp-json\/wp\/v2\/pages\/235","targetHints":{"allow":["GET"]}}],"collection":[{"href":"https:\/\/blogs.unc.edu.ar\/cajacomplementariaunc\/wp-json\/wp\/v2\/pages"}],"about":[{"href":"https:\/\/blogs.unc.edu.ar\/cajacomplementariaunc\/wp-json\/wp\/v2\/types\/page"}],"author":[{"embeddable":true,"href":"https:\/\/blogs.unc.edu.ar\/cajacomplementariaunc\/wp-json\/wp\/v2\/users\/11"}],"replies":[{"embeddable":true,"href":"https:\/\/blogs.unc.edu.ar\/cajacomplementariaunc\/wp-json\/wp\/v2\/comments?post=235"}],"version-history":[{"count":6,"href":"https:\/\/blogs.unc.edu.ar\/cajacomplementariaunc\/wp-json\/wp\/v2\/pages\/235\/revisions"}],"predecessor-version":[{"id":662,"href":"https:\/\/blogs.unc.edu.ar\/cajacomplementariaunc\/wp-json\/wp\/v2\/pages\/235\/revisions\/662"}],"wp:attachment":[{"href":"https:\/\/blogs.unc.edu.ar\/cajacomplementariaunc\/wp-json\/wp\/v2\/media?parent=235"}],"curies":[{"name":"wp","href":"https:\/\/api.w.org\/{rel}","templated":true}]}}