{"id":2,"date":"2011-03-10T16:06:58","date_gmt":"2011-03-10T16:06:58","guid":{"rendered":""},"modified":"2021-05-13T14:10:55","modified_gmt":"2021-05-13T14:10:55","slug":"bienvenido","status":"publish","type":"page","link":"https:\/\/blogs.unc.edu.ar\/cajacomplementariaunc\/","title":{"rendered":"Bienvenido"},"content":{"rendered":"<p style=\"text-align: left\">\u00c9sta es la p\u00e1gina de la Caja Complementaria de Jubilaciones y Pensiones del Personal de la Universidad Nacional de C\u00f3rdoba.<\/p>\n<p style=\"text-align: left\">Es una unidad org\u00e1nica que funciona bajo un r\u00e9gimen de descentralizaci\u00f3n administrativa y autarqu\u00eda econ\u00f3mica-financiera.<\/p>\n<div style=\"line-height: 1.7em;background-color: #dadada;border: #cccccc 1px solid;padding: 10px\"><span style=\"font-weight: bold\">Cont\u00e1ctenos<\/span><br \/>\nHorario de atenci\u00f3n al p\u00fablico: lunes a viernes de 8 a 13 horas<\/div>\n<div style=\"line-height: 1.7em;background-color: #dadada;border: #cccccc 1px solid;padding: 10px\">Celular: <em><strong>0351 &#8211; 153368726 \/ 0351 &#8211; 152880101<\/strong><\/em><br \/>\nTel\u00e9fono\/Fax: (0351) 433-2051 \/ 433-1077<br \/>\nUbicaci\u00f3n: Independencia 209, 1\u00ba piso<\/div>\n<div style=\"line-height: 1.7em;background-color: #dadada;border: #cccccc 1px solid;padding: 10px\">Correo electr\u00f3nico: <strong><em>ccomplementariaunc@gmail.com<\/em><\/strong><\/div>\n<div style=\"line-height: 1.7em;background-color: #dadada;border: #cccccc 1px solid;padding: 10px\">Correo electr\u00f3nico alternativo: <em>cajacomplementaria@cajajp.unc.edu.ar<\/em><\/div>\n<p style=\"text-align: justify\"><span style=\"color: #000000\">Les informamos que el pago del bimestre MARZO-ABRIL 2021 estar\u00e1 depositado en sus cuentas de caja de ahorro a partir del d\u00eda 28 de Mayo de 2021.-<\/span><\/p>\n<p><span style=\"color: #0000ff\"><em><strong>Para hacer tr\u00e1mites haga click aqu\u00ed:<\/strong><\/em><\/span> <a href=\"https:\/\/cajacomplementaria.unc.edu.ar\/recepcion-de-solicitudes\/\" target=\"_blank\" rel=\"noopener noreferrer\">https:\/\/cajacomplementaria.unc.edu.ar\/recepcion-de-solicitudes\/<\/a><\/p>\n<h1 style=\"text-align: center\"><span style=\"color: #0000ff\"><strong>SE INFORMA A NUESTROS BENEFICIARIOS QUE DEBIDO A LA PANDEMIA\u00a0 EL CONTROL DE SUPERVIVENCIA POR EL MES DE ABRIL 2021 SIGUE SUSPENDIDO.<\/strong><\/span><\/h1>\n<h3 style=\"text-align: center\"><span style=\"color: #ff0000\">Debido a la cuarentena la Caja no atiende en su sede.\u00a0<\/span><\/h3>\n<h3 style=\"text-align: center\"><span style=\"color: #ff0000\">Nuevo medio de comunicaci\u00f3n habilitado para llamadas, mensajes de texto y WhatsApp: <\/span><span style=\"color: #ff0000\">0351 &#8211; 153368726 \/ 0351 &#8211; 152880101<\/span><\/h3>\n","protected":false},"excerpt":{"rendered":"<p>\u00c9sta es la p\u00e1gina de la Caja Complementaria de Jubilaciones y Pensiones del Personal de la Universidad Nacional de C\u00f3rdoba. Es una unidad org\u00e1nica que funciona bajo un r\u00e9gimen de descentralizaci\u00f3n administrativa y autarqu\u00eda econ\u00f3mica-financiera. Cont\u00e1ctenos Horario de atenci\u00f3n al p\u00fablico: lunes a viernes de 8 a 13 horas Celular: 0351 &#8211; 153368726 \/ 0351 &hellip; <a href=\"https:\/\/blogs.unc.edu.ar\/cajacomplementariaunc\/\" class=\"more-link\">Sigue leyendo <span class=\"screen-reader-text\">Bienvenido<\/span><\/a><\/p>\n","protected":false},"author":11,"featured_media":0,"parent":0,"menu_order":0,"comment_status":"closed","ping_status":"open","template":"","meta":{"footnotes":""},"class_list":["post-2","page","type-page","status-publish","hentry"],"_links":{"self":[{"href":"https:\/\/blogs.unc.edu.ar\/cajacomplementariaunc\/wp-json\/wp\/v2\/pages\/2","targetHints":{"allow":["GET"]}}],"collection":[{"href":"https:\/\/blogs.unc.edu.ar\/cajacomplementariaunc\/wp-json\/wp\/v2\/pages"}],"about":[{"href":"https:\/\/blogs.unc.edu.ar\/cajacomplementariaunc\/wp-json\/wp\/v2\/types\/page"}],"author":[{"embeddable":true,"href":"https:\/\/blogs.unc.edu.ar\/cajacomplementariaunc\/wp-json\/wp\/v2\/users\/11"}],"replies":[{"embeddable":true,"href":"https:\/\/blogs.unc.edu.ar\/cajacomplementariaunc\/wp-json\/wp\/v2\/comments?post=2"}],"version-history":[{"count":148,"href":"https:\/\/blogs.unc.edu.ar\/cajacomplementariaunc\/wp-json\/wp\/v2\/pages\/2\/revisions"}],"predecessor-version":[{"id":731,"href":"https:\/\/blogs.unc.edu.ar\/cajacomplementariaunc\/wp-json\/wp\/v2\/pages\/2\/revisions\/731"}],"wp:attachment":[{"href":"https:\/\/blogs.unc.edu.ar\/cajacomplementariaunc\/wp-json\/wp\/v2\/media?parent=2"}],"curies":[{"name":"wp","href":"https:\/\/api.w.org\/{rel}","templated":true}]}}