{"id":984,"date":"2016-04-26T12:23:44","date_gmt":"2016-04-26T12:23:44","guid":{"rendered":"https:\/\/blogs.unc.edu.ar\/bcafo\/?page_id=984"},"modified":"2016-04-26T12:23:44","modified_gmt":"2016-04-26T12:23:44","slug":"sugerencias-bibliograficas","status":"publish","type":"page","link":"https:\/\/blogs.unc.edu.ar\/bcafo\/sugerencias-bibliograficas\/","title":{"rendered":"Sugerencias Bibliogr\u00e1ficas"},"content":{"rendered":"<p>Pr\u00f3ximamente se habilitar\u00e1 un formulario para sugerir material para la compra de nueva bibliograf\u00eda <\/p>\n<p>Cargando&#8230;<\/p>\n","protected":false},"excerpt":{"rendered":"<p>Pr\u00f3ximamente se habilitar\u00e1 un formulario para sugerir material para la compra de nueva bibliograf\u00eda Cargando&#8230;<\/p>\n","protected":false},"author":18,"featured_media":0,"parent":0,"menu_order":0,"comment_status":"closed","ping_status":"closed","template":"","meta":{"footnotes":""},"class_list":["post-984","page","type-page","status-publish","hentry"],"_links":{"self":[{"href":"https:\/\/blogs.unc.edu.ar\/bcafo\/wp-json\/wp\/v2\/pages\/984","targetHints":{"allow":["GET"]}}],"collection":[{"href":"https:\/\/blogs.unc.edu.ar\/bcafo\/wp-json\/wp\/v2\/pages"}],"about":[{"href":"https:\/\/blogs.unc.edu.ar\/bcafo\/wp-json\/wp\/v2\/types\/page"}],"author":[{"embeddable":true,"href":"https:\/\/blogs.unc.edu.ar\/bcafo\/wp-json\/wp\/v2\/users\/18"}],"replies":[{"embeddable":true,"href":"https:\/\/blogs.unc.edu.ar\/bcafo\/wp-json\/wp\/v2\/comments?post=984"}],"version-history":[{"count":1,"href":"https:\/\/blogs.unc.edu.ar\/bcafo\/wp-json\/wp\/v2\/pages\/984\/revisions"}],"predecessor-version":[{"id":985,"href":"https:\/\/blogs.unc.edu.ar\/bcafo\/wp-json\/wp\/v2\/pages\/984\/revisions\/985"}],"wp:attachment":[{"href":"https:\/\/blogs.unc.edu.ar\/bcafo\/wp-json\/wp\/v2\/media?parent=984"}],"curies":[{"name":"wp","href":"https:\/\/api.w.org\/{rel}","templated":true}]}}