{"id":918,"date":"2016-03-15T12:48:03","date_gmt":"2016-03-15T12:48:03","guid":{"rendered":"https:\/\/blogs.unc.edu.ar\/bcafo\/?page_id=918"},"modified":"2016-09-02T17:18:02","modified_gmt":"2016-09-02T17:18:02","slug":"donaciones-de-autores","status":"publish","type":"page","link":"https:\/\/blogs.unc.edu.ar\/bcafo\/donaciones-de-autores\/","title":{"rendered":"Donaciones de autores"},"content":{"rendered":"<p><strong>Secci\u00f3n creada para agradecer especialmente a los autores que desinteresadamente donaron sus obras para enriquecer nuestra colecci\u00f3n.<br \/>\n<\/strong><\/p>\n<p><img decoding=\"async\" src=\"https:\/\/blogs.unc.edu.ar\/bcafo\/files\/Sin-t%C3%ADtulo-1.png\" alt=\"\" \/><\/p>\n<p><strong>Agradecemos a la Dra. Mar\u00eda Elena Samar por la generosa donaci\u00f3n de la \u00faltima edici\u00f3n de su libro Histolog\u00eda Humana. Esta versi\u00f3n esta adaptada a la nueva terminolog\u00eda utilizada por la especialidad.<\/strong><\/p>\n<p><a href=\"https:\/\/blogs.unc.edu.ar\/bcafo\/files\/Imagen-8.jpg\"><img loading=\"lazy\" decoding=\"async\" src=\"https:\/\/blogs.unc.edu.ar\/bcafo\/files\/Imagen-8-234x300.jpg\" alt=\"Imagen (8)\" width=\"234\" height=\"300\" class=\"aligncenter size-medium wp-image-1022\" srcset=\"https:\/\/blogs.unc.edu.ar\/bcafo\/files\/Imagen-8-234x300.jpg 234w, https:\/\/blogs.unc.edu.ar\/bcafo\/files\/Imagen-8-768x983.jpg 768w, https:\/\/blogs.unc.edu.ar\/bcafo\/files\/Imagen-8-800x1024.jpg 800w, https:\/\/blogs.unc.edu.ar\/bcafo\/files\/Imagen-8-547x700.jpg 547w\" sizes=\"auto, (max-width: 234px) 100vw, 234px\" \/><\/a><\/p>\n<p><strong>Histolog\u00eda humana cl\u00ednicamente orientada: tejidos y sistemas<\/strong><br \/>\n<a href=\"http:\/\/odo.biblio.unc.edu.ar\/cgi-bin\/koha\/opac-detail.pl?biblionumber=4168&amp;query_desc=kw%2Cwrdl%3A%20Histolog%C3%ADa%20humana%20cl%C3%ADnicamente%20orientada%20%3A%20tejidos%20y%20sistemas\">Acceso al Cat\u00e1logo<\/a><\/p>\n<p><img decoding=\"async\" src=\"https:\/\/blogs.unc.edu.ar\/bcafo\/files\/Sin-t%C3%ADtulo-1.png\" alt=\"\" \/><\/p>\n<p><strong>La Biblioteca suma a su colecci\u00f3n un nuevo recurso electr\u00f3nico. Con enorme generosidad el Dr. Giambartolomei puso a disposici\u00f3n en el Repositorio de materiales educativos <a href=\"https:\/\/ansenuza.unc.edu.ar\/comunidades\/handle\/11086.1\/915\">ANSENUZA<\/a> la tercera edici\u00f3n de su libro \u00abAnatom\u00eda del Complejo Articular Cr\u00e1neomandibular\u00bb El mismo es de descarga libre y gratuita<\/strong><\/p>\n<p><a href=\"https:\/\/blogs.unc.edu.ar\/bcafo\/files\/Sin-t\u00edtulo.png\"><img loading=\"lazy\" decoding=\"async\" src=\"https:\/\/blogs.unc.edu.ar\/bcafo\/files\/Sin-t\u00edtulo-211x300.png\" alt=\"Sin t\u00edtulo\" width=\"211\" height=\"300\" class=\"aligncenter size-medium wp-image-1015\" srcset=\"https:\/\/blogs.unc.edu.ar\/bcafo\/files\/Sin-t\u00edtulo-211x300.png 211w, https:\/\/blogs.unc.edu.ar\/bcafo\/files\/Sin-t\u00edtulo.png 454w\" sizes=\"auto, (max-width: 211px) 100vw, 211px\" \/><\/a><\/p>\n<p><strong>Anatom\u00eda del Complejo Articular Cr\u00e1neomandibular<\/strong><br \/>\n<a href=\"http:\/\/odo.biblio.unc.edu.ar\/cgi-bin\/koha\/opac-detail.pl?biblionumber=4147&amp;query_desc=kw%2Cwrdl%3A%20giambartolomei\">Acceso al Cat\u00e1logo<\/a><\/p>\n<p><img decoding=\"async\" src=\"https:\/\/blogs.unc.edu.ar\/bcafo\/files\/Sin-t%C3%ADtulo-1.png\" alt=\"\" \/><\/p>\n<p><strong>En esta oportunidad queremos agradecer al historiador Felipe Pigna por su generosa donaci\u00f3n de material a la <a href=\"http:\/\/odo.biblio.unc.edu.ar\/cgi-bin\/koha\/opac-search.pl?idx=kw&amp;idx=kw&amp;idx=kw&amp;limit=mc-ccode%3ABLR&amp;sort_by=pubdate_dsc&amp;do=Buscar\" target=\"_blank\">Colecci\u00f3n de Literatura Recreativa<\/a>.<\/strong> <\/p>\n<p><a href=\"https:\/\/blogs.unc.edu.ar\/bcafo\/files\/evita_jirones_de_su_vida.jpg\"><img loading=\"lazy\" decoding=\"async\" src=\"https:\/\/blogs.unc.edu.ar\/bcafo\/files\/evita_jirones_de_su_vida-193x300.jpg\" alt=\"evita_jirones_de_su_vida\" width=\"193\" height=\"300\" class=\"aligncenter size-medium wp-image-998\" srcset=\"https:\/\/blogs.unc.edu.ar\/bcafo\/files\/evita_jirones_de_su_vida-193x300.jpg 193w, https:\/\/blogs.unc.edu.ar\/bcafo\/files\/evita_jirones_de_su_vida.jpg 260w\" sizes=\"auto, (max-width: 193px) 100vw, 193px\" \/><\/a><br \/>\n<strong>Evita: jirones de su vida<\/strong><br \/>\n<a href=\"http:\/\/odo.biblio.unc.edu.ar\/cgi-bin\/koha\/opac-detail.pl?biblionumber=4051&amp;query_desc=kw%2Cwrdl%3A%20evita\" target=\"_blank\">Acceso al Cat\u00e1logo<\/a><\/p>\n<p><a href=\"https:\/\/blogs.unc.edu.ar\/bcafo\/files\/609861g0.jpg\"><img loading=\"lazy\" decoding=\"async\" src=\"https:\/\/blogs.unc.edu.ar\/bcafo\/files\/609861g0-197x300.jpg\" alt=\"609861g0\" width=\"197\" height=\"300\" class=\"aligncenter size-medium wp-image-989\" srcset=\"https:\/\/blogs.unc.edu.ar\/bcafo\/files\/609861g0-197x300.jpg 197w, https:\/\/blogs.unc.edu.ar\/bcafo\/files\/609861g0-460x700.jpg 460w, https:\/\/blogs.unc.edu.ar\/bcafo\/files\/609861g0.jpg 559w\" sizes=\"auto, (max-width: 197px) 100vw, 197px\" \/><\/a><br \/>\n<strong>Al gran pueblo argentino, salud: una historia del vino, la bebida nacional<\/strong><br \/>\n<a href=\"http:\/\/odo.biblio.unc.edu.ar\/cgi-bin\/koha\/opac-detail.pl?biblionumber=4038&amp;query_desc=kw%2Cwrdl%3A%20al%20gran%20pueblo\" target=\"_blank\">Acceso al Cat\u00e1logo<\/a><\/p>\n<p><a href=\"https:\/\/blogs.unc.edu.ar\/bcafo\/files\/9789875807013.jpg\"><img loading=\"lazy\" decoding=\"async\" src=\"https:\/\/blogs.unc.edu.ar\/bcafo\/files\/9789875807013-195x300.jpg\" alt=\"9789875807013\" width=\"195\" height=\"300\" class=\"aligncenter size-medium wp-image-993\" srcset=\"https:\/\/blogs.unc.edu.ar\/bcafo\/files\/9789875807013-195x300.jpg 195w, https:\/\/blogs.unc.edu.ar\/bcafo\/files\/9789875807013.jpg 260w\" sizes=\"auto, (max-width: 195px) 100vw, 195px\" \/><\/a><br \/>\n<strong>Mujeres ten\u00edan que ser<\/strong><br \/>\n<a href=\"http:\/\/odo.biblio.unc.edu.ar\/cgi-bin\/koha\/opac-detail.pl?biblionumber=4039\" target=\"_blank\">Acceso al C\u00e1talogo<\/a><\/p>\n<p><a href=\"https:\/\/blogs.unc.edu.ar\/bcafo\/files\/272.jpg\"><img loading=\"lazy\" decoding=\"async\" src=\"https:\/\/blogs.unc.edu.ar\/bcafo\/files\/272.jpg\" alt=\"272\" width=\"180\" height=\"272\" class=\"aligncenter size-full wp-image-988\" \/><\/a><br \/>\n<strong>Los mitos de la historia argentina 1: de los pueblos originarios y la conquista de Am\u00e9rica a la independencia<\/strong><br \/>\n<a href=\"http:\/\/odo.biblio.unc.edu.ar\/cgi-bin\/koha\/opac-detail.pl?biblionumber=4042&amp;query_desc=kw%2Cwrdl%3A%20los%20mitos%20de%20la%20historia\" target=\"_blank\">Acceso al cat\u00e1logo<\/a><\/p>\n<p><a href=\"https:\/\/blogs.unc.edu.ar\/bcafo\/files\/9789504925682.jpg\"><img loading=\"lazy\" decoding=\"async\" src=\"https:\/\/blogs.unc.edu.ar\/bcafo\/files\/9789504925682-196x300.jpg\" alt=\"9789504925682\" width=\"196\" height=\"300\" class=\"aligncenter size-medium wp-image-991\" srcset=\"https:\/\/blogs.unc.edu.ar\/bcafo\/files\/9789504925682-196x300.jpg 196w, https:\/\/blogs.unc.edu.ar\/bcafo\/files\/9789504925682-768x1177.jpg 768w, https:\/\/blogs.unc.edu.ar\/bcafo\/files\/9789504925682-668x1024.jpg 668w, https:\/\/blogs.unc.edu.ar\/bcafo\/files\/9789504925682-457x700.jpg 457w, https:\/\/blogs.unc.edu.ar\/bcafo\/files\/9789504925682.jpg 1305w\" sizes=\"auto, (max-width: 196px) 100vw, 196px\" \/><\/a><br \/>\n<strong>Los mitos de la historia argentina 2: de San Mart\u00edn a el granero del mundo<\/strong><br \/>\n<a href=\"http:\/\/odo.biblio.unc.edu.ar\/cgi-bin\/koha\/opac-detail.pl?biblionumber=4045&amp;query_desc=kw%2Cwrdl%3A%20los%20mitos%20de%20la%20historia\" target=\"_blank\">Acceso al Cat\u00e1logo<\/a><\/p>\n<p><a href=\"https:\/\/blogs.unc.edu.ar\/bcafo\/files\/9789504925699.jpg\"><img loading=\"lazy\" decoding=\"async\" src=\"https:\/\/blogs.unc.edu.ar\/bcafo\/files\/9789504925699-196x300.jpg\" alt=\"9789504925699\" width=\"196\" height=\"300\" class=\"aligncenter size-medium wp-image-992\" srcset=\"https:\/\/blogs.unc.edu.ar\/bcafo\/files\/9789504925699-196x300.jpg 196w, https:\/\/blogs.unc.edu.ar\/bcafo\/files\/9789504925699-768x1177.jpg 768w, https:\/\/blogs.unc.edu.ar\/bcafo\/files\/9789504925699-668x1024.jpg 668w, https:\/\/blogs.unc.edu.ar\/bcafo\/files\/9789504925699-457x700.jpg 457w, https:\/\/blogs.unc.edu.ar\/bcafo\/files\/9789504925699.jpg 1305w\" sizes=\"auto, (max-width: 196px) 100vw, 196px\" \/><\/a><br \/>\n<strong>Los mitos de la historia argentina 3: de la ley S\u00e1enz Pe\u00f1a a los albores del peronismo<\/strong><br \/>\n<a href=\"http:\/\/odo.biblio.unc.edu.ar\/cgi-bin\/koha\/opac-detail.pl?biblionumber=4050&amp;query_desc=kw%2Cwrdl%3A%20los%20mitos%20de%20la%20historia\" target=\"_blank\">Acceso al Cat\u00e1logo<\/a><\/p>\n<p><a href=\"https:\/\/blogs.unc.edu.ar\/bcafo\/files\/9789500434669.jpg\"><img loading=\"lazy\" decoding=\"async\" src=\"https:\/\/blogs.unc.edu.ar\/bcafo\/files\/9789500434669.jpg\" alt=\"9789500434669\" width=\"150\" height=\"233\" class=\"aligncenter size-full wp-image-990\" \/><\/a><br \/>\n<strong>Jos\u00e9 Mar\u00eda Ramos Mej\u00eda: la neurosis de los hombres c\u00e9lebres en la historia Argentina<\/strong><br \/>\n<a href=\"http:\/\/odo.biblio.unc.edu.ar\/cgi-bin\/koha\/opac-detail.pl?biblionumber=4061&amp;query_desc=kw%2Cwrdl%3A%20ramos%20mejia\" target=\"_blank\">Acceso al Cat\u00e1logo<\/a><\/p>\n<p><a href=\"https:\/\/blogs.unc.edu.ar\/bcafo\/files\/emece_bicentenario_artigas-tapa.jpg\"><img loading=\"lazy\" decoding=\"async\" src=\"https:\/\/blogs.unc.edu.ar\/bcafo\/files\/emece_bicentenario_artigas-tapa-197x300.jpg\" alt=\"emece_bicentenario_artigas-tapa\" width=\"197\" height=\"300\" class=\"aligncenter size-medium wp-image-997\" srcset=\"https:\/\/blogs.unc.edu.ar\/bcafo\/files\/emece_bicentenario_artigas-tapa-197x300.jpg 197w, https:\/\/blogs.unc.edu.ar\/bcafo\/files\/emece_bicentenario_artigas-tapa.jpg 270w\" sizes=\"auto, (max-width: 197px) 100vw, 197px\" \/><\/a><br \/>\n<strong>Jos\u00e9 Gervasio Artigas: escritos pol\u00edticos y econ\u00f3micos<\/strong><br \/>\n<a href=\"http:\/\/odo.biblio.unc.edu.ar\/cgi-bin\/koha\/opac-detail.pl?biblionumber=4057&amp;query_desc=kw%2Cwrdl%3A%20artigas\" target=\"_blank\">Acceso al Cat\u00e1logo<\/a><\/p>\n<p><strong>En la misma donaci\u00f3n el autor nos entrego los DVD&#8217;s de las tres temporadas del programa:<br \/>\n\u00abAlgo Habr\u00e1n Hecho por la historia Argentina\u00bb <\/strong><\/p>\n\n\t\t<style type=\"text\/css\">\n\t\t\t#gallery-1 {\n\t\t\t\tmargin: auto;\n\t\t\t}\n\t\t\t#gallery-1 .gallery-item {\n\t\t\t\tfloat: left;\n\t\t\t\tmargin-top: 10px;\n\t\t\t\ttext-align: center;\n\t\t\t\twidth: 33%;\n\t\t\t}\n\t\t\t#gallery-1 img {\n\t\t\t\tborder: 2px solid #cfcfcf;\n\t\t\t}\n\t\t\t#gallery-1 .gallery-caption {\n\t\t\t\tmargin-left: 0;\n\t\t\t}\n\t\t\t\/* see gallery_shortcode() in wp-includes\/media.php *\/\n\t\t<\/style>\n\t\t<div id='gallery-1' class='gallery galleryid-918 gallery-columns-3 gallery-size-thumbnail'><dl class='gallery-item'>\n\t\t\t<dt class='gallery-icon portrait'>\n\t\t\t\t<a href='https:\/\/blogs.unc.edu.ar\/bcafo\/2016\/03\/15\/donacion-del-dr-hector-jose-ceppi\/algo_habran_hecho_por_la_historia_argentina_por_hectormiguel\/'><img loading=\"lazy\" decoding=\"async\" width=\"150\" height=\"150\" src=\"https:\/\/blogs.unc.edu.ar\/bcafo\/files\/Algo_Habran_Hecho_Por_La_Historia_Argentina_por_hectormiguel-150x150.jpg\" class=\"attachment-thumbnail size-thumbnail\" alt=\"\" \/><\/a>\n\t\t\t<\/dt><\/dl><dl class='gallery-item'>\n\t\t\t<dt class='gallery-icon portrait'>\n\t\t\t\t<a href='https:\/\/blogs.unc.edu.ar\/bcafo\/2016\/03\/15\/donacion-del-dr-hector-jose-ceppi\/dvd-2\/'><img loading=\"lazy\" decoding=\"async\" width=\"150\" height=\"150\" src=\"https:\/\/blogs.unc.edu.ar\/bcafo\/files\/DVD-2-150x150.jpg\" class=\"attachment-thumbnail size-thumbnail\" alt=\"\" \/><\/a>\n\t\t\t<\/dt><\/dl><dl class='gallery-item'>\n\t\t\t<dt class='gallery-icon portrait'>\n\t\t\t\t<a href='https:\/\/blogs.unc.edu.ar\/bcafo\/2016\/03\/15\/donacion-del-dr-hector-jose-ceppi\/dvd-3\/'><img loading=\"lazy\" decoding=\"async\" width=\"150\" height=\"150\" src=\"https:\/\/blogs.unc.edu.ar\/bcafo\/files\/DVD-3-150x150.jpg\" class=\"attachment-thumbnail size-thumbnail\" alt=\"\" \/><\/a>\n\t\t\t<\/dt><\/dl><br style=\"clear: both\" \/>\n\t\t<\/div>\n\n<p><a href=\"http:\/\/odo.biblio.unc.edu.ar\/cgi-bin\/koha\/opac-search.pl?q=algo+habran+hecho\" target=\"_blank\">Acceso al Cat\u00e1logo<\/a><\/p>\n<p><img decoding=\"async\" src=\"https:\/\/blogs.unc.edu.ar\/bcafo\/files\/Sin-t%C3%ADtulo-1.png\" alt=\"\" \/><\/p>\n<p><strong><br \/>\nAgradecemos enormemente la generosidad del Dr. Ceppi por la donaci\u00f3n de sus seis t\u00edtulos.<\/strong><\/p>\n<p><a href=\"https:\/\/blogs.unc.edu.ar\/bcafo\/files\/003.jpg\" rel=\"attachment wp-att-923\"><img loading=\"lazy\" decoding=\"async\" src=\"https:\/\/blogs.unc.edu.ar\/bcafo\/files\/003-228x300.jpg\" alt=\"003\" width=\"228\" height=\"300\" class=\"aligncenter size-medium wp-image-923\" srcset=\"https:\/\/blogs.unc.edu.ar\/bcafo\/files\/003-228x300.jpg 228w, https:\/\/blogs.unc.edu.ar\/bcafo\/files\/003-768x1009.jpg 768w, https:\/\/blogs.unc.edu.ar\/bcafo\/files\/003-779x1024.jpg 779w, https:\/\/blogs.unc.edu.ar\/bcafo\/files\/003-533x700.jpg 533w, https:\/\/blogs.unc.edu.ar\/bcafo\/files\/003.jpg 1953w\" sizes=\"auto, (max-width: 228px) 100vw, 228px\" \/><\/a><br \/>\n<strong>Gu\u00eda pr\u00e1ctica sobre recetas magistrales para odontolog\u00eda y otras consideraciones concomitamtes<\/strong><br \/>\n<a href=\"http:\/\/odo.biblio.unc.edu.ar\/cgi-bin\/koha\/opac-detail.pl?biblionumber=4006&amp;query_desc=kw%2Cwrdl%3A%20ceppi\">Acceso al Cat\u00e1logo<\/a><\/p>\n<p><a href=\"https:\/\/blogs.unc.edu.ar\/bcafo\/files\/002.jpg\" rel=\"attachment wp-att-922\"><img loading=\"lazy\" decoding=\"async\" src=\"https:\/\/blogs.unc.edu.ar\/bcafo\/files\/002-225x300.jpg\" alt=\"002\" width=\"225\" height=\"300\" class=\"aligncenter size-medium wp-image-922\" srcset=\"https:\/\/blogs.unc.edu.ar\/bcafo\/files\/002-225x300.jpg 225w, https:\/\/blogs.unc.edu.ar\/bcafo\/files\/002-768x1023.jpg 768w, https:\/\/blogs.unc.edu.ar\/bcafo\/files\/002-769x1024.jpg 769w, https:\/\/blogs.unc.edu.ar\/bcafo\/files\/002-526x700.jpg 526w, https:\/\/blogs.unc.edu.ar\/bcafo\/files\/002.jpg 1920w\" sizes=\"auto, (max-width: 225px) 100vw, 225px\" \/><\/a><br \/>\n<strong>Finalidad cient\u00edfica, jur\u00eddica, econ\u00f3mica y social de la ficha odontol\u00f3gica<\/strong><br \/>\n<a href=\"http:\/\/odo.biblio.unc.edu.ar\/cgi-bin\/koha\/opac-detail.pl?biblionumber=4007&amp;query_desc=au%3A%22Ceppi%2C%20H%C3%A9ctor%20Jos%C3%A9%22\">Acceso al Cat\u00e1logo<\/a><\/p>\n<p><a href=\"https:\/\/blogs.unc.edu.ar\/bcafo\/files\/001.jpg\" rel=\"attachment wp-att-921\"><img loading=\"lazy\" decoding=\"async\" src=\"https:\/\/blogs.unc.edu.ar\/bcafo\/files\/001-228x300.jpg\" alt=\"El sistema de salud autogestionado y la formaci\u00f3n integral del auditor odont\u00f3logo\" width=\"228\" height=\"300\" class=\"aligncenter size-medium wp-image-921\" srcset=\"https:\/\/blogs.unc.edu.ar\/bcafo\/files\/001-228x300.jpg 228w, https:\/\/blogs.unc.edu.ar\/bcafo\/files\/001-768x1010.jpg 768w, https:\/\/blogs.unc.edu.ar\/bcafo\/files\/001-779x1024.jpg 779w, https:\/\/blogs.unc.edu.ar\/bcafo\/files\/001-532x700.jpg 532w, https:\/\/blogs.unc.edu.ar\/bcafo\/files\/001.jpg 1920w\" sizes=\"auto, (max-width: 228px) 100vw, 228px\" \/><\/a><br \/>\n<strong>El sistema de salud autogestionado y la formaci\u00f3n integral del auditor odont\u00f3logo<\/strong><br \/>\n<a href=\"http:\/\/odo.biblio.unc.edu.ar\/cgi-bin\/koha\/opac-detail.pl?biblionumber=4008&amp;query_desc=au%3A%22Ceppi%2C%20H%C3%A9ctor%20Jos%C3%A9%22\">Acceso al Cat\u00e1logo<\/a><\/p>\n<p><a href=\"https:\/\/blogs.unc.edu.ar\/bcafo\/files\/003-2.jpg\" rel=\"attachment wp-att-978\"><img loading=\"lazy\" decoding=\"async\" src=\"https:\/\/blogs.unc.edu.ar\/bcafo\/files\/003-2-234x300.jpg\" alt=\"003\" width=\"234\" height=\"300\" class=\"aligncenter size-medium wp-image-978\" srcset=\"https:\/\/blogs.unc.edu.ar\/bcafo\/files\/003-2-234x300.jpg 234w, https:\/\/blogs.unc.edu.ar\/bcafo\/files\/003-2-768x983.jpg 768w, https:\/\/blogs.unc.edu.ar\/bcafo\/files\/003-2-800x1024.jpg 800w, https:\/\/blogs.unc.edu.ar\/bcafo\/files\/003-2-547x700.jpg 547w, https:\/\/blogs.unc.edu.ar\/bcafo\/files\/003-2.jpg 1953w\" sizes=\"auto, (max-width: 234px) 100vw, 234px\" \/><\/a><br \/>\n<strong>La odontolog\u00eda forense al servicio de la defensa y protecci\u00f3n de las personas<\/strong><br \/>\n<a href=\"http:\/\/odo.biblio.unc.edu.ar\/cgi-bin\/koha\/opac-detail.pl?biblionumber=4035&amp;query_desc=au%3A%22Ceppi%2C%20H%C3%A9ctor%20Jos%C3%A9%22\">Acceso al Cat\u00e1logo<\/a><\/p>\n<p><a href=\"https:\/\/blogs.unc.edu.ar\/bcafo\/files\/002-2.jpg\" rel=\"attachment wp-att-977\"><img loading=\"lazy\" decoding=\"async\" src=\"https:\/\/blogs.unc.edu.ar\/bcafo\/files\/002-2-213x300.jpg\" alt=\"002\" width=\"213\" height=\"300\" class=\"aligncenter size-medium wp-image-977\" srcset=\"https:\/\/blogs.unc.edu.ar\/bcafo\/files\/002-2-213x300.jpg 213w, https:\/\/blogs.unc.edu.ar\/bcafo\/files\/002-2-768x1083.jpg 768w, https:\/\/blogs.unc.edu.ar\/bcafo\/files\/002-2-726x1024.jpg 726w, https:\/\/blogs.unc.edu.ar\/bcafo\/files\/002-2-496x700.jpg 496w, https:\/\/blogs.unc.edu.ar\/bcafo\/files\/002-2.jpg 1614w\" sizes=\"auto, (max-width: 213px) 100vw, 213px\" \/><\/a><br \/>\n<strong>La unificaci\u00f3n de la ficha odontol\u00f3gica para el pr\u00e1ctico general : su finalidad cient\u00edfica, jur\u00eddica, econ\u00f3mica y social<\/strong><br \/>\n<a href=\"http:\/\/odo.biblio.unc.edu.ar\/cgi-bin\/koha\/opac-detail.pl?biblionumber=4036&amp;query_desc=au%3A%22Ceppi%2C%20H%C3%A9ctor%20Jos%C3%A9%22\">Acceso al Cat\u00e1logo<\/a><\/p>\n<p><a href=\"https:\/\/blogs.unc.edu.ar\/bcafo\/files\/001-2.jpg\" rel=\"attachment wp-att-976\"><img loading=\"lazy\" decoding=\"async\" src=\"https:\/\/blogs.unc.edu.ar\/bcafo\/files\/001-2-234x300.jpg\" alt=\"001\" width=\"234\" height=\"300\" class=\"aligncenter size-medium wp-image-976\" srcset=\"https:\/\/blogs.unc.edu.ar\/bcafo\/files\/001-2-234x300.jpg 234w, https:\/\/blogs.unc.edu.ar\/bcafo\/files\/001-2-768x986.jpg 768w, https:\/\/blogs.unc.edu.ar\/bcafo\/files\/001-2-797x1024.jpg 797w, https:\/\/blogs.unc.edu.ar\/bcafo\/files\/001-2-545x700.jpg 545w, https:\/\/blogs.unc.edu.ar\/bcafo\/files\/001-2.jpg 1953w\" sizes=\"auto, (max-width: 234px) 100vw, 234px\" \/><\/a><br \/>\n<strong>La crisis argentina : su salida en algunos estamentos sociales sobre sociolog\u00eda y criminolog\u00eda<\/strong><br \/>\n<a href=\"http:\/\/odo.biblio.unc.edu.ar\/cgi-bin\/koha\/opac-detail.pl?biblionumber=4037&amp;query_desc=au%3A%22Ceppi%2C%20H%C3%A9ctor%20Jos%C3%A9%22\">Acceso al Cat\u00e1logo<\/a><\/p>\n<p><img decoding=\"async\" src=\"https:\/\/blogs.unc.edu.ar\/bcafo\/files\/Sin-t%C3%ADtulo-1.png\" alt=\"\" \/><\/p>\n<p><strong>Agradecemos al Dr. Antonio Blanco por la donaci\u00f3n de su obra.<\/strong> <\/p>\n<p><a href=\"https:\/\/blogs.unc.edu.ar\/bcafo\/files\/525952g0.jpg\" rel=\"attachment wp-att-959\"><img loading=\"lazy\" decoding=\"async\" src=\"https:\/\/blogs.unc.edu.ar\/bcafo\/files\/525952g0-209x300.jpg\" alt=\"525952g0\" width=\"209\" height=\"300\" class=\"aligncenter size-medium wp-image-959\" srcset=\"https:\/\/blogs.unc.edu.ar\/bcafo\/files\/525952g0-209x300.jpg 209w, https:\/\/blogs.unc.edu.ar\/bcafo\/files\/525952g0.jpg 348w\" sizes=\"auto, (max-width: 209px) 100vw, 209px\" \/><\/a><br \/>\n<strong>Qu\u00edmica Biol\u00f3gica<\/strong><br \/>\n<a href=\"http:\/\/odo.biblio.unc.edu.ar\/cgi-bin\/koha\/opac-detail.pl?biblionumber=2524&amp;query_desc=kw%2Cwrdl%3A%20antonio%20blanco\">Acceso al Cat\u00e1logo<\/a><\/p>\n","protected":false},"excerpt":{"rendered":"<p>Secci\u00f3n creada para agradecer especialmente a los autores que desinteresadamente donaron sus obras para enriquecer nuestra colecci\u00f3n. Agradecemos a la Dra. Mar\u00eda Elena Samar por la generosa donaci\u00f3n de la \u00faltima edici\u00f3n de su libro Histolog\u00eda Humana. Esta versi\u00f3n esta &hellip; <a href=\"https:\/\/blogs.unc.edu.ar\/bcafo\/donaciones-de-autores\/\">Sigue leyendo <span class=\"meta-nav\">&rarr;<\/span><\/a><\/p>\n","protected":false},"author":18,"featured_media":0,"parent":0,"menu_order":0,"comment_status":"closed","ping_status":"closed","template":"","meta":{"footnotes":""},"class_list":["post-918","page","type-page","status-publish","hentry"],"_links":{"self":[{"href":"https:\/\/blogs.unc.edu.ar\/bcafo\/wp-json\/wp\/v2\/pages\/918","targetHints":{"allow":["GET"]}}],"collection":[{"href":"https:\/\/blogs.unc.edu.ar\/bcafo\/wp-json\/wp\/v2\/pages"}],"about":[{"href":"https:\/\/blogs.unc.edu.ar\/bcafo\/wp-json\/wp\/v2\/types\/page"}],"author":[{"embeddable":true,"href":"https:\/\/blogs.unc.edu.ar\/bcafo\/wp-json\/wp\/v2\/users\/18"}],"replies":[{"embeddable":true,"href":"https:\/\/blogs.unc.edu.ar\/bcafo\/wp-json\/wp\/v2\/comments?post=918"}],"version-history":[{"count":7,"href":"https:\/\/blogs.unc.edu.ar\/bcafo\/wp-json\/wp\/v2\/pages\/918\/revisions"}],"predecessor-version":[{"id":1023,"href":"https:\/\/blogs.unc.edu.ar\/bcafo\/wp-json\/wp\/v2\/pages\/918\/revisions\/1023"}],"wp:attachment":[{"href":"https:\/\/blogs.unc.edu.ar\/bcafo\/wp-json\/wp\/v2\/media?parent=918"}],"curies":[{"name":"wp","href":"https:\/\/api.w.org\/{rel}","templated":true}]}}