{"id":913,"date":"2016-03-02T16:29:12","date_gmt":"2016-03-02T16:29:12","guid":{"rendered":"https:\/\/blogs.unc.edu.ar\/bcafo\/?page_id=913"},"modified":"2017-06-19T14:49:24","modified_gmt":"2017-06-19T14:49:24","slug":"tesis-doctorales","status":"publish","type":"page","link":"https:\/\/blogs.unc.edu.ar\/bcafo\/tesis-doctorales\/","title":{"rendered":"Tesis Doctorales"},"content":{"rendered":"<h2 style=\"text-align: justify\"><\/h2>\n<h2 style=\"text-align: justify\"><strong>Peri\u00f3dicamente iremos actualizando el listado de Tesis Doctorales que ingresen al Catalogo de la Biblioteca de la Facultad de Odontolog\u00eda.<\/strong><\/h2>\n<h2 style=\"text-align: justify\"><strong>Cada tesis tiene incorporado el enlace al Cat\u00e1logo y de disponerlo, el acceso al texto completo desde el Repositorio Institucional Universitario<\/strong>.<\/h2>\n<h1 style=\"text-align: center\"><\/h1>\n<h1 style=\"text-align: center\"><span style=\"font-size: 20px\"><strong>2017<\/strong><\/span><\/h1>\n<h1 class=\"title\"><\/h1>\n<hr \/>\n<p><strong>Resistencia y modo de fractura de primeros premolares superiores tratados endod\u00f3nticamente con remanente coronario de tres paredes utilizando distintas alternativas de restauraci\u00f3n<\/strong>, 2017. Autor: Ariel Eduardo Vidal. Director: Elba G Priotto<\/p>\n<h3 style=\"text-align: center\"><a href=\"http:\/\/odo.biblio.unc.edu.ar\/cgi-bin\/koha\/opac-detail.pl?biblionumber=4359\">Acceso al Cat\u00e1logo<\/a>\u2502<a href=\"https:\/\/rdu.unc.edu.ar\/handle\/11086\/4788\">Texto Completo<\/a><\/h3>\n<hr \/>\n<p><strong>Estudio comparativo de las propiedades f\u00edsico-mec\u00e1nicas de resinas acr\u00edlicas sometidas a diferentes m\u00e9todos de curado y pulido<\/strong>, 2017. Autor: Claudio Mario Gotusso. Director: Guillermo De Leonardi<\/p>\n<h3 style=\"text-align: center\"><a href=\"http:\/\/odo.biblio.unc.edu.ar\/cgi-bin\/koha\/opac-detail.pl?biblionumber=4360\">Acceso al Cat\u00e1logo<\/a>\u2502Texto Completo<\/h3>\n<hr \/>\n<p><strong>Estudio comparativo entre la incisi\u00f3n de Winter y una nueva variante desplazada hacia lingual para la extracci\u00f3n de 3\u00ba molares inferiores retenidos; evaluaci\u00f3n estad\u00edstica de beneficios cl\u00ednicos<\/strong>, 2017. Autor: Andr\u00e9s Alejandro Cima. Director: Carlos Alberto Bornancini.<\/p>\n<h3 style=\"text-align: center\"><a href=\"https:\/\/rdu.unc.edu.ar\/handle\/11086\/4784\">Acceso al Cat\u00e1logo<\/a>\u2502<a href=\"http:\/\/odo.biblio.unc.edu.ar\/cgi-bin\/koha\/opac-detail.pl?biblionumber=4357\">Texto Completo<\/a><\/h3>\n<hr \/>\n<p><strong>Aplicaci\u00f3n de un gel de digluconato de clorhexidina al 0,12% para la prevenci\u00f3n de alveolitis post-extracci\u00f3n de terceros molares inferiores retenidos<\/strong>, 2017. Autor: Viviana Alcazar. Director: Jorge Marcelo Gilligan<\/p>\n<h3 style=\"text-align: center\"><a href=\"http:\/\/odo.biblio.unc.edu.ar\/cgi-bin\/koha\/opac-detail.pl?biblionumber=4358\">Acceso al Cat\u00e1logo<\/a>\u2502<a href=\"https:\/\/rdu.unc.edu.ar\/handle\/11086\/4725\">Texto Completo<\/a><\/h3>\n<hr \/>\n<p><strong>Interfaces de adhesi\u00f3n a dentina de cementos de ion\u00f3meros de vidrio convencionales, de alta viscosidad y modificados con resinas, composici\u00f3n qu\u00edmica, acci\u00f3n del \u00e1cido fosf\u00f3rico y t\u00e9cnica laminar<\/strong>, 2017. Autor: Leonardo Jorge Uribe Echevarr\u00eda. Director: Jorge Uribe Echevarr\u00eda<\/p>\n<h3 style=\"text-align: center\"><a href=\"http:\/\/odo.biblio.unc.edu.ar\/cgi-bin\/koha\/opac-detail.pl?biblionumber=4356\">Acceso al Cat\u00e1logo<\/a>\u2502<a href=\"https:\/\/rdu.unc.edu.ar\/handle\/11086\/4785\">Texto Completo<\/a><\/h3>\n<hr \/>\n<p><strong>An\u00e1lisis de la adhesi\u00f3n a esmalte de brackets met\u00e1licos cementados con resina de fotocurado, utilizando diferentes t\u00e9cnicas de acondicionamiento e imprimaci\u00f3n<\/strong>, 2017. Autor: Mar\u00eda Jos\u00e9 Spaccesi. Director: Elba Gladis Priotto.<\/p>\n<h3 style=\"text-align: center\"><a href=\"http:\/\/odo.biblio.unc.edu.ar\/cgi-bin\/koha\/opac-detail.pl?biblionumber=4355\">Acceso al Cat\u00e1logo<\/a>\u2502<a href=\"https:\/\/rdu.unc.edu.ar\/handle\/11086\/4785\">Texto Completo<\/a><\/h3>\n<h1 style=\"text-align: center\"><span style=\"font-size: 20px\"><strong>2016<\/strong><\/span><\/h1>\n<hr \/>\n<p><strong>Medios cementantes de autograbado: estudio in vitro de la resistencia adhesiva, espesor de pel\u00edcula y capacidad de sellado<\/strong>, 2016. Autor: Julio Sebasti\u00e1n Ch\u00e1vez Lozada. Director: Mar\u00eda del Carmen Urqu\u00eda Morales<\/p>\n<h3 style=\"text-align: center\"><a href=\"http:\/\/odo.biblio.unc.edu.ar\/cgi-bin\/koha\/opac-detail.pl?biblionumber=4311\">Acceso al Cat\u00e1logo<\/a>\u2502<a href=\"https:\/\/rdu.unc.edu.ar\/handle\/11086\/4691\">Texto Completo<\/a><\/h3>\n<hr \/>\n<p><strong>Los cementos de ion\u00f3mero v\u00edtreo de alta viscosidad para el \u00e9xito del tratamiento restaurador atraum\u00e1tico<\/strong>, 2016. Autor: Laura C. Brain Lascano. Director: Gustavo F. Molina<\/p>\n<h3 style=\"text-align: center\"><a href=\"http:\/\/odo.biblio.unc.edu.ar\/cgi-bin\/koha\/opac-detail.pl?biblionumber=4313\">Acceso al Cat\u00e1logo<\/a>\u2502Texto Completo<\/h3>\n<hr \/>\n<p><strong>Influencia de la edad sobre la configuraci\u00f3n anat\u00f3mica de los conductos radiculares en premolares superiores y sus posibilidades de conformaci\u00f3n<\/strong>, 2016. Autor: Carola Zampa. Director: Omar Gani<\/p>\n<h3 style=\"text-align: center\"><a href=\"http:\/\/odo.biblio.unc.edu.ar\/cgi-bin\/koha\/opac-detail.pl?biblionumber=4309\">Acceso al Cat\u00e1logo<\/a>\u2502Texto Completo<\/h3>\n<hr \/>\n<p><strong>Evaluaci\u00f3n in vitro de la resistencia a la tracci\u00f3n y filtraci\u00f3n marginal de coronas provisorias, fijadas con diferentes agentes cementantes,<\/strong> 2016. Autor: Gustavo Adolfo Orme\u00f1o. Director: Claudio Arturo Iba\u00f1ez<\/p>\n<h3 style=\"text-align: center\"><a href=\"http:\/\/odo.biblio.unc.edu.ar\/cgi-bin\/koha\/opac-detail.pl?biblionumber=4310\">Acceso al Cat\u00e1logo<\/a>\u2502<a href=\"https:\/\/rdu.unc.edu.ar\/handle\/11086\/4660\">Texto Completo<\/a><\/h3>\n<hr \/>\n<p><strong>Estudio del virus de papiloma humano en pacientes con c\u00e1ncer bucal. Relaci\u00f3n con factores de riesgo,<\/strong> 2016. Autor: Mar\u00eda In\u00e9s Criscuolo. Director: Silvia L\u00f3pez de Blanc<\/p>\n<h3 style=\"text-align: center\"><a href=\"http:\/\/odo.biblio.unc.edu.ar\/cgi-bin\/koha\/opac-detail.pl?biblionumber=4224\">Acceso al Cat\u00e1logo<\/a> \u2502 <a href=\"https:\/\/rdu.unc.edu.ar\/handle\/11086\/4665\">Texto Completo<\/a><\/h3>\n<hr \/>\n<p><strong>Marcadores de malignidad relacionados con el consumo de tabaco, alcohol y mate, 2016<\/strong>. Autor: Ricardo Crhristian Caciva. Director: Silvia L\u00f3pez de Blanc<\/p>\n<h3 style=\"text-align: center\"><a href=\"http:\/\/odo.biblio.unc.edu.ar\/cgi-bin\/koha\/opac-detail.pl?biblionumber=4223\">Acceso al Cat\u00e1logo<\/a>\u2502<a href=\"https:\/\/rdu.unc.edu.ar\/handle\/11086\/4673\">Texto Completo<\/a><\/h3>\n<hr \/>\n<p style=\"text-align: left\"><strong>Efecto de agentes qu\u00edmicos bactericidas y bacteriost\u00e1ticos sobre dentina cariada y su acci\u00f3n sobre la capa de uni\u00f3n resina-dentina,<\/strong> 2016. Autor: Luis Mario Hernando. Director: Jorge Uribe Echevarr\u00eda<\/p>\n<h3 style=\"text-align: center\"><a href=\"https:\/\/odo.biblioadmin.unc.edu.ar\/cgi-bin\/koha\/catalogue\/detail.pl?biblionumber=4221\">Acceso al Cat\u00e1logo<\/a>\u2502<a href=\"https:\/\/rdu.unc.edu.ar\/handle\/11086\/4149\">Texto Completo<\/a><\/h3>\n<hr \/>\n<p><strong>Dise\u00f1o de un modelo experimental para medici\u00f3n \u201cin vivo\u201d, en radiograf\u00edas convencionales con digitalizaciones indirectas de coronas de primeros molares inferiores permanentes,<\/strong> 2016. Autor: Juan Germ\u00e1n Flesia. Director: Ana Georgina Flesia.<\/p>\n<h3 style=\"text-align: center\"><a href=\"http:\/\/odo.biblio.unc.edu.ar\/cgi-bin\/koha\/opac-detail.pl?biblionumber=4222\">Acceso al Cat\u00e1logo<\/a>\u2502<a href=\"https:\/\/rdu.unc.edu.ar\/handle\/11086\/4150\">Texto Completo<\/a><\/h3>\n<hr \/>\n<p class=\"title\"><strong>Determinaci\u00f3n de la distribuci\u00f3n de tensiones en diferentes arcos de ortodoncia<\/strong>, 2016. Autor: Farah, Mart\u00edn Ariel. Director: Cabral, Ricardo.<\/p>\n<h3 align=\"center\"><a href=\"http:\/\/odo.biblio.unc.edu.ar\/cgi-bin\/koha\/opac-detail.pl?biblionumber=4188\">Acceso al Cat\u00e1logo<\/a> \u2502 <a href=\"https:\/\/rdu.unc.edu.ar\/handle\/11086\/3750\">Texto Completo<\/a><\/h3>\n<hr \/>\n<p class=\"title\"><strong>Efectos de las fuerzas ortod\u00f3ncicas, producidas por brackets autoligantes activos y pasivos, sobre el cemento radicular<\/strong>, 2016. Autor: <span class=\"title_resp_stmt\">Pavani Carillo, Jorge Jos\u00e9. Director: Alfredo A. Bass Pluer<\/span><\/p>\n<p class=\"title\" style=\"text-align: center\"><a href=\"https:\/\/odo.biblioadmin.unc.edu.ar\/cgi-bin\/koha\/catalogue\/detail.pl?biblionumber=4096\">Acceso al Cat\u00e1logo<\/a> \u2502 <a href=\"https:\/\/rdu.unc.edu.ar\/handle\/11086\/2690\">Texto Completo<\/a><\/p>\n<h1 style=\"text-align: center\"><\/h1>\n<h1 style=\"text-align: center\"><span style=\"font-size: 20px\"><strong>2015<\/strong><\/span><\/h1>\n<p class=\"title\"><strong>Carciroma de c\u00e9lulas escamosas bucal y su relaci\u00f3n con el consumo de carnes rojas y otros factores de riesgo<\/strong>, 2015. Autor: <span class=\"title_resp_stmt\">Dante Gustavo Secchi. Director: H\u00e9ctor Lanfranchi<\/span><\/p>\n<h3 align=\"center\"><a href=\"https:\/\/odo.biblioadmin.unc.edu.ar\/cgi-bin\/koha\/catalogue\/detail.pl?biblionumber=3985&amp;searchid=\">Acceso al CAt\u00c1logo<\/a> \u2502 <a href=\"https:\/\/rdu.unc.edu.ar\/handle\/11086\/2683\">Texto Completo<\/a><\/h3>\n<hr \/>\n<p class=\"title\"><strong>Valoraci\u00f3n de factores socioculturales y de comportamiento en la construcci\u00f3n de modelos de riesgo de caries en la infancia temprana<\/strong>, 2015. Autor: <span class=\"title_resp_stmt\">Claudia Fierro Monti. Director: Mabel Brunotto<\/span><\/p>\n<h3 align=\"center\"><a href=\"https:\/\/odo.biblioadmin.unc.edu.ar\/cgi-bin\/koha\/catalogue\/detail.pl?biblionumber=3989&amp;searchid=\">Acceso al CAt\u00c1logo<\/a> \u2502 <a href=\"https:\/\/rdu.unc.edu.ar\/handle\/11086\/2684\">Texto Completo<\/a><\/h3>\n<hr \/>\n<p class=\"title\"><strong>Caracterizaci\u00f3n de las propiedades f\u00edsicas y qu\u00edmicas del esmalte dental en el proceso de remineralizaci\u00f3n in vitro de la lesi\u00f3n incipiente de caries<\/strong>, 2015. Autor: <span class=\"title_resp_stmt\">Betina R. Tolcachir. Director: Raquel Vivian Gallar\u00e1<\/span><\/p>\n<h3 align=\"center\"><a href=\"https:\/\/odo.biblioadmin.unc.edu.ar\/cgi-bin\/koha\/catalogue\/detail.pl?biblionumber=3987\">Acceso al CAt\u00c1logo<\/a> \u2502 Texto Completo<\/h3>\n<p>&nbsp;<\/p>\n<p class=\"title\"><strong>Efecto del pH de los sistemas adhesivos autoacondicionantes sobre las caracter\u00edsticas adhesivas de resinas compuestas,<\/strong> 2015. Autor: <span class=\"title_resp_stmt\">Teresa Az\u00f3car Cabello. Director: Rodrigo A. Giacaman Sarah<\/span><\/p>\n<h3 align=\"center\"><a href=\"https:\/\/odo.biblioadmin.unc.edu.ar\/cgi-bin\/koha\/catalogue\/detail.pl?biblionumber=3984&amp;searchid=\">Acceso al CAt\u00c1logo<\/a> \u2502 <a href=\"https:\/\/rdu.unc.edu.ar\/handle\/11086\/2610\">Texto Completo<\/a><\/h3>\n<hr \/>\n<p class=\"title\"><strong>Evaluaci\u00f3n de factores asociados a lesiones del tercio cervical de los elementos dentarios y su relaci\u00f3n con el periodonto<\/strong>, 2015. Autor: <span class=\"title_resp_stmt\">Federico Jos\u00e9 Busleim\u00e1n. Director: Mirta M\u00f3nica Spadiliero de Lutri.<br \/>\n<\/span><\/p>\n<h3 align=\"center\"><a href=\"https:\/\/odo.biblioadmin.unc.edu.ar\/cgi-bin\/koha\/catalogue\/detail.pl?biblionumber=3985&amp;searchid=\">Acceso al Cat\u00c1logo<\/a> \u2502 <a href=\"https:\/\/rdu.unc.edu.ar\/handle\/11086\/2601\">Texto Completo<\/a><\/h3>\n<h1 class=\"title\"><\/h1>\n<hr \/>\n<p class=\"title\"><strong>Estudio comparativo de la distribuci\u00f3n de vectores de fuerza en diferentes sistemas de conexi\u00f3n a implantes dentales<\/strong>, 2015. Autor: <span class=\"title_resp_stmt\">Miguel Alfredo Farah. Director: Ricardo Cabral<\/span><\/p>\n<h3 align=\"center\"><a href=\"https:\/\/odo.biblioadmin.unc.edu.ar\/cgi-bin\/koha\/catalogue\/detail.pl?biblionumber=3895&amp;searchid=\">Acceso al Cat\u00c1logo<\/a> \u2502 <a href=\"https:\/\/rdu.unc.edu.ar\/handle\/11086\/2288\">Texto Completo<\/a><\/h3>\n<hr \/>\n<p style=\"text-align: justify\"><strong>C\u00e1ncer bucal: dise\u00f1o y evaluaci\u00f3n de un \u00edndice de riesgo multifactorial<\/strong>, 2015. Autor: Eduardo David Piemonte. Director: H\u00e9ctor Eduardo Lanfranchi Tizeira<\/p>\n<h3 align=\"center\"><a href=\"http:\/\/odo.biblio.unc.edu.ar\/cgi-bin\/koha\/opac-detail.pl?biblionumber=3719&amp;query_desc=\">Acceso al CAt\u00c1logo<\/a> \u2502 <a href=\"https:\/\/rdu.unc.edu.ar\/handle\/11086\/1757\">Texto Completo<\/a><\/h3>\n<hr \/>\n<p style=\"text-align: justify\"><strong>Evaluaci\u00f3n del estado dentario y gingival de estudiantes de la Universidad Nacional de C\u00f3rdoba y su correlaci\u00f3n con el grado de conocimiento en salud bucal<\/strong>, 2015. Autor: Ver\u00f3nica In\u00e9s Huespe Rico. Director: Mar\u00eda Elena Samar<\/p>\n<h3 align=\"center\"><a href=\"http:\/\/odo.biblio.unc.edu.ar\/cgi-bin\/koha\/opac-detail.pl?biblionumber=3720&amp;query_desc=http:\/\/odo.biblio.unc.edu.ar\/cgi-bin\/koha\/opac-detail.pl?biblionumber=3720&amp;query_desc=\">Acceso al CAt\u00c1logo<\/a> \u2502 <a href=\"https:\/\/rdu.unc.edu.ar\/handle\/11086\/1775\">Texto Completo<\/a><\/h3>\n<hr \/>\n<p style=\"text-align: justify\"><strong>Comportamiento de brackets met\u00e1licos y cer\u00e1micos cementados con agentes cementantes ionom\u00e9ricos y polim\u00e9ricos cuando son sometidos a fuerzas ocluso-apicales, mesio-distales y vest\u00edbulo-vestibulares, 2015. <\/strong>Autor: Leonel Erico Angaramo. Director: Mirta M\u00f3nica Spadilero de Lutri.<\/p>\n<h3 align=\"center\"><a href=\"http:\/\/odo.biblio.unc.edu.ar\/cgi-bin\/koha\/opac-detail.pl?biblionumber=3765&amp;query_desc=\">Acceso al CAt\u00c1logo<\/a> \u2502 <a href=\"https:\/\/rdu.unc.edu.ar\/handle\/11086\/1914\">Texto Completo<\/a><\/h3>\n<hr \/>\n<p style=\"text-align: justify\"><strong>Evoluci\u00f3n de las patolog\u00edas dentarias en la poblaci\u00f3n adulta del Valle de Santa Mar\u00eda (Catamarca, Argetina), <\/strong>2015<strong>. <\/strong>Autor: Mar\u00eda Cecilia Berber\u00edan. Director: Mar\u00eda Elena Samara<\/p>\n<h3 align=\"center\"><a href=\"http:\/\/odo.biblio.unc.edu.ar\/cgi-bin\/koha\/opac-detail.pl?biblionumber=3766&amp;query_desc=\">Acceso al CAt\u00c1logo<\/a> \u2502 <a href=\"https:\/\/rdu.unc.edu.ar\/handle\/11086\/1915\">Texto Completo<\/a><\/h3>\n<hr \/>\n<p style=\"text-align: justify\"><strong>Correlaci\u00f3n entre comportamiento t\u00e9rmico y composici\u00f3n de sistemas adhesivos odontol\u00f3gicos a trav\u00e9s dek an\u00e1lisis termogravim\u00e9trico y espectroscop\u00eda infrarrojo<\/strong>, 2015. Autor: Lilian Nass Kunstmann ; Ricardo Juan Cabral<\/p>\n<h3 align=\"center\"><a href=\"http:\/\/odo.biblio.unc.edu.ar\/cgi-bin\/koha\/opac-detail.pl?biblionumber=3767&amp;query_desc=\">Acceso al CAt\u00c1logo<\/a> \u2502 <a href=\"https:\/\/rdu.unc.edu.ar\/handle\/11086\/1919\">Texto Completo<\/a><\/h3>\n<hr \/>\n<p style=\"text-align: justify\"><strong>Determinaci\u00f3n y localizaci\u00f3n del plano oclusal en la rehabilitaci\u00f3n de pacientes y adultos mayores usuarios de pr\u00f3tesis completas<\/strong>, 2015. Autror: M\u00f3nica Mabel Vera. Director: Jorge Julio Pescio<\/p>\n<h3 align=\"center\"><a href=\"http:\/\/odo.biblio.unc.edu.ar\/cgi-bin\/koha\/opac-detail.pl?biblionumber=3768&amp;query_desc=\">Acceso al CAt\u00c1logo<\/a> \u2502 <a href=\"https:\/\/rdu.unc.edu.ar\/handle\/11086\/2283\">Texto Completo<\/a><\/h3>\n<hr \/>\n<h1 align=\"center\"><\/h1>\n<h1 align=\"center\"><span style=\"font-size: 20px\"><strong>2014<\/strong><\/span><\/h1>\n<p style=\"text-align: justify\"><strong>Acci\u00f3n de la carga funcional para provocar fatiga en combinaciones Implante Abutment en restauraciones unitarias cementadas. Un estudio con el m\u00e9todo de elementos finitos<\/strong>, 2014. Autor: Gustavo C. Marion. Director: Guillermo E. De Leonardi.<\/p>\n<h3 align=\"center\"><a href=\"http:\/\/odo.biblio.unc.edu.ar\/cgi-bin\/koha\/opac-detail.pl?biblionumber=3569&amp;query_desc=\">Acceso al CAt\u00c1logo<\/a> \u2502 Texto Completo<\/h3>\n<hr \/>\n<p style=\"text-align: justify\"><strong>Influencia de est\u00edmulos prenatales adversos sobre eventos relacionados con el modelado \u00f3seo en rata: erupci\u00f3n dentaria y osificaci\u00f3n endocondral. Posible rol protector de melatonina<\/strong>, 2014 Autor: Pablo Alejandro Fontanetti. Director: Nelia T. Vermouth<\/p>\n<h3 align=\"center\"><a href=\"http:\/\/odo.biblio.unc.edu.ar\/cgi-bin\/koha\/opac-detail.pl?biblionumber=3570&amp;query_desc=\">Acceso al CAt\u00c1logo<\/a> \u2502 <a href=\"https:\/\/rdu.unc.edu.ar\/handle\/11086\/1614\">Texto Completo<\/a><\/h3>\n<hr \/>\n<p style=\"text-align: justify\"><strong>Efecto antimicrobiano de tres soluciones irrigantes sobre enterococcus faecalis alojados en el conducto radicular,<\/strong> 2014. Autor: Gabriela Mart\u00edn. Director: Mar\u00eda R. del Carmen Visvisi\u00e1n.<\/p>\n<h3 align=\"center\"><a href=\"http:\/\/odo.biblio.unc.edu.ar\/cgi-bin\/koha\/opac-detail.pl?biblionumber=3571&amp;query_desc=\">Acceso al CAt\u00c1logo<\/a> \u2502 Texto Completo<\/h3>\n<hr \/>\n<p style=\"text-align: justify\"><strong>Presencia, frecuencia y comportamiento de las burbujas en cementos utilizados en la fijaci\u00f3n de restauraciones prot\u00e9ticas<\/strong>, 2014. Director: Silvio Adri\u00e1n Quesada. Director: Omar Gani.<\/p>\n<h3 align=\"center\"><a href=\"http:\/\/odo.biblio.unc.edu.ar\/cgi-bin\/koha\/opac-detail.pl?biblionumber=3572&amp;query_desc=\">Acceso al CAt\u00c1logo<\/a> \u2502 <a href=\"https:\/\/rdu.unc.edu.ar\/handle\/11086\/1446\">Texto Completo<\/a><\/h3>\n<hr \/>\n<h1 align=\"center\"><\/h1>\n<p style=\"text-align: justify\"><strong>An\u00e1lisis morfom\u00e9trico in vivo de la c\u00e1mara pulpar de los primeros molares en funci\u00f3n de la ubicaci\u00f3n, el g\u00e9nero y la edad<\/strong>, 2014. Autor: Graciela R. Pe\u00f1a. Director: Liliana Menis de Mutal<\/p>\n<h3 align=\"center\"><a href=\"http:\/\/odo.biblio.unc.edu.ar\/cgi-bin\/koha\/opac-detail.pl?biblionumber=3618&amp;query_desc=\">Acceso al CAt\u00c1logo<\/a> \u2502 <a href=\"https:\/\/rdu.unc.edu.ar\/handle\/11086\/1602\">Texto Completo<\/a><\/h3>\n<hr \/>\n<p style=\"text-align: justify\"><strong>Estudio comparativo sobre el comportamiento y la distribuci\u00f3n de las tensiones en implantes dentales cortos e implantes dentales est\u00e1ndares en la regi\u00f3n posterior del maxilar superior. Un estudio en elementos finitos<\/strong>, 2014. Autor: Pablo Octavio Loyola Gonz\u00e1lez. Director: Daniel Torassa.<\/p>\n<h3 align=\"center\"><a href=\"http:\/\/odo.biblio.unc.edu.ar\/cgi-bin\/koha\/opac-detail.pl?biblionumber=3619&amp;query_desc=\">Acceso al CAt\u00c1logo<\/a> \u2502 <a href=\"https:\/\/rdu.unc.edu.ar\/handle\/11086\/2367\">Texto Completo<\/a><\/h3>\n<hr \/>\n<h1 align=\"center\"><\/h1>\n<p style=\"text-align: justify\"><strong>Evaluaci\u00f3n del tratamiento combinado de Alendronato y Monofluorofosfato de sodio en la remodelaci\u00f3n \u00f3sea en ratas<\/strong>, 2014. Autor: Guillermo Jos\u00e9 Arambur\u00fa. Director: Mar\u00eda Carolina Virga.<\/p>\n<h3 align=\"center\"><a href=\"http:\/\/odo.biblio.unc.edu.ar\/cgi-bin\/koha\/opac-detail.pl?biblionumber=3620&amp;query_desc=\">Acceso al CAt\u00c1logo<\/a> \u2502 <a href=\"https:\/\/rdu.unc.edu.ar\/handle\/11086\/1667\">Texto Completo<\/a><\/h3>\n<hr \/>\n<p style=\"text-align: justify\"><strong>Desarrollo de una nueva t\u00e9cnica para lograr movimiento ortod\u00f3ncico ante la presencia de senos maxilares neumatizados, <\/strong>2014. Autor: Mar\u00eda Carlota Gelos. Director: Miriam Gren\u00f3n<strong>. <\/strong><\/p>\n<h3 align=\"center\"><a href=\"http:\/\/odo.biblio.unc.edu.ar\/cgi-bin\/koha\/opac-detail.pl?biblionumber=3621&amp;query_desc=\">Acceso al CAt\u00c1logo<\/a> \u2502 <a href=\"https:\/\/rdu.unc.edu.ar\/handle\/11086\/1713\">Texto Completo<\/a><\/h3>\n<hr \/>\n<p style=\"text-align: justify\"><strong>Niveles de RANKL y OPG en fluido crevicular de pacientes mujeres con osteoporosis\/osteopenia post &#8211; menop\u00e1usica y enfermedad periodontal, <\/strong>2014<strong>. <\/strong>Autor: Mar\u00eda Eugenia Verde. Director: Miriam Gren\u00f3n.<\/p>\n<h3 align=\"center\"><a href=\"http:\/\/odo.biblio.unc.edu.ar\/cgi-bin\/koha\/opac-detail.pl?biblionumber=3718&amp;query_desc=\">Acceso al CAt\u00c1logo<\/a> \u2502 <a href=\"https:\/\/rdu.unc.edu.ar\/handle\/11086\/1717\">Texto Completo<\/a><\/h3>\n<hr \/>\n<h1 align=\"center\"><\/h1>\n<p style=\"text-align: justify\"><strong>Correlaci\u00f3n anatomopatol\u00f3gica entre la biopsia preoperatoria y la pieza quir\u00fargica de quistes dentigeros y queratoquistes odontogenicos<\/strong>, 2014. Autor: Gonzalo Mordcovich Maldonado. Director: Ricardo Oscar Bachur.<\/p>\n<h3 align=\"center\"><a href=\"http:\/\/odo.biblio.unc.edu.ar\/cgi-bin\/koha\/opac-detail.pl?biblionumber=3721&amp;query_desc=\">Acceso al CAt\u00c1logo<\/a> \u2502 <a href=\"https:\/\/rdu.unc.edu.ar\/handle\/11086\/1900\">Texto Completo<\/a><\/h3>\n<hr \/>\n<p style=\"text-align: justify\"><strong>Tratamiento ortod\u00f3ncico quir\u00fargico : VTO para la colocaci\u00f3n de implantes de ment\u00f3n seg\u00fan variables del tejido blando del \u00e1rea en pacientes de g\u00e9nero femenino<\/strong>, 2014. Autor: Regina Bass. Director: Alfredo Bass<\/p>\n<h3 align=\"center\"><a href=\"http:\/\/odo.biblio.unc.edu.ar\/cgi-bin\/koha\/opac-detail.pl?biblionumber=3722&amp;query_desc=\">Acceso al CAt\u00c1logo<\/a> \u2502 <a href=\"https:\/\/rdu.unc.edu.ar\/handle\/11086\/1982\">Texto Completo<\/a><\/h3>\n","protected":false},"excerpt":{"rendered":"<p>Peri\u00f3dicamente iremos actualizando el listado de Tesis Doctorales que ingresen al Catalogo de la Biblioteca de la Facultad de Odontolog\u00eda. Cada tesis tiene incorporado el enlace al Cat\u00e1logo y de disponerlo, el acceso al texto completo desde el Repositorio Institucional &hellip; <a href=\"https:\/\/blogs.unc.edu.ar\/bcafo\/tesis-doctorales\/\">Sigue leyendo <span class=\"meta-nav\">&rarr;<\/span><\/a><\/p>\n","protected":false},"author":18,"featured_media":0,"parent":0,"menu_order":0,"comment_status":"closed","ping_status":"closed","template":"","meta":{"footnotes":""},"class_list":["post-913","page","type-page","status-publish","hentry"],"_links":{"self":[{"href":"https:\/\/blogs.unc.edu.ar\/bcafo\/wp-json\/wp\/v2\/pages\/913","targetHints":{"allow":["GET"]}}],"collection":[{"href":"https:\/\/blogs.unc.edu.ar\/bcafo\/wp-json\/wp\/v2\/pages"}],"about":[{"href":"https:\/\/blogs.unc.edu.ar\/bcafo\/wp-json\/wp\/v2\/types\/page"}],"author":[{"embeddable":true,"href":"https:\/\/blogs.unc.edu.ar\/bcafo\/wp-json\/wp\/v2\/users\/18"}],"replies":[{"embeddable":true,"href":"https:\/\/blogs.unc.edu.ar\/bcafo\/wp-json\/wp\/v2\/comments?post=913"}],"version-history":[{"count":18,"href":"https:\/\/blogs.unc.edu.ar\/bcafo\/wp-json\/wp\/v2\/pages\/913\/revisions"}],"predecessor-version":[{"id":1132,"href":"https:\/\/blogs.unc.edu.ar\/bcafo\/wp-json\/wp\/v2\/pages\/913\/revisions\/1132"}],"wp:attachment":[{"href":"https:\/\/blogs.unc.edu.ar\/bcafo\/wp-json\/wp\/v2\/media?parent=913"}],"curies":[{"name":"wp","href":"https:\/\/api.w.org\/{rel}","templated":true}]}}